{"id":106,"date":"2023-02-01T06:30:33","date_gmt":"2023-02-01T05:30:33","guid":{"rendered":"https:\/\/sport.cloud4.sbg.meosis.fr\/eurostand-lorraine\/?page_id=106"},"modified":"2025-08-21T16:49:06","modified_gmt":"2025-08-21T14:49:06","slug":"inscription","status":"publish","type":"page","link":"https:\/\/sport.cloud4.sbg.meosis.fr\/refonte-eurostand-lorraine\/club\/inscription.html","title":{"rendered":"03 &#8211; Inscription au club"},"content":{"rendered":"\t\t<div data-elementor-type=\"wp-page\" data-elementor-id=\"106\" class=\"elementor elementor-106\" data-elementor-post-type=\"page\">\n\t\t\t\t\t\t<section class=\"elementor-section elementor-top-section elementor-element elementor-element-3af43c0 elementor-section-boxed elementor-section-height-default elementor-section-height-default\" data-id=\"3af43c0\" data-element_type=\"section\" data-e-type=\"section\">\n\t\t\t\t\t\t<div class=\"elementor-container elementor-column-gap-default\">\n\t\t\t\t\t<div class=\"elementor-column elementor-col-100 elementor-top-column elementor-element elementor-element-6b5a4bb9\" data-id=\"6b5a4bb9\" data-element_type=\"column\" data-e-type=\"column\">\n\t\t\t<div class=\"elementor-widget-wrap elementor-element-populated\">\n\t\t\t\t\t\t<div class=\"elementor-element elementor-element-d22cdac elementor-widget elementor-widget-text-editor\" data-id=\"d22cdac\" data-element_type=\"widget\" data-e-type=\"widget\" data-widget_type=\"text-editor.default\">\n\t\t\t\t<div class=\"elementor-widget-container\">\n\t\t\t\t\t\t\t\t\t<div id=\"PosCharte\"><div id=\"obj_67\"><div id=\"IziZoneEdit\" class=\"edition\"><p><span style=\"font-size: 24pt;color: #ff0000\">Attention<strong> : modification de la proc\u00e9dure d&rsquo;inscription et de renouvellement de licence :<\/strong><\/span><\/p><p><span style=\"font-size: 18pt;color: #0000ff\"><strong>Au 01\/09\/2025, vous devrez avoir enregistrer dans votre compte EDEN un certificat m\u00e9dical (voir formulaires ci-dessous) pour votre renouvellement de licence.<\/strong><\/span><\/p><p><span style=\"color: #ff0000\"><strong><span style=\"font-size: 24pt\">Aucune licence ne pourra \u00eatre d\u00e9livr\u00e9e sans ce certificat.<\/span><\/strong><\/span><\/p><p><!-- [if gte mso 9]&gt;--><\/p><p><!-- [if gte mso 9]&gt;--><\/p><p><b><span style=\"font-size: 18.0pt\">LICENCE FFTIR 2025\/2026<\/span><\/b><\/p><p class=\"MsoNormal\" style=\"line-height: normal\"><span style=\"font-size: 12.0pt\">Les licences pourront \u00eatre renouvel\u00e9es ou cr\u00e9es<br \/>par les associations \u00e0 partir du 1er septembre 2025 dans l\u2019intranet ITAC :<\/span><\/p><ul type=\"disc\"><li class=\"MsoNormal\" style=\"line-height: normal\"><span style=\"font-size: 12.0pt\">Une licence est valide \u00e0 partir du moment o\u00f9 elle a \u00e9t\u00e9 pay\u00e9e et<br \/>valid\u00e9e par l\u2019association dans l\u2019intranet ITAC. La licence est disponible<br \/>d\u00e8s lors sous 24 heures maximum sur le portail EDEN personnel de<br \/>l\u2019adh\u00e9rent ;<\/span><\/li><\/ul><ul type=\"disc\"><li class=\"MsoNormal\" style=\"line-height: normal\"><span style=\"font-size: 12.0pt;,serif;color: black\">En souscrivant une licence \u00e0 la FFTir, l\u2019adh\u00e9rent<br \/>b\u00e9n\u00e9ficiera de l\u2019assurance f\u00e9d\u00e9rale jusqu\u2019au 30 septembre 2026. Pour les<br \/>licenci\u00e9s en 2024\/2025, cette assurance fonctionne jusqu\u2019au 30 septembre<br \/>2025\u2013 <b>Cette assurance permet de couvrir les licenci\u00e9s pendant le<br \/>1er mois de la nouvelle saison et leur permettre le renouvellemen<\/b>t.<\/span><\/li><\/ul><ul type=\"disc\"><li class=\"MsoNormal\" style=\"line-height: normal\"><span style=\"font-size: 12.0pt;,serif;color: black\">Le certificat m\u00e9dical datant de moins de trois mois <u>au<br \/>moment du renouvellement ou de la cr\u00e9ation de la licence<\/u> est<br \/>obligatoire. Sans certificat m\u00e9dical valide, la licence ne peut \u00eatre<br \/>d\u00e9livr\u00e9e par l\u2019association.<\/span><\/li><\/ul><ul type=\"disc\"><li class=\"MsoNormal\" style=\"color: black;line-height: normal\"><span style=\"font-size: 12.0pt\">Si le certificat m\u00e9dical p\u00e9rime en cours de saison mais que la licence<br \/>a bien \u00e9t\u00e9 renouvel\u00e9e, celle-ci demeure valide jusqu\u2019au terme de la<br \/>saison. <\/span><\/li><li class=\"MsoNormal\" style=\"line-height: normal\"><span style=\"font-size: 12.0pt\">\u00c9galement, les tireurs devant concourir lors de championnats doivent<br \/>conform\u00e9ment au Code du sport avoir un certificat \u00e0 jour et valide.<\/span><\/li><\/ul><p class=\"MsoNormal\" style=\"line-height: normal\"><span style=\"font-size: 12.0pt\">Ces dispositions sont entr\u00e9es en vigueur d\u00e8s le<br \/>d\u00e9but de la saison 2022\/2023. Aucun changement notable n\u2019est pr\u00e9vu pour la<br \/>saison prochaine quant \u00e0 cette proc\u00e9dure.<\/span><\/p><p><a href=\"https:\/\/www.eurostand-lorraine.fr\/wp-content\/uploads\/sites\/7\/2025\/08\/inscriptions_tireurs_2025_2026_sans-signature.pdf\" target=\"_blank\" rel=\"noopener\"><span style=\"color: #800080\"><span style=\"font-size: 18pt\"><strong><span style=\"color: #800080\">Fiche d&rsquo;inscription\u00a0 2025-2026<\/span><\/strong><\/span><\/span><\/a><\/p><p><a href=\"https:\/\/www.eurostand-lorraine.fr\/wp-content\/uploads\/sites\/7\/2025\/06\/2025-2026_CERTIFICAT_MEDICAL.pdf\" target=\"_blank\" rel=\"noopener\"><span style=\"color: #800080\"><strong><span style=\"font-size: 18pt\"><span style=\"color: #993366\">Formulaire m\u00e9dical 2025-2026<\/span><\/span><\/strong><\/span><\/a><\/p><p><span style=\"font-size: 18pt;color: #800080\"><strong><a style=\"color: #800080\" title=\"\" href=\"https:\/\/www.eurostand-lorraine.fr\/wp-content\/uploads\/sites\/7\/2021\/07\/Autorisation_Parentale_FFTIR2.pdf\" target=\"_blank\" rel=\"noopener noreferrer\">Autorisation Parentale<\/a>\u00a0<\/strong><\/span><\/p><p><span style=\"color: #0000ff\"><strong><span style=\"font-size: medium\">Pour une inscription au club il vous faudra fournir les documents suivants :<\/span><\/strong><\/span><\/p><table style=\"width: 60.4267%\" border=\"1\" width=\"600\" cellspacing=\"0\" cellpadding=\"0\" align=\"center\"><tbody><tr><td style=\"width: 99.3399%\"><span style=\"font-size: 14pt\">Certificat m\u00e9dical de non contre-indication \u00e0 la pratique du tir (obtenu chez votre m\u00e9decin traitant)<br \/><span style=\"color: #ff0000\"><strong>ce\u00a0 document est\u00a0 OBLIGATOIRE (voir formulaire ci-dessus)<\/strong><\/span><\/span><\/td><td style=\"width: 36.1386%\">\u00a0<\/td><\/tr><tr><td style=\"width: 99.3399%\"><span style=\"font-size: 14pt\">Pour un mineur, une autorisation parentale des<span style=\"font-size: 18pt\"><strong> deux parents<\/strong> <\/span>est obligatoire<\/span><\/td><td style=\"width: 36.1386%\">\u00a0<\/td><\/tr><tr><td style=\"width: 99.3399%\"><span style=\"font-size: 14pt\">Pr\u00e9senter une pi\u00e8ce d&rsquo;identit\u00e9 en cours de validit\u00e9<\/span><\/td><td style=\"width: 36.1386%\">\u00a0<\/td><\/tr><tr><td style=\"width: 99.3399%\"><span style=\"font-size: 14pt\">Remplir le formulaire d&rsquo;inscription et le signer ce qui certifie que vous avez lu et approuv\u00e9 le r\u00e8glement int\u00e9rieur du club ( Indiquer votre adresse courriel qui est\u00a0 obligatoire pour faire le lien avec EDEN et votre compte SIA)<br \/><\/span><\/td><td style=\"width: 36.1386%\">\u00a0<\/td><\/tr><tr><td style=\"width: 99.3399%\"><span style=\"font-size: 14pt\">Vous acquittez du montant de la cotisation<\/span><\/td><td style=\"width: 36.1386%\">\u00a0<\/td><\/tr><\/tbody><\/table><p><span style=\"color: #0000ff;font-size: 12pt\">Une quittance vous sera remise ainsi que votre badge d&rsquo;acc\u00e8s \u00e9lectronique et votre licence appara\u00eetra sur votre compte EDEN que vous devrez cr\u00e9er.<\/span><\/p><p><span style=\"color: #800080;font-size: 14pt\">Tout nouveau licenci\u00e9 devra suivre une formation.<\/span><\/p><p><span style=\"color: #0000ff;font-size: 12pt\">Pour les renouvellements, le tireur, s&rsquo;il est inscrit dans le fichier FINIADA, ne pourra pas demander de licence, sa licence \u00e9tant \u00ab\u00a0blacklist\u00e9e\u00a0\u00bb<\/span><\/p><p><span style=\"color: #0000ff;font-size: small\"><br \/><span style=\"font-size: medium\">La licence de la saison en cours est accept\u00e9e\u00a0uniquement <strong>jusqu&rsquo;au 30 septembre<\/strong> de la saison suivante, prenez vos pr\u00e9cautions car vous ne serez plus en r\u00e8gle pour transporter et d\u00e9tenir vos armes au del\u00e0 de cette date.<\/span>\u00a0<\/span><\/p><div id=\"PosCharte\"><div id=\"obj_67\"><div id=\"IziZoneEdit\" class=\"edition\"><p align=\"center\"><span style=\"color: #0000ff;font-size: 18pt\"><strong>La Saison\u00a0est une ann\u00e9e sportive.<br \/>Elle va du 01 septembre 2025 au 31 ao\u00fbt 2026<\/strong><\/span><\/p><p><span style=\"color: #0000ff;font-size: medium\">\u00a0\u00a0\u00a0\u00a0<\/span><span style=\"color: #0000ff;font-family: Arial;font-size: medium\">&#8211; Mise en place d&rsquo;un droit d&rsquo;entr\u00e9e depuis le 15 septembre 2016 pour tout nouveau licenci\u00e9 majeur qui acc\u00e8de \u00e0 l&rsquo;EUROSTAND. Il en est de m\u00eame pour les Badges d&rsquo;acc\u00e8s pour toute personne ne pouvant justifier d&rsquo;une carte d&rsquo;acc\u00e8s la saison pr\u00e9c\u00e9dente.<br \/>Le montant du droit d&rsquo;entr\u00e9e est port\u00e9 \u00e0 <span style=\"color: #ff0000;font-size: large\">150.00 \u20ac<\/span> par famille \u00e0 une adresse donn\u00e9e suite \u00e0 la r\u00e9union de Comit\u00e9 du 06\/09\/2017\u00a0<\/span><\/p><p><span style=\"color: #0000ff;font-family: Arial;font-size: medium\">Ce droit d&rsquo;entr\u00e9e est une petite participation aux frais des installations, pay\u00e9s par les tireurs d\u00e9j\u00e0 inscrits.<\/span><\/p><p>**********************************************<\/p><p><span style=\"font-size: 18pt\"><strong>Mode de r\u00e8glement : monnaie, ch\u00e8que et\u00a0 carte bancaire, ( carte bancaire \u00e0 partir du 01\/09\/2025 seulement).<\/strong><\/span><\/p><p><span style=\"font-size: 24pt;font-family: arial, helvetica, sans-serif\"><strong>Nous ne pouvons plus accepter de virement.<\/strong><\/span><\/p><p><span style=\"font-family: arial, helvetica, sans-serif;font-size: 18pt\"><strong><span style=\"color: #800080\">ATTENTION : Si vous avez d\u00e9j\u00e0 cr\u00e9\u00e9 votre compte SIA, il faut enregistrer dans votre compte SIA votre licence 2025-2026 ainsi que votre certificat m\u00e9dical correspondant.<\/span><\/strong><\/span><\/p><\/div><\/div><\/div><\/div><\/div><\/div>\t\t\t\t\t\t\t\t<\/div>\n\t\t\t\t<\/div>\n\t\t\t\t\t<\/div>\n\t\t<\/div>\n\t\t\t\t\t<\/div>\n\t\t<\/section>\n\t\t\t\t<\/div>\n\t\t","protected":false},"excerpt":{"rendered":"<p>Attention : modification de la proc\u00e9dure d&rsquo;inscription et de renouvellement de licence : Au 01\/09\/2025, vous devrez avoir enregistrer dans votre compte EDEN un certificat m\u00e9dical (voir formulaires ci-dessous) pour votre renouvellement de licence. Aucune licence ne pourra \u00eatre d\u00e9livr\u00e9e sans ce certificat. LICENCE FFTIR 2025\/2026 Les licences pourront \u00eatre renouvel\u00e9es ou cr\u00e9espar les associations [&hellip;]<\/p>\n","protected":false},"author":1,"featured_media":0,"parent":158,"menu_order":0,"comment_status":"closed","ping_status":"closed","template":"","meta":{"_acf_changed":false,"_yoast_wpseo_title":"","_yoast_wpseo_metadesc":"","footnotes":""},"class_list":["post-106","page","type-page","status-publish","hentry"],"acf":[],"yoast_head":"<!-- This site is optimized with the Yoast SEO plugin v27.3 - https:\/\/yoast.com\/product\/yoast-seo-wordpress\/ -->\n<title>03 - Inscription au club \u203a Club de Tir Eurostand<\/title>\n<meta name=\"description\" content=\"Attention : modification de la proc\u00e9dure d&#039;inscription et de renouvellement de licence :Au 01\/09\/2025, vous devrez avoir enregistrer dans votre compte\" \/>\n<meta name=\"robots\" content=\"noindex, nofollow\" \/>\n<meta property=\"og:locale\" content=\"fr_FR\" \/>\n<meta property=\"og:type\" content=\"article\" \/>\n<meta property=\"og:title\" content=\"03 - Inscription au club \u203a Club de Tir Eurostand\" \/>\n<meta property=\"og:description\" content=\"Attention : modification de la proc\u00e9dure d&#039;inscription et de renouvellement de licence :Au 01\/09\/2025, vous devrez avoir enregistrer dans votre compte\" \/>\n<meta property=\"og:url\" content=\"https:\/\/sport.cloud4.sbg.meosis.fr\/refonte-eurostand-lorraine\/club\/inscription.html\" \/>\n<meta property=\"og:site_name\" content=\"Club de tir Eurostand\" \/>\n<meta property=\"article:modified_time\" content=\"2025-08-21T14:49:06+00:00\" \/>\n<meta name=\"twitter:card\" content=\"summary_large_image\" \/>\n<meta name=\"twitter:label1\" content=\"Dur\u00e9e de lecture estim\u00e9e\" \/>\n\t<meta name=\"twitter:data1\" content=\"4 minutes\" \/>\n<script type=\"application\/ld+json\" class=\"yoast-schema-graph\">{\"@context\":\"https:\\\/\\\/schema.org\",\"@graph\":[{\"@type\":\"WebPage\",\"@id\":\"https:\\\/\\\/sport.cloud4.sbg.meosis.fr\\\/refonte-eurostand-lorraine\\\/club\\\/inscription.html\",\"url\":\"https:\\\/\\\/sport.cloud4.sbg.meosis.fr\\\/refonte-eurostand-lorraine\\\/club\\\/inscription.html\",\"name\":\"03 - Inscription au club \u203a Club de Tir Eurostand\",\"isPartOf\":{\"@id\":\"https:\\\/\\\/sport.cloud4.sbg.meosis.fr\\\/refonte-eurostand-lorraine\\\/#website\"},\"datePublished\":\"2023-02-01T05:30:33+00:00\",\"dateModified\":\"2025-08-21T14:49:06+00:00\",\"description\":\"Attention : modification de la proc\u00e9dure d'inscription et de renouvellement de licence :Au 01\\\/09\\\/2025, vous devrez avoir enregistrer dans votre compte\",\"breadcrumb\":{\"@id\":\"https:\\\/\\\/sport.cloud4.sbg.meosis.fr\\\/refonte-eurostand-lorraine\\\/club\\\/inscription.html#breadcrumb\"},\"inLanguage\":\"fr-FR\",\"potentialAction\":[{\"@type\":\"ReadAction\",\"target\":[\"https:\\\/\\\/sport.cloud4.sbg.meosis.fr\\\/refonte-eurostand-lorraine\\\/club\\\/inscription.html\"]}]},{\"@type\":\"BreadcrumbList\",\"@id\":\"https:\\\/\\\/sport.cloud4.sbg.meosis.fr\\\/refonte-eurostand-lorraine\\\/club\\\/inscription.html#breadcrumb\",\"itemListElement\":[{\"@type\":\"ListItem\",\"position\":1,\"name\":\"Club de Tir Eurostand\",\"item\":\"https:\\\/\\\/sport.cloud4.sbg.meosis.fr\\\/refonte-eurostand-lorraine\\\/\"},{\"@type\":\"ListItem\",\"position\":2,\"name\":\"Club\",\"item\":\"https:\\\/\\\/sport.cloud4.sbg.meosis.fr\\\/refonte-eurostand-lorraine\\\/club.html\"},{\"@type\":\"ListItem\",\"position\":3,\"name\":\"03 &#8211; Inscription au club\"}]},{\"@type\":\"WebSite\",\"@id\":\"https:\\\/\\\/sport.cloud4.sbg.meosis.fr\\\/refonte-eurostand-lorraine\\\/#website\",\"url\":\"https:\\\/\\\/sport.cloud4.sbg.meosis.fr\\\/refonte-eurostand-lorraine\\\/\",\"name\":\"Club de tir Eurostand\",\"description\":\"Club de tir Eurostand : club de tir en Moselle\",\"publisher\":{\"@id\":\"https:\\\/\\\/sport.cloud4.sbg.meosis.fr\\\/refonte-eurostand-lorraine\\\/#organization\"},\"potentialAction\":[{\"@type\":\"SearchAction\",\"target\":{\"@type\":\"EntryPoint\",\"urlTemplate\":\"https:\\\/\\\/sport.cloud4.sbg.meosis.fr\\\/refonte-eurostand-lorraine\\\/?s={search_term_string}\"},\"query-input\":{\"@type\":\"PropertyValueSpecification\",\"valueRequired\":true,\"valueName\":\"search_term_string\"}}],\"inLanguage\":\"fr-FR\"},{\"@type\":\"Organization\",\"@id\":\"https:\\\/\\\/sport.cloud4.sbg.meosis.fr\\\/refonte-eurostand-lorraine\\\/#organization\",\"name\":\"Club de tir Eurostand\",\"url\":\"https:\\\/\\\/sport.cloud4.sbg.meosis.fr\\\/refonte-eurostand-lorraine\\\/\",\"logo\":{\"@type\":\"ImageObject\",\"inLanguage\":\"fr-FR\",\"@id\":\"https:\\\/\\\/sport.cloud4.sbg.meosis.fr\\\/refonte-eurostand-lorraine\\\/#\\\/schema\\\/logo\\\/image\\\/\",\"url\":\"https:\\\/\\\/sport.cloud4.sbg.meosis.fr\\\/refonte-eurostand-lorraine\\\/wp-content\\\/uploads\\\/sites\\\/7\\\/2022\\\/12\\\/Logo.png\",\"contentUrl\":\"https:\\\/\\\/sport.cloud4.sbg.meosis.fr\\\/refonte-eurostand-lorraine\\\/wp-content\\\/uploads\\\/sites\\\/7\\\/2022\\\/12\\\/Logo.png\",\"width\":347,\"height\":58,\"caption\":\"Club de tir Eurostand\"},\"image\":{\"@id\":\"https:\\\/\\\/sport.cloud4.sbg.meosis.fr\\\/refonte-eurostand-lorraine\\\/#\\\/schema\\\/logo\\\/image\\\/\"}}]}<\/script>\n<!-- \/ Yoast SEO plugin. -->","yoast_head_json":{"title":"03 - Inscription au club \u203a Club de Tir Eurostand","description":"Attention : modification de la proc\u00e9dure d'inscription et de renouvellement de licence :Au 01\/09\/2025, vous devrez avoir enregistrer dans votre compte","robots":{"index":"noindex","follow":"nofollow"},"og_locale":"fr_FR","og_type":"article","og_title":"03 - Inscription au club \u203a Club de Tir Eurostand","og_description":"Attention : modification de la proc\u00e9dure d'inscription et de renouvellement de licence :Au 01\/09\/2025, vous devrez avoir enregistrer dans votre compte","og_url":"https:\/\/sport.cloud4.sbg.meosis.fr\/refonte-eurostand-lorraine\/club\/inscription.html","og_site_name":"Club de tir Eurostand","article_modified_time":"2025-08-21T14:49:06+00:00","twitter_card":"summary_large_image","twitter_misc":{"Dur\u00e9e de lecture estim\u00e9e":"4 minutes"},"schema":{"@context":"https:\/\/schema.org","@graph":[{"@type":"WebPage","@id":"https:\/\/sport.cloud4.sbg.meosis.fr\/refonte-eurostand-lorraine\/club\/inscription.html","url":"https:\/\/sport.cloud4.sbg.meosis.fr\/refonte-eurostand-lorraine\/club\/inscription.html","name":"03 - Inscription au club \u203a Club de Tir Eurostand","isPartOf":{"@id":"https:\/\/sport.cloud4.sbg.meosis.fr\/refonte-eurostand-lorraine\/#website"},"datePublished":"2023-02-01T05:30:33+00:00","dateModified":"2025-08-21T14:49:06+00:00","description":"Attention : modification de la proc\u00e9dure d'inscription et de renouvellement de licence :Au 01\/09\/2025, vous devrez avoir enregistrer dans votre compte","breadcrumb":{"@id":"https:\/\/sport.cloud4.sbg.meosis.fr\/refonte-eurostand-lorraine\/club\/inscription.html#breadcrumb"},"inLanguage":"fr-FR","potentialAction":[{"@type":"ReadAction","target":["https:\/\/sport.cloud4.sbg.meosis.fr\/refonte-eurostand-lorraine\/club\/inscription.html"]}]},{"@type":"BreadcrumbList","@id":"https:\/\/sport.cloud4.sbg.meosis.fr\/refonte-eurostand-lorraine\/club\/inscription.html#breadcrumb","itemListElement":[{"@type":"ListItem","position":1,"name":"Club de Tir Eurostand","item":"https:\/\/sport.cloud4.sbg.meosis.fr\/refonte-eurostand-lorraine\/"},{"@type":"ListItem","position":2,"name":"Club","item":"https:\/\/sport.cloud4.sbg.meosis.fr\/refonte-eurostand-lorraine\/club.html"},{"@type":"ListItem","position":3,"name":"03 &#8211; Inscription au club"}]},{"@type":"WebSite","@id":"https:\/\/sport.cloud4.sbg.meosis.fr\/refonte-eurostand-lorraine\/#website","url":"https:\/\/sport.cloud4.sbg.meosis.fr\/refonte-eurostand-lorraine\/","name":"Club de tir Eurostand","description":"Club de tir Eurostand : club de tir en Moselle","publisher":{"@id":"https:\/\/sport.cloud4.sbg.meosis.fr\/refonte-eurostand-lorraine\/#organization"},"potentialAction":[{"@type":"SearchAction","target":{"@type":"EntryPoint","urlTemplate":"https:\/\/sport.cloud4.sbg.meosis.fr\/refonte-eurostand-lorraine\/?s={search_term_string}"},"query-input":{"@type":"PropertyValueSpecification","valueRequired":true,"valueName":"search_term_string"}}],"inLanguage":"fr-FR"},{"@type":"Organization","@id":"https:\/\/sport.cloud4.sbg.meosis.fr\/refonte-eurostand-lorraine\/#organization","name":"Club de tir Eurostand","url":"https:\/\/sport.cloud4.sbg.meosis.fr\/refonte-eurostand-lorraine\/","logo":{"@type":"ImageObject","inLanguage":"fr-FR","@id":"https:\/\/sport.cloud4.sbg.meosis.fr\/refonte-eurostand-lorraine\/#\/schema\/logo\/image\/","url":"https:\/\/sport.cloud4.sbg.meosis.fr\/refonte-eurostand-lorraine\/wp-content\/uploads\/sites\/7\/2022\/12\/Logo.png","contentUrl":"https:\/\/sport.cloud4.sbg.meosis.fr\/refonte-eurostand-lorraine\/wp-content\/uploads\/sites\/7\/2022\/12\/Logo.png","width":347,"height":58,"caption":"Club de tir Eurostand"},"image":{"@id":"https:\/\/sport.cloud4.sbg.meosis.fr\/refonte-eurostand-lorraine\/#\/schema\/logo\/image\/"}}]}},"_links":{"self":[{"href":"https:\/\/sport.cloud4.sbg.meosis.fr\/refonte-eurostand-lorraine\/wp-json\/wp\/v2\/pages\/106","targetHints":{"allow":["GET"]}}],"collection":[{"href":"https:\/\/sport.cloud4.sbg.meosis.fr\/refonte-eurostand-lorraine\/wp-json\/wp\/v2\/pages"}],"about":[{"href":"https:\/\/sport.cloud4.sbg.meosis.fr\/refonte-eurostand-lorraine\/wp-json\/wp\/v2\/types\/page"}],"author":[{"embeddable":true,"href":"https:\/\/sport.cloud4.sbg.meosis.fr\/refonte-eurostand-lorraine\/wp-json\/wp\/v2\/users\/1"}],"replies":[{"embeddable":true,"href":"https:\/\/sport.cloud4.sbg.meosis.fr\/refonte-eurostand-lorraine\/wp-json\/wp\/v2\/comments?post=106"}],"version-history":[{"count":124,"href":"https:\/\/sport.cloud4.sbg.meosis.fr\/refonte-eurostand-lorraine\/wp-json\/wp\/v2\/pages\/106\/revisions"}],"predecessor-version":[{"id":24911,"href":"https:\/\/sport.cloud4.sbg.meosis.fr\/refonte-eurostand-lorraine\/wp-json\/wp\/v2\/pages\/106\/revisions\/24911"}],"up":[{"embeddable":true,"href":"https:\/\/sport.cloud4.sbg.meosis.fr\/refonte-eurostand-lorraine\/wp-json\/wp\/v2\/pages\/158"}],"wp:attachment":[{"href":"https:\/\/sport.cloud4.sbg.meosis.fr\/refonte-eurostand-lorraine\/wp-json\/wp\/v2\/media?parent=106"}],"curies":[{"name":"wp","href":"https:\/\/api.w.org\/{rel}","templated":true}]}}