{"id":1357,"date":"2023-02-01T06:00:02","date_gmt":"2023-02-01T05:00:02","guid":{"rendered":"https:\/\/sport.cloud4.sbg.meosis.fr\/refonte-eurostand-lorraine\/?page_id=1357"},"modified":"2024-06-25T18:35:36","modified_gmt":"2024-06-25T16:35:36","slug":"00-nouvelle-reglementation-des-armes-du-28-04-2020","status":"publish","type":"page","link":"https:\/\/sport.cloud4.sbg.meosis.fr\/refonte-eurostand-lorraine\/club\/00-nouvelle-reglementation-des-armes-du-28-04-2020.html","title":{"rendered":"00 &#8211; Mise en place S.I.A. et D\u00e9cret du 28\/04\/2020 concernant les carnets de tir et les tirs de d\u00e9couverte"},"content":{"rendered":"\t\t<div data-elementor-type=\"wp-page\" data-elementor-id=\"1357\" class=\"elementor elementor-1357\" data-elementor-post-type=\"page\">\n\t\t\t\t\t\t<section class=\"elementor-section elementor-top-section elementor-element elementor-element-2876f50b elementor-section-boxed elementor-section-height-default elementor-section-height-default\" data-id=\"2876f50b\" data-element_type=\"section\" data-e-type=\"section\">\n\t\t\t\t\t\t<div class=\"elementor-container elementor-column-gap-default\">\n\t\t\t\t\t<div class=\"elementor-column elementor-col-100 elementor-top-column elementor-element elementor-element-15d4c451\" data-id=\"15d4c451\" data-element_type=\"column\" data-e-type=\"column\">\n\t\t\t<div class=\"elementor-widget-wrap elementor-element-populated\">\n\t\t\t\t\t\t<div class=\"elementor-element elementor-element-4af1e907 elementor-widget elementor-widget-text-editor\" data-id=\"4af1e907\" data-element_type=\"widget\" data-e-type=\"widget\" data-widget_type=\"text-editor.default\">\n\t\t\t\t<div class=\"elementor-widget-container\">\n\t\t\t\t\t\t\t\t\t<h1><span style=\"font-size: 24pt;color: #ff0000;font-family: arial, helvetica, sans-serif\"><strong>Tout tireur sportif domicili\u00e9 en France doit avoir ouvert son compte S.I.A. avant le 31 d\u00e9cembre 2024 !<\/strong><\/span><\/h1><h1><span style=\"font-size: 24pt\">Proc\u00e9dure sp\u00e9ciale pour les tireurs domicili\u00e9s en France et non Fran\u00e7ais <a href=\"https:\/\/www.eurostand-lorraine.fr\/wp-content\/uploads\/sites\/7\/2023\/02\/informaion-SIA-tireur-non-francais.pdf\" target=\"_blank\" rel=\"noopener\">cliquez ici<\/a><br \/><\/span><\/h1><p>\u00a0<\/p><p>\u00a0<\/p><p><span style=\"font-size: 24pt\"><strong>SIA-Guide utilisateurs espaces de\u0301tenteurs<\/strong><\/span><\/p><p><a title=\"\" href=\"https:\/\/www.eurostand-lorraine.fr\/wp-content\/uploads\/sites\/7\/2022\/02\/SIA-Guide-utilisateurs-espaces-de\u0301tenteurs_1-5.pdf\">Pages 1 \u00e0 5<\/a><\/p><p><a title=\"\" href=\"https:\/\/www.eurostand-lorraine.fr\/wp-content\/uploads\/sites\/7\/2022\/02\/SIA-Guide-utilisateurs-espaces-de\u0301tenteurs_6-10.pdf\" target=\"_blank\" rel=\"noopener noreferrer\">Pages 6-10<\/a><\/p><p><a title=\"\" href=\"https:\/\/www.eurostand-lorraine.fr\/uploads\/sites\/7\/2022\/02\/SIA-Guide-utilisateurs-espaces-de\u0301tenteurs_11-15.pdf\" target=\"_blank\" rel=\"noopener noreferrer\">Pages 11-15<\/a><\/p><p><a title=\"\" href=\"https:\/\/www.eurostand-lorraine.fr\/wp-content\/uploads\/sites\/7\/2022\/02\/SIA-Guide-utilisateurs-espaces-de\u0301tenteurs_16-20.pdf\" target=\"_blank\" rel=\"noopener noreferrer\">Pages 16-20<\/a><\/p><p><a title=\"\" href=\"https:\/\/www.eurostand-lorraine.fr\/wp-content\/uploads\/sites\/7\/2022\/02\/SIA-Guide-utilisateurs-espaces-de\u0301tenteurs_21-25.pdf\" target=\"_blank\" rel=\"noopener noreferrer\">Pages 21-25<\/a><\/p><p><a title=\"\" href=\"https:\/\/www.eurostand-lorraine.fr\/wp-content\/uploads\/sites\/7\/2022\/02\/SIA-Guide-utilisateurs-espaces-de\u0301tenteurs_26-30.pdf\" target=\"_blank\" rel=\"noopener noreferrer\">Pages 26-30<\/a><\/p><p><a title=\"\" href=\"https:\/\/www.eurostand-lorraine.fr\/wp-content\/uploads\/sites\/7\/2022\/02\/SIA-Guide-utilisateurs-espaces-de\u0301tenteurs_31-35.pdf\" target=\"_blank\" rel=\"noopener noreferrer\">Pages 31-35<\/a><\/p><p><a title=\"\" href=\"https:\/\/www.eurostand-lorraine.fr\/wp-content\/uploads\/sites\/7\/2022\/02\/SIA-Guide-utilisateurs-espaces-de\u0301tenteurs_36-40.pdf\" target=\"_blank\" rel=\"noopener noreferrer\">Pages 36-40<\/a><\/p><p><a title=\"\" href=\"https:\/\/www.eurostand-lorraine.fr\/wp-content\/uploads\/sites\/7\/2022\/02\/SIA-Guide-utilisateurs-espaces-de\u0301tenteurs_41-45.pdf\" target=\"_blank\" rel=\"noopener noreferrer\">Pages 41-45<\/a><\/p><p><a title=\"\" href=\"https:\/\/www.eurostand-lorraine.fr\/wp-content\/uploads\/sites\/7\/2022\/02\/SIA-Guide-utilisateurs-espaces-de\u0301tenteurs_46-50.pdf\" target=\"_blank\" rel=\"noopener noreferrer\">Pages 46-50<\/a><\/p><p><a title=\"\" href=\"https:\/\/www.eurostand-lorraine.fr\/wp-content\/uploads\/sites\/7\/2022\/02\/SIA-Guide-utilisateurs-espaces-de\u0301tenteurs_51-53.pdf\" target=\"_blank\" rel=\"noopener noreferrer\">Pages 51-53<\/a><\/p><p>***********************************************************<\/p><p><strong><span style=\"font-size: 24pt\">PROCEDURE CARNET DE TIR &#8211; TIR CONTROLES<\/span><\/strong><\/p><p>Le d\u00e9cret du 28\/04\/2020 modifie le fonctionnement des carnets de tir et la proc\u00e9dure de tir d&rsquo;initiation.<\/p><p>Ce d\u00e9cret am\u00e8nera des modifications de notre r\u00e8glement int\u00e9rieur<\/p><p><strong>Modifications de la r\u00e9glementation sur les armes <\/strong><\/p><p><strong>concernant le Carnet de tir <\/strong><\/p><p><strong>et les tirs dits de \u00ab contr\u00f4le \u00bb ainsi que les s\u00e9ances d\u2019initiation<\/strong><\/p><ol><li><strong>Tirs contr\u00f4l\u00e9s<\/strong><\/li><\/ol><p>L\u2019arr\u00eat\u00e9 du 28 avril 2020 (NOR : <em>INTA1933589A<\/em>) fixe le nouveau r\u00e9gime de la d\u00e9livrance des avis pr\u00e9alables par la F\u00e9d\u00e9ration Fran\u00e7aise de Tir.<\/p><p>Ce nouveau r\u00e9gime entre dans le cadre de la cr\u00e9ation du SIA (Syst\u00e8me Informatis\u00e9 de la Gestion des Armes) qui est d\u00e9taill\u00e9 dans les d\u00e9crets du 28 Avril 2020 et qui modifiera de fa\u00e7on importante les proc\u00e9dures de d\u00e9livrance et de d\u00e9claration des armes.<\/p><p>Dans ces proc\u00e9dures, la F\u00e9d\u00e9ration Fran\u00e7aise de Tir sera consid\u00e9r\u00e9e par l\u2019Administration comme un \u00ab\u00a0tiers de confiance\u00a0\u00bb, comme c\u2019est d\u00e9j\u00e0 le cas pour le Finiada.<\/p><p>Dans cette optique, le Carnet de tir et sa v\u00e9rification par l\u2019Administration seront purement et simplement supprim\u00e9s, de m\u00eame que la notion de tirs contr\u00f4l\u00e9s.<\/p><p>Seul l\u2019avis pr\u00e9alable sign\u00e9 par le pr\u00e9sident de l\u2019association devra accompagner les demandes initiales pour les armes n\u00e9cessitant une autorisation de d\u00e9tention.<br \/><span style=\"color: #0000ff\"><strong>L\u2019arr\u00eat\u00e9 pr\u00e9voit donc deux situations\u00a0<\/strong>:<\/span><\/p><ul><li><span style=\"font-size: 18pt;color: #0000ff\">Pour une <strong>premi\u00e8re demande<\/strong> d\u2019autorisation d\u2019acquisition et de d\u00e9tention d\u2019armes de cat\u00e9gorie B\u00a0: maintien de l\u2019obligation de trois tirs espac\u00e9s d\u2019au moins deux mois au cours des douze mois pr\u00e9c\u00e9dant la demande pour obtenir un avis favorable\u00a0; un registre de ces s\u00e9ances de tir contr\u00f4l\u00e9es devra continuer \u00e0 \u00eatre tenu \u00e0 cet effet par l\u2019association sportive.<\/span><\/li><li>Pour un <strong>renouvellement<\/strong> d\u2019autorisation de d\u00e9tention d\u2019armes (et par extension pour une nouvelle demande d\u2019acquisition) : l\u2019attestation porte sur la pratique r\u00e9guli\u00e8re du tir pendant toute la p\u00e9riode de la pr\u00e9c\u00e9dente autorisation. \u00c0 noter que l\u2019absence de pratique du tir pendant douze mois cons\u00e9cutifs ou plus au cours de cette p\u00e9riode fait obstacle \u00e0 la d\u00e9livrance de cette attestation et \u00e0 l\u2019avis favorable de la F\u00e9d\u00e9ration. Un tir par an, au moins, demeure donc n\u00e9cessaire.<\/li><\/ul><p>Du fait de la suppression du Carnet de tir, l\u2019obligation de d\u00e9tention de ce dernier lors du transport d\u2019armes soumises \u00e0 autorisation et sa pr\u00e9sentation \u00e0 premi\u00e8re r\u00e9quisition aux forces de police ou de gendarmerie sont \u00e9videmment abrog\u00e9es\u00a0; il en est de m\u00eame pour la disposition imposant le dessaisissement des armes en cas de non-respect de l\u2019obligation de pratiquer trois tirs contr\u00f4l\u00e9s par an.<\/p><p><strong><span style=\"color: #ff0000;font-size: 14pt\">Entr\u00e9e en vigueur\u00a0: 1<sup>er<\/sup> juillet 2020, pour les autorisations en cours comme pour les nouveaux dossiers.<\/span><\/strong><\/p><p>Cette mesure est destin\u00e9e \u00e0 faciliter la d\u00e9livrance par l\u2019armurier des armes n\u00e9cessitant une autorisation de d\u00e9tention dans le cadre du r\u00e2telier virtuel, dont la mise en service est pr\u00e9vue au cours du mois de juillet 2021.<\/p><p>L\u2019Administration ne pr\u00e9voit aucun autre mode de preuve de l\u2019assiduit\u00e9 du demandeur que la certification de l\u2019avis pr\u00e9alable par le pr\u00e9sident signataire dudit avis et la certification par la ligue r\u00e9gionale et par la F\u00e9d\u00e9ration Fran\u00e7aise de Tir (ces deux op\u00e9rations sont effectu\u00e9es via ITAC).<\/p><p>Nous conseillons aux clubs de conserver une trace du passage de leurs membres par le moyen de leur choix (cahier de pr\u00e9sence, badge d\u2019entr\u00e9e, carnet de passage etc.), mais cela r\u00e9sulte de la seule d\u00e9cision de leur Conseil d\u2019administration. La F\u00e9d\u00e9ration Fran\u00e7aise de Tir n\u2019impose rien de plus que ce qui est pr\u00e9vu dans l\u2019arr\u00eat\u00e9.<\/p><p><strong>\u00a0\u00a0 2. S\u00e9ances d\u2019initiation<\/strong><\/p><p>La nouvelle r\u00e9daction de l\u2019article R. 312-43-1 relatif aux s\u00e9ances d\u2019initiation apporte plusieurs changements notables :<\/p><ul><li>Pour un m\u00eame individu, le nombre des s\u00e9ances d\u2019initiation ne pourra \u00eatre sup\u00e9rieur \u00e0 <strong>deux pour une p\u00e9riode de douze mois<\/strong>;<\/li><li>Les <strong>armes autoris\u00e9es<\/strong> pour ces s\u00e9ances seront d\u00e9sormais\u00a0:<ul><li>Les armes de poing de cat\u00e9gorie B \u00e0 percussion centrale\u00a0;<\/li><li>Toutes les armes \u00e0 percussion annulaire de cat\u00e9gorie B et C\u00a0(inchang\u00e9) ;<\/li><li>Les armes longues \u00e0 percussion centrale, mais seulement pour les disciplines de tir aux plateaux (armes \u00e0 canons lisses).<\/li><li>\u00a0<\/li><li><span style=\"color: #0000ff\"><strong>les armes longues en percussion centrale de cat\u00e9gorie \u00ab\u00a0B\u00a0\u00bb ne pourront \u00eatre utilis\u00e9es<\/strong><\/span><\/li><\/ul><\/li><li>Les armes utilis\u00e9es pour ces s\u00e9ances ne devront plus \u00eatre imp\u00e9rativement \u00ab\u00a0d\u00e9tenues\u00a0\u00bb par l\u2019association sportive ou la F\u00e9d\u00e9ration Fran\u00e7aise de Tir, mais elles pourront d\u00e9sormais \u00eatre simplement \u00ab\u00a0<strong>mises \u00e0 disposition<\/strong>\u00bb par ces derni\u00e8res.<\/li><\/ul><p>e<\/p>\t\t\t\t\t\t\t\t<\/div>\n\t\t\t\t<\/div>\n\t\t\t\t\t<\/div>\n\t\t<\/div>\n\t\t\t\t\t<\/div>\n\t\t<\/section>\n\t\t\t\t<\/div>\n\t\t","protected":false},"excerpt":{"rendered":"<p>Tout tireur sportif domicili\u00e9 en France doit avoir ouvert son compte S.I.A. avant le 31 d\u00e9cembre 2024 ! Proc\u00e9dure sp\u00e9ciale pour les tireurs domicili\u00e9s en France et non Fran\u00e7ais cliquez ici \u00a0 \u00a0 SIA-Guide utilisateurs espaces de\u0301tenteurs Pages 1 \u00e0 5 Pages 6-10 Pages 11-15 Pages 16-20 Pages 21-25 Pages 26-30 Pages 31-35 Pages 36-40 [&hellip;]<\/p>\n","protected":false},"author":6,"featured_media":0,"parent":158,"menu_order":0,"comment_status":"closed","ping_status":"closed","template":"","meta":{"_acf_changed":false,"_yoast_wpseo_title":"","_yoast_wpseo_metadesc":"","footnotes":""},"class_list":["post-1357","page","type-page","status-publish","hentry"],"acf":[],"yoast_head":"<!-- This site is optimized with the Yoast SEO plugin v27.3 - https:\/\/yoast.com\/product\/yoast-seo-wordpress\/ -->\n<title>00 - Mise en place S.I.A. et D\u00e9cret du 28\/04\/2020 concernant les carnets de tir et les tirs de d\u00e9couverte \u203a Club de Tir Eurostand<\/title>\n<meta name=\"description\" content=\"Tout tireur sportif domicili\u00e9 en France doit avoir ouvert son compte S.I.A. avant le 31 d\u00e9cembre 2024 !Proc\u00e9dure sp\u00e9ciale pour les tireurs domicili\u00e9s en\" \/>\n<meta name=\"robots\" content=\"index, follow, max-snippet:-1, max-image-preview:large, max-video-preview:-1\" \/>\n<link rel=\"canonical\" href=\"https:\/\/sport.cloud4.sbg.meosis.fr\/refonte-eurostand-lorraine\/club\/00-nouvelle-reglementation-des-armes-du-28-04-2020.html\" \/>\n<meta property=\"og:locale\" content=\"fr_FR\" \/>\n<meta property=\"og:type\" content=\"article\" \/>\n<meta property=\"og:title\" content=\"00 - Mise en place S.I.A. et D\u00e9cret du 28\/04\/2020 concernant les carnets de tir et les tirs de d\u00e9couverte \u203a Club de Tir Eurostand\" \/>\n<meta property=\"og:description\" content=\"Tout tireur sportif domicili\u00e9 en France doit avoir ouvert son compte S.I.A. avant le 31 d\u00e9cembre 2024 !Proc\u00e9dure sp\u00e9ciale pour les tireurs domicili\u00e9s en\" \/>\n<meta property=\"og:url\" content=\"https:\/\/sport.cloud4.sbg.meosis.fr\/refonte-eurostand-lorraine\/club\/00-nouvelle-reglementation-des-armes-du-28-04-2020.html\" \/>\n<meta property=\"og:site_name\" content=\"Club de tir Eurostand\" \/>\n<meta property=\"article:modified_time\" content=\"2024-06-25T16:35:36+00:00\" \/>\n<meta name=\"twitter:card\" content=\"summary_large_image\" \/>\n<meta name=\"twitter:label1\" content=\"Dur\u00e9e de lecture estim\u00e9e\" \/>\n\t<meta name=\"twitter:data1\" content=\"4 minutes\" \/>\n<script type=\"application\/ld+json\" class=\"yoast-schema-graph\">{\"@context\":\"https:\\\/\\\/schema.org\",\"@graph\":[{\"@type\":\"WebPage\",\"@id\":\"https:\\\/\\\/sport.cloud4.sbg.meosis.fr\\\/refonte-eurostand-lorraine\\\/club\\\/00-nouvelle-reglementation-des-armes-du-28-04-2020.html\",\"url\":\"https:\\\/\\\/sport.cloud4.sbg.meosis.fr\\\/refonte-eurostand-lorraine\\\/club\\\/00-nouvelle-reglementation-des-armes-du-28-04-2020.html\",\"name\":\"00 - Mise en place S.I.A. et D\u00e9cret du 28\\\/04\\\/2020 concernant les carnets de tir et les tirs de d\u00e9couverte \u203a Club de Tir Eurostand\",\"isPartOf\":{\"@id\":\"https:\\\/\\\/sport.cloud4.sbg.meosis.fr\\\/refonte-eurostand-lorraine\\\/#website\"},\"datePublished\":\"2023-02-01T05:00:02+00:00\",\"dateModified\":\"2024-06-25T16:35:36+00:00\",\"description\":\"Tout tireur sportif domicili\u00e9 en France doit avoir ouvert son compte S.I.A. avant le 31 d\u00e9cembre 2024 !Proc\u00e9dure sp\u00e9ciale pour les tireurs domicili\u00e9s en\",\"breadcrumb\":{\"@id\":\"https:\\\/\\\/sport.cloud4.sbg.meosis.fr\\\/refonte-eurostand-lorraine\\\/club\\\/00-nouvelle-reglementation-des-armes-du-28-04-2020.html#breadcrumb\"},\"inLanguage\":\"fr-FR\",\"potentialAction\":[{\"@type\":\"ReadAction\",\"target\":[\"https:\\\/\\\/sport.cloud4.sbg.meosis.fr\\\/refonte-eurostand-lorraine\\\/club\\\/00-nouvelle-reglementation-des-armes-du-28-04-2020.html\"]}]},{\"@type\":\"BreadcrumbList\",\"@id\":\"https:\\\/\\\/sport.cloud4.sbg.meosis.fr\\\/refonte-eurostand-lorraine\\\/club\\\/00-nouvelle-reglementation-des-armes-du-28-04-2020.html#breadcrumb\",\"itemListElement\":[{\"@type\":\"ListItem\",\"position\":1,\"name\":\"Club de Tir Eurostand\",\"item\":\"https:\\\/\\\/sport.cloud4.sbg.meosis.fr\\\/refonte-eurostand-lorraine\\\/\"},{\"@type\":\"ListItem\",\"position\":2,\"name\":\"Club\",\"item\":\"https:\\\/\\\/sport.cloud4.sbg.meosis.fr\\\/refonte-eurostand-lorraine\\\/club.html\"},{\"@type\":\"ListItem\",\"position\":3,\"name\":\"00 &#8211; Mise en place S.I.A. et D\u00e9cret du 28\\\/04\\\/2020 concernant les carnets de tir et les tirs de d\u00e9couverte\"}]},{\"@type\":\"WebSite\",\"@id\":\"https:\\\/\\\/sport.cloud4.sbg.meosis.fr\\\/refonte-eurostand-lorraine\\\/#website\",\"url\":\"https:\\\/\\\/sport.cloud4.sbg.meosis.fr\\\/refonte-eurostand-lorraine\\\/\",\"name\":\"Club de tir Eurostand\",\"description\":\"Club de tir Eurostand : club de tir en Moselle\",\"publisher\":{\"@id\":\"https:\\\/\\\/sport.cloud4.sbg.meosis.fr\\\/refonte-eurostand-lorraine\\\/#organization\"},\"potentialAction\":[{\"@type\":\"SearchAction\",\"target\":{\"@type\":\"EntryPoint\",\"urlTemplate\":\"https:\\\/\\\/sport.cloud4.sbg.meosis.fr\\\/refonte-eurostand-lorraine\\\/?s={search_term_string}\"},\"query-input\":{\"@type\":\"PropertyValueSpecification\",\"valueRequired\":true,\"valueName\":\"search_term_string\"}}],\"inLanguage\":\"fr-FR\"},{\"@type\":\"Organization\",\"@id\":\"https:\\\/\\\/sport.cloud4.sbg.meosis.fr\\\/refonte-eurostand-lorraine\\\/#organization\",\"name\":\"Club de tir Eurostand\",\"url\":\"https:\\\/\\\/sport.cloud4.sbg.meosis.fr\\\/refonte-eurostand-lorraine\\\/\",\"logo\":{\"@type\":\"ImageObject\",\"inLanguage\":\"fr-FR\",\"@id\":\"https:\\\/\\\/sport.cloud4.sbg.meosis.fr\\\/refonte-eurostand-lorraine\\\/#\\\/schema\\\/logo\\\/image\\\/\",\"url\":\"https:\\\/\\\/sport.cloud4.sbg.meosis.fr\\\/refonte-eurostand-lorraine\\\/wp-content\\\/uploads\\\/sites\\\/7\\\/2022\\\/12\\\/Logo.png\",\"contentUrl\":\"https:\\\/\\\/sport.cloud4.sbg.meosis.fr\\\/refonte-eurostand-lorraine\\\/wp-content\\\/uploads\\\/sites\\\/7\\\/2022\\\/12\\\/Logo.png\",\"width\":347,\"height\":58,\"caption\":\"Club de tir Eurostand\"},\"image\":{\"@id\":\"https:\\\/\\\/sport.cloud4.sbg.meosis.fr\\\/refonte-eurostand-lorraine\\\/#\\\/schema\\\/logo\\\/image\\\/\"}}]}<\/script>\n<!-- \/ Yoast SEO plugin. -->","yoast_head_json":{"title":"00 - Mise en place S.I.A. et D\u00e9cret du 28\/04\/2020 concernant les carnets de tir et les tirs de d\u00e9couverte \u203a Club de Tir Eurostand","description":"Tout tireur sportif domicili\u00e9 en France doit avoir ouvert son compte S.I.A. avant le 31 d\u00e9cembre 2024 !Proc\u00e9dure sp\u00e9ciale pour les tireurs domicili\u00e9s en","robots":{"index":"index","follow":"follow","max-snippet":"max-snippet:-1","max-image-preview":"max-image-preview:large","max-video-preview":"max-video-preview:-1"},"canonical":"https:\/\/sport.cloud4.sbg.meosis.fr\/refonte-eurostand-lorraine\/club\/00-nouvelle-reglementation-des-armes-du-28-04-2020.html","og_locale":"fr_FR","og_type":"article","og_title":"00 - Mise en place S.I.A. et D\u00e9cret du 28\/04\/2020 concernant les carnets de tir et les tirs de d\u00e9couverte \u203a Club de Tir Eurostand","og_description":"Tout tireur sportif domicili\u00e9 en France doit avoir ouvert son compte S.I.A. avant le 31 d\u00e9cembre 2024 !Proc\u00e9dure sp\u00e9ciale pour les tireurs domicili\u00e9s en","og_url":"https:\/\/sport.cloud4.sbg.meosis.fr\/refonte-eurostand-lorraine\/club\/00-nouvelle-reglementation-des-armes-du-28-04-2020.html","og_site_name":"Club de tir Eurostand","article_modified_time":"2024-06-25T16:35:36+00:00","twitter_card":"summary_large_image","twitter_misc":{"Dur\u00e9e de lecture estim\u00e9e":"4 minutes"},"schema":{"@context":"https:\/\/schema.org","@graph":[{"@type":"WebPage","@id":"https:\/\/sport.cloud4.sbg.meosis.fr\/refonte-eurostand-lorraine\/club\/00-nouvelle-reglementation-des-armes-du-28-04-2020.html","url":"https:\/\/sport.cloud4.sbg.meosis.fr\/refonte-eurostand-lorraine\/club\/00-nouvelle-reglementation-des-armes-du-28-04-2020.html","name":"00 - Mise en place S.I.A. et D\u00e9cret du 28\/04\/2020 concernant les carnets de tir et les tirs de d\u00e9couverte \u203a Club de Tir Eurostand","isPartOf":{"@id":"https:\/\/sport.cloud4.sbg.meosis.fr\/refonte-eurostand-lorraine\/#website"},"datePublished":"2023-02-01T05:00:02+00:00","dateModified":"2024-06-25T16:35:36+00:00","description":"Tout tireur sportif domicili\u00e9 en France doit avoir ouvert son compte S.I.A. avant le 31 d\u00e9cembre 2024 !Proc\u00e9dure sp\u00e9ciale pour les tireurs domicili\u00e9s en","breadcrumb":{"@id":"https:\/\/sport.cloud4.sbg.meosis.fr\/refonte-eurostand-lorraine\/club\/00-nouvelle-reglementation-des-armes-du-28-04-2020.html#breadcrumb"},"inLanguage":"fr-FR","potentialAction":[{"@type":"ReadAction","target":["https:\/\/sport.cloud4.sbg.meosis.fr\/refonte-eurostand-lorraine\/club\/00-nouvelle-reglementation-des-armes-du-28-04-2020.html"]}]},{"@type":"BreadcrumbList","@id":"https:\/\/sport.cloud4.sbg.meosis.fr\/refonte-eurostand-lorraine\/club\/00-nouvelle-reglementation-des-armes-du-28-04-2020.html#breadcrumb","itemListElement":[{"@type":"ListItem","position":1,"name":"Club de Tir Eurostand","item":"https:\/\/sport.cloud4.sbg.meosis.fr\/refonte-eurostand-lorraine\/"},{"@type":"ListItem","position":2,"name":"Club","item":"https:\/\/sport.cloud4.sbg.meosis.fr\/refonte-eurostand-lorraine\/club.html"},{"@type":"ListItem","position":3,"name":"00 &#8211; Mise en place S.I.A. et D\u00e9cret du 28\/04\/2020 concernant les carnets de tir et les tirs de d\u00e9couverte"}]},{"@type":"WebSite","@id":"https:\/\/sport.cloud4.sbg.meosis.fr\/refonte-eurostand-lorraine\/#website","url":"https:\/\/sport.cloud4.sbg.meosis.fr\/refonte-eurostand-lorraine\/","name":"Club de tir Eurostand","description":"Club de tir Eurostand : club de tir en Moselle","publisher":{"@id":"https:\/\/sport.cloud4.sbg.meosis.fr\/refonte-eurostand-lorraine\/#organization"},"potentialAction":[{"@type":"SearchAction","target":{"@type":"EntryPoint","urlTemplate":"https:\/\/sport.cloud4.sbg.meosis.fr\/refonte-eurostand-lorraine\/?s={search_term_string}"},"query-input":{"@type":"PropertyValueSpecification","valueRequired":true,"valueName":"search_term_string"}}],"inLanguage":"fr-FR"},{"@type":"Organization","@id":"https:\/\/sport.cloud4.sbg.meosis.fr\/refonte-eurostand-lorraine\/#organization","name":"Club de tir Eurostand","url":"https:\/\/sport.cloud4.sbg.meosis.fr\/refonte-eurostand-lorraine\/","logo":{"@type":"ImageObject","inLanguage":"fr-FR","@id":"https:\/\/sport.cloud4.sbg.meosis.fr\/refonte-eurostand-lorraine\/#\/schema\/logo\/image\/","url":"https:\/\/sport.cloud4.sbg.meosis.fr\/refonte-eurostand-lorraine\/wp-content\/uploads\/sites\/7\/2022\/12\/Logo.png","contentUrl":"https:\/\/sport.cloud4.sbg.meosis.fr\/refonte-eurostand-lorraine\/wp-content\/uploads\/sites\/7\/2022\/12\/Logo.png","width":347,"height":58,"caption":"Club de tir Eurostand"},"image":{"@id":"https:\/\/sport.cloud4.sbg.meosis.fr\/refonte-eurostand-lorraine\/#\/schema\/logo\/image\/"}}]}},"_links":{"self":[{"href":"https:\/\/sport.cloud4.sbg.meosis.fr\/refonte-eurostand-lorraine\/wp-json\/wp\/v2\/pages\/1357","targetHints":{"allow":["GET"]}}],"collection":[{"href":"https:\/\/sport.cloud4.sbg.meosis.fr\/refonte-eurostand-lorraine\/wp-json\/wp\/v2\/pages"}],"about":[{"href":"https:\/\/sport.cloud4.sbg.meosis.fr\/refonte-eurostand-lorraine\/wp-json\/wp\/v2\/types\/page"}],"author":[{"embeddable":true,"href":"https:\/\/sport.cloud4.sbg.meosis.fr\/refonte-eurostand-lorraine\/wp-json\/wp\/v2\/users\/6"}],"replies":[{"embeddable":true,"href":"https:\/\/sport.cloud4.sbg.meosis.fr\/refonte-eurostand-lorraine\/wp-json\/wp\/v2\/comments?post=1357"}],"version-history":[{"count":41,"href":"https:\/\/sport.cloud4.sbg.meosis.fr\/refonte-eurostand-lorraine\/wp-json\/wp\/v2\/pages\/1357\/revisions"}],"predecessor-version":[{"id":23231,"href":"https:\/\/sport.cloud4.sbg.meosis.fr\/refonte-eurostand-lorraine\/wp-json\/wp\/v2\/pages\/1357\/revisions\/23231"}],"up":[{"embeddable":true,"href":"https:\/\/sport.cloud4.sbg.meosis.fr\/refonte-eurostand-lorraine\/wp-json\/wp\/v2\/pages\/158"}],"wp:attachment":[{"href":"https:\/\/sport.cloud4.sbg.meosis.fr\/refonte-eurostand-lorraine\/wp-json\/wp\/v2\/media?parent=1357"}],"curies":[{"name":"wp","href":"https:\/\/api.w.org\/{rel}","templated":true}]}}