{"id":1379,"date":"2023-02-01T07:15:19","date_gmt":"2023-02-01T06:15:19","guid":{"rendered":"https:\/\/sport.cloud4.sbg.meosis.fr\/refonte-eurostand-lorraine\/?page_id=1379"},"modified":"2023-11-23T18:05:11","modified_gmt":"2023-11-23T17:05:11","slug":"04-2-horaires-de-tir","status":"publish","type":"page","link":"https:\/\/sport.cloud4.sbg.meosis.fr\/refonte-eurostand-lorraine\/club\/04-2-horaires-de-tir.html","title":{"rendered":"05\/2 &#8211; HORAIRES DE TIR"},"content":{"rendered":"<p><span style=\"font-size: 24pt\"><strong>Nous appliquons les horaires hiver<\/strong><\/span><\/p>\n<table style=\"border-collapse: collapse;width: 58.1932%;height: 388px\">\n<tbody>\n<tr style=\"height: 28px\">\n<td style=\"width: 50%;text-align: center;height: 28px\"><span style=\"color: #0000ff\"><strong>Jours<\/strong><\/span><\/td>\n<td style=\"width: 24.807%;text-align: center;height: 28px\"><strong><span style=\"color: #0000ff\">Ouverture<\/span><\/strong><\/td>\n<td style=\"width: 45.8495%;text-align: center;height: 28px\"><span style=\"color: #0000ff;font-size: 14pt\">Commentaires<\/span><strong><span style=\"color: #0000ff\"><br \/>\n<\/span><\/strong><\/td>\n<\/tr>\n<tr style=\"height: 96px\">\n<td style=\"width: 50%;text-align: center;height: 96px\"><span style=\"color: #0000ff\">Lundi<\/span><\/td>\n<td style=\"width: 24.807%;text-align: center;height: 96px\"><span style=\"color: #ff0000\"><strong>Ferm\u00e9<\/strong><\/span><\/td>\n<td style=\"width: 45.8495%;text-align: center;height: 96px\"><span style=\"color: #ff0000\"><strong><span style=\"color: #0000ff\">Entretien ou tirs sp\u00e9cialis\u00e9s (administratifs ou autres)<\/span><br \/>\n<\/strong><\/span><\/td>\n<\/tr>\n<tr style=\"height: 120px\">\n<td style=\"width: 50%;text-align: center;height: 120px\"><span style=\"color: #0000ff\">Mardi<\/span><\/td>\n<td style=\"width: 24.807%;text-align: center;height: 120px\"><span style=\"color: #ff0000\"><strong>Ferm\u00e9<\/strong><\/span><\/td>\n<td style=\"width: 45.8495%;text-align: center;height: 120px\"><span style=\"color: #0000ff\"><strong>Entretien ou tirs\u00a0 sp\u00e9cialis\u00e9s (administratifs ou autres)<\/strong><\/span><\/td>\n<\/tr>\n<tr style=\"height: 24px\">\n<td style=\"width: 50%;text-align: center;height: 24px\"><span style=\"color: #0000ff\">Mercredi<\/span><\/td>\n<td style=\"width: 24.807%;text-align: center\"><span style=\"color: #0000ff\"><strong>10h00 &#8211; 17h00<\/strong><\/span><\/td>\n<td style=\"width: 45.8495%;text-align: center\"><span style=\"color: #0000ff\"><strong>Stand ouvert \u00e0 09h30<br \/>\n<\/strong><\/span><\/td>\n<\/tr>\n<tr style=\"height: 24px\">\n<td style=\"width: 50%;text-align: center;height: 24px\"><span style=\"color: #0000ff\">Jeudi<\/span><\/td>\n<td style=\"width: 24.807%;text-align: center\"><span style=\"color: #0000ff\"><strong>10h00 &#8211; 17h00<\/strong><\/span><\/td>\n<td style=\"width: 45.8495%;text-align: center\"><span style=\"color: #0000ff\"><strong>Stand ouvert \u00e0 09h30<br \/>\n<\/strong><\/span><\/td>\n<\/tr>\n<tr style=\"height: 48px\">\n<td style=\"width: 50%;text-align: center;height: 48px\"><span style=\"color: #0000ff\">Vendredi<\/span><\/td>\n<td style=\"width: 24.807%;height: 48px;text-align: center\"><span style=\"color: #0000ff\"><strong>10h00 &#8211; 17h00<\/strong><\/span><\/td>\n<td style=\"width: 45.8495%;height: 48px;text-align: center\"><span style=\"color: #0000ff\"><strong>Stand ouvert \u00e0 09h30<br \/>\n<\/strong><\/span><\/td>\n<\/tr>\n<tr style=\"height: 24px\">\n<td style=\"width: 50%;text-align: center;height: 24px\"><span style=\"color: #0000ff\">Samedi<\/span><\/td>\n<td style=\"width: 24.807%;height: 24px;text-align: center\"><span style=\"color: #0000ff\"><strong>10h00 &#8211; 17h00<\/strong><\/span><\/td>\n<td style=\"width: 45.8495%;height: 24px;text-align: center\"><span style=\"color: #0000ff\"><strong>Stand ouvert \u00e0 09h30<\/strong><\/span><\/td>\n<\/tr>\n<tr style=\"height: 24px\">\n<td style=\"width: 50%;text-align: center;height: 24px\"><span style=\"color: #0000ff\">Dimanche<\/span><\/td>\n<td style=\"width: 24.807%;height: 24px;text-align: center\"><span style=\"color: #0000ff\"><strong>10h00 &#8211; 17h00<\/strong><\/span><\/td>\n<td style=\"width: 45.8495%;height: 24px;text-align: center\"><span style=\"color: #0000ff\"><strong>Stand ouvert \u00e0 09h30<\/strong><\/span><\/td>\n<\/tr>\n<\/tbody>\n<\/table>\n<p>&nbsp;<\/p>\n<p>&nbsp;<\/p>\n<p>&nbsp;<\/p>\n","protected":false},"excerpt":{"rendered":"<p>Nous appliquons les horaires hiver Jours Ouverture Commentaires Lundi Ferm\u00e9 Entretien ou tirs sp\u00e9cialis\u00e9s (administratifs ou autres) Mardi Ferm\u00e9 Entretien ou tirs\u00a0 sp\u00e9cialis\u00e9s (administratifs ou autres) Mercredi 10h00 &#8211; 17h00 Stand ouvert \u00e0 09h30 Jeudi 10h00 &#8211; 17h00 Stand ouvert \u00e0 09h30 Vendredi 10h00 &#8211; 17h00 Stand ouvert \u00e0 09h30 Samedi 10h00 &#8211; 17h00 Stand [&hellip;]<\/p>\n","protected":false},"author":6,"featured_media":0,"parent":158,"menu_order":0,"comment_status":"closed","ping_status":"closed","template":"","meta":{"_acf_changed":false,"_yoast_wpseo_title":"","_yoast_wpseo_metadesc":"","footnotes":""},"class_list":["post-1379","page","type-page","status-publish","hentry"],"acf":[],"yoast_head":"<!-- This site is optimized with the Yoast SEO plugin v27.3 - https:\/\/yoast.com\/product\/yoast-seo-wordpress\/ -->\n<title>05\/2 - HORAIRES DE TIR \u203a Club de Tir Eurostand<\/title>\n<meta name=\"description\" content=\"Nous appliquons les horaires hiver Jours Ouverture Commentaires Lundi Ferm\u00e9 Entretien ou tirs sp\u00e9cialis\u00e9s (administratifs ou autres) Mardi Ferm\u00e9 Entretien\" \/>\n<meta name=\"robots\" content=\"index, follow, max-snippet:-1, max-image-preview:large, max-video-preview:-1\" \/>\n<link rel=\"canonical\" href=\"https:\/\/sport.cloud4.sbg.meosis.fr\/refonte-eurostand-lorraine\/club\/04-2-horaires-de-tir.html\" \/>\n<meta property=\"og:locale\" content=\"fr_FR\" \/>\n<meta property=\"og:type\" content=\"article\" \/>\n<meta property=\"og:title\" content=\"05\/2 - HORAIRES DE TIR \u203a Club de Tir Eurostand\" \/>\n<meta property=\"og:description\" content=\"Nous appliquons les horaires hiver Jours Ouverture Commentaires Lundi Ferm\u00e9 Entretien ou tirs sp\u00e9cialis\u00e9s (administratifs ou autres) Mardi Ferm\u00e9 Entretien\" \/>\n<meta property=\"og:url\" content=\"https:\/\/sport.cloud4.sbg.meosis.fr\/refonte-eurostand-lorraine\/club\/04-2-horaires-de-tir.html\" \/>\n<meta property=\"og:site_name\" content=\"Club de tir Eurostand\" \/>\n<meta property=\"article:modified_time\" content=\"2023-11-23T17:05:11+00:00\" \/>\n<meta name=\"twitter:card\" content=\"summary_large_image\" \/>\n<script type=\"application\/ld+json\" class=\"yoast-schema-graph\">{\"@context\":\"https:\\\/\\\/schema.org\",\"@graph\":[{\"@type\":\"WebPage\",\"@id\":\"https:\\\/\\\/sport.cloud4.sbg.meosis.fr\\\/refonte-eurostand-lorraine\\\/club\\\/04-2-horaires-de-tir.html\",\"url\":\"https:\\\/\\\/sport.cloud4.sbg.meosis.fr\\\/refonte-eurostand-lorraine\\\/club\\\/04-2-horaires-de-tir.html\",\"name\":\"05\\\/2 - HORAIRES DE TIR \u203a Club de Tir Eurostand\",\"isPartOf\":{\"@id\":\"https:\\\/\\\/sport.cloud4.sbg.meosis.fr\\\/refonte-eurostand-lorraine\\\/#website\"},\"datePublished\":\"2023-02-01T06:15:19+00:00\",\"dateModified\":\"2023-11-23T17:05:11+00:00\",\"description\":\"Nous appliquons les horaires hiver Jours Ouverture Commentaires Lundi Ferm\u00e9 Entretien ou tirs sp\u00e9cialis\u00e9s (administratifs ou autres) Mardi Ferm\u00e9 Entretien\",\"breadcrumb\":{\"@id\":\"https:\\\/\\\/sport.cloud4.sbg.meosis.fr\\\/refonte-eurostand-lorraine\\\/club\\\/04-2-horaires-de-tir.html#breadcrumb\"},\"inLanguage\":\"fr-FR\",\"potentialAction\":[{\"@type\":\"ReadAction\",\"target\":[\"https:\\\/\\\/sport.cloud4.sbg.meosis.fr\\\/refonte-eurostand-lorraine\\\/club\\\/04-2-horaires-de-tir.html\"]}]},{\"@type\":\"BreadcrumbList\",\"@id\":\"https:\\\/\\\/sport.cloud4.sbg.meosis.fr\\\/refonte-eurostand-lorraine\\\/club\\\/04-2-horaires-de-tir.html#breadcrumb\",\"itemListElement\":[{\"@type\":\"ListItem\",\"position\":1,\"name\":\"Club de Tir Eurostand\",\"item\":\"https:\\\/\\\/sport.cloud4.sbg.meosis.fr\\\/refonte-eurostand-lorraine\\\/\"},{\"@type\":\"ListItem\",\"position\":2,\"name\":\"Club\",\"item\":\"https:\\\/\\\/sport.cloud4.sbg.meosis.fr\\\/refonte-eurostand-lorraine\\\/club.html\"},{\"@type\":\"ListItem\",\"position\":3,\"name\":\"05\\\/2 &#8211; HORAIRES DE TIR\"}]},{\"@type\":\"WebSite\",\"@id\":\"https:\\\/\\\/sport.cloud4.sbg.meosis.fr\\\/refonte-eurostand-lorraine\\\/#website\",\"url\":\"https:\\\/\\\/sport.cloud4.sbg.meosis.fr\\\/refonte-eurostand-lorraine\\\/\",\"name\":\"Club de tir Eurostand\",\"description\":\"Club de tir Eurostand : club de tir en Moselle\",\"publisher\":{\"@id\":\"https:\\\/\\\/sport.cloud4.sbg.meosis.fr\\\/refonte-eurostand-lorraine\\\/#organization\"},\"potentialAction\":[{\"@type\":\"SearchAction\",\"target\":{\"@type\":\"EntryPoint\",\"urlTemplate\":\"https:\\\/\\\/sport.cloud4.sbg.meosis.fr\\\/refonte-eurostand-lorraine\\\/?s={search_term_string}\"},\"query-input\":{\"@type\":\"PropertyValueSpecification\",\"valueRequired\":true,\"valueName\":\"search_term_string\"}}],\"inLanguage\":\"fr-FR\"},{\"@type\":\"Organization\",\"@id\":\"https:\\\/\\\/sport.cloud4.sbg.meosis.fr\\\/refonte-eurostand-lorraine\\\/#organization\",\"name\":\"Club de tir Eurostand\",\"url\":\"https:\\\/\\\/sport.cloud4.sbg.meosis.fr\\\/refonte-eurostand-lorraine\\\/\",\"logo\":{\"@type\":\"ImageObject\",\"inLanguage\":\"fr-FR\",\"@id\":\"https:\\\/\\\/sport.cloud4.sbg.meosis.fr\\\/refonte-eurostand-lorraine\\\/#\\\/schema\\\/logo\\\/image\\\/\",\"url\":\"https:\\\/\\\/sport.cloud4.sbg.meosis.fr\\\/refonte-eurostand-lorraine\\\/wp-content\\\/uploads\\\/sites\\\/7\\\/2022\\\/12\\\/Logo.png\",\"contentUrl\":\"https:\\\/\\\/sport.cloud4.sbg.meosis.fr\\\/refonte-eurostand-lorraine\\\/wp-content\\\/uploads\\\/sites\\\/7\\\/2022\\\/12\\\/Logo.png\",\"width\":347,\"height\":58,\"caption\":\"Club de tir Eurostand\"},\"image\":{\"@id\":\"https:\\\/\\\/sport.cloud4.sbg.meosis.fr\\\/refonte-eurostand-lorraine\\\/#\\\/schema\\\/logo\\\/image\\\/\"}}]}<\/script>\n<!-- \/ Yoast SEO plugin. -->","yoast_head_json":{"title":"05\/2 - HORAIRES DE TIR \u203a Club de Tir Eurostand","description":"Nous appliquons les horaires hiver Jours Ouverture Commentaires Lundi Ferm\u00e9 Entretien ou tirs sp\u00e9cialis\u00e9s (administratifs ou autres) Mardi Ferm\u00e9 Entretien","robots":{"index":"index","follow":"follow","max-snippet":"max-snippet:-1","max-image-preview":"max-image-preview:large","max-video-preview":"max-video-preview:-1"},"canonical":"https:\/\/sport.cloud4.sbg.meosis.fr\/refonte-eurostand-lorraine\/club\/04-2-horaires-de-tir.html","og_locale":"fr_FR","og_type":"article","og_title":"05\/2 - HORAIRES DE TIR \u203a Club de Tir Eurostand","og_description":"Nous appliquons les horaires hiver Jours Ouverture Commentaires Lundi Ferm\u00e9 Entretien ou tirs sp\u00e9cialis\u00e9s (administratifs ou autres) Mardi Ferm\u00e9 Entretien","og_url":"https:\/\/sport.cloud4.sbg.meosis.fr\/refonte-eurostand-lorraine\/club\/04-2-horaires-de-tir.html","og_site_name":"Club de tir Eurostand","article_modified_time":"2023-11-23T17:05:11+00:00","twitter_card":"summary_large_image","schema":{"@context":"https:\/\/schema.org","@graph":[{"@type":"WebPage","@id":"https:\/\/sport.cloud4.sbg.meosis.fr\/refonte-eurostand-lorraine\/club\/04-2-horaires-de-tir.html","url":"https:\/\/sport.cloud4.sbg.meosis.fr\/refonte-eurostand-lorraine\/club\/04-2-horaires-de-tir.html","name":"05\/2 - HORAIRES DE TIR \u203a Club de Tir Eurostand","isPartOf":{"@id":"https:\/\/sport.cloud4.sbg.meosis.fr\/refonte-eurostand-lorraine\/#website"},"datePublished":"2023-02-01T06:15:19+00:00","dateModified":"2023-11-23T17:05:11+00:00","description":"Nous appliquons les horaires hiver Jours Ouverture Commentaires Lundi Ferm\u00e9 Entretien ou tirs sp\u00e9cialis\u00e9s (administratifs ou autres) Mardi Ferm\u00e9 Entretien","breadcrumb":{"@id":"https:\/\/sport.cloud4.sbg.meosis.fr\/refonte-eurostand-lorraine\/club\/04-2-horaires-de-tir.html#breadcrumb"},"inLanguage":"fr-FR","potentialAction":[{"@type":"ReadAction","target":["https:\/\/sport.cloud4.sbg.meosis.fr\/refonte-eurostand-lorraine\/club\/04-2-horaires-de-tir.html"]}]},{"@type":"BreadcrumbList","@id":"https:\/\/sport.cloud4.sbg.meosis.fr\/refonte-eurostand-lorraine\/club\/04-2-horaires-de-tir.html#breadcrumb","itemListElement":[{"@type":"ListItem","position":1,"name":"Club de Tir Eurostand","item":"https:\/\/sport.cloud4.sbg.meosis.fr\/refonte-eurostand-lorraine\/"},{"@type":"ListItem","position":2,"name":"Club","item":"https:\/\/sport.cloud4.sbg.meosis.fr\/refonte-eurostand-lorraine\/club.html"},{"@type":"ListItem","position":3,"name":"05\/2 &#8211; HORAIRES DE TIR"}]},{"@type":"WebSite","@id":"https:\/\/sport.cloud4.sbg.meosis.fr\/refonte-eurostand-lorraine\/#website","url":"https:\/\/sport.cloud4.sbg.meosis.fr\/refonte-eurostand-lorraine\/","name":"Club de tir Eurostand","description":"Club de tir Eurostand : club de tir en Moselle","publisher":{"@id":"https:\/\/sport.cloud4.sbg.meosis.fr\/refonte-eurostand-lorraine\/#organization"},"potentialAction":[{"@type":"SearchAction","target":{"@type":"EntryPoint","urlTemplate":"https:\/\/sport.cloud4.sbg.meosis.fr\/refonte-eurostand-lorraine\/?s={search_term_string}"},"query-input":{"@type":"PropertyValueSpecification","valueRequired":true,"valueName":"search_term_string"}}],"inLanguage":"fr-FR"},{"@type":"Organization","@id":"https:\/\/sport.cloud4.sbg.meosis.fr\/refonte-eurostand-lorraine\/#organization","name":"Club de tir Eurostand","url":"https:\/\/sport.cloud4.sbg.meosis.fr\/refonte-eurostand-lorraine\/","logo":{"@type":"ImageObject","inLanguage":"fr-FR","@id":"https:\/\/sport.cloud4.sbg.meosis.fr\/refonte-eurostand-lorraine\/#\/schema\/logo\/image\/","url":"https:\/\/sport.cloud4.sbg.meosis.fr\/refonte-eurostand-lorraine\/wp-content\/uploads\/sites\/7\/2022\/12\/Logo.png","contentUrl":"https:\/\/sport.cloud4.sbg.meosis.fr\/refonte-eurostand-lorraine\/wp-content\/uploads\/sites\/7\/2022\/12\/Logo.png","width":347,"height":58,"caption":"Club de tir Eurostand"},"image":{"@id":"https:\/\/sport.cloud4.sbg.meosis.fr\/refonte-eurostand-lorraine\/#\/schema\/logo\/image\/"}}]}},"_links":{"self":[{"href":"https:\/\/sport.cloud4.sbg.meosis.fr\/refonte-eurostand-lorraine\/wp-json\/wp\/v2\/pages\/1379","targetHints":{"allow":["GET"]}}],"collection":[{"href":"https:\/\/sport.cloud4.sbg.meosis.fr\/refonte-eurostand-lorraine\/wp-json\/wp\/v2\/pages"}],"about":[{"href":"https:\/\/sport.cloud4.sbg.meosis.fr\/refonte-eurostand-lorraine\/wp-json\/wp\/v2\/types\/page"}],"author":[{"embeddable":true,"href":"https:\/\/sport.cloud4.sbg.meosis.fr\/refonte-eurostand-lorraine\/wp-json\/wp\/v2\/users\/6"}],"replies":[{"embeddable":true,"href":"https:\/\/sport.cloud4.sbg.meosis.fr\/refonte-eurostand-lorraine\/wp-json\/wp\/v2\/comments?post=1379"}],"version-history":[{"count":5,"href":"https:\/\/sport.cloud4.sbg.meosis.fr\/refonte-eurostand-lorraine\/wp-json\/wp\/v2\/pages\/1379\/revisions"}],"predecessor-version":[{"id":21375,"href":"https:\/\/sport.cloud4.sbg.meosis.fr\/refonte-eurostand-lorraine\/wp-json\/wp\/v2\/pages\/1379\/revisions\/21375"}],"up":[{"embeddable":true,"href":"https:\/\/sport.cloud4.sbg.meosis.fr\/refonte-eurostand-lorraine\/wp-json\/wp\/v2\/pages\/158"}],"wp:attachment":[{"href":"https:\/\/sport.cloud4.sbg.meosis.fr\/refonte-eurostand-lorraine\/wp-json\/wp\/v2\/media?parent=1379"}],"curies":[{"name":"wp","href":"https:\/\/api.w.org\/{rel}","templated":true}]}}