{"id":17923,"date":"2022-09-26T16:02:00","date_gmt":"2022-09-26T14:02:00","guid":{"rendered":"https:\/\/sport.cloud4.sbg.meosis.fr\/refonte-eurostand-lorraine\/?page_id=17923"},"modified":"2024-08-31T14:56:52","modified_gmt":"2024-08-31T12:56:52","slug":"repas-des-benevoles-du-16-octobre-2022","status":"publish","type":"page","link":"https:\/\/sport.cloud4.sbg.meosis.fr\/refonte-eurostand-lorraine\/club\/repas-des-benevoles-du-16-octobre-2022.html","title":{"rendered":"-Repas des b\u00e9n\u00e9voles du 15 septembre 2024"},"content":{"rendered":"\t\t<div data-elementor-type=\"wp-page\" data-elementor-id=\"17923\" class=\"elementor elementor-17923\" data-elementor-post-type=\"page\">\n\t\t\t\t\t\t<section class=\"elementor-section elementor-top-section elementor-element elementor-element-566f01cb elementor-section-boxed elementor-section-height-default elementor-section-height-default\" data-id=\"566f01cb\" data-element_type=\"section\" data-e-type=\"section\">\n\t\t\t\t\t\t<div class=\"elementor-container elementor-column-gap-default\">\n\t\t\t\t\t<div class=\"elementor-column elementor-col-100 elementor-top-column elementor-element elementor-element-17efee44\" data-id=\"17efee44\" data-element_type=\"column\" data-e-type=\"column\">\n\t\t\t<div class=\"elementor-widget-wrap elementor-element-populated\">\n\t\t\t\t\t\t<div class=\"elementor-element elementor-element-587a0069 elementor-widget elementor-widget-text-editor\" data-id=\"587a0069\" data-element_type=\"widget\" data-e-type=\"widget\" data-widget_type=\"text-editor.default\">\n\t\t\t\t<div class=\"elementor-widget-container\">\n\t\t\t\t\t\t\t\t\t<span style=\"font-size: 14pt\"><span style=\"font-size: 18pt\">La Ligue R\u00e9gionale de Tir de Lorraine et la Soci\u00e9t\u00e9 de Tir de l&rsquo;EUROSTAND Lorraine organise le 15 septembre 2024 \u00e0 12h00 un repas pour remercier les b\u00e9n\u00e9voles qui nous ont aid\u00e9s au cours de cette saison 2023-2024<\/span>\n<\/span>\n\n&nbsp;\n\n<span style=\"font-size: 18pt\"><strong>Vous y \u00eates invit\u00e9s ainsi que votre conjoint ou conjointe<\/strong><\/span>\n\n<span style=\"font-size: 18pt\"><strong>Si vous \u00eates int\u00e9ress\u00e9s, remplissez le formulaire ci-dessous :<\/strong><\/span>\n\n<script type=\"text\/javascript\">var gform;gform||(document.addEventListener(\"gform_main_scripts_loaded\",function(){gform.scriptsLoaded=!0}),window.addEventListener(\"DOMContentLoaded\",function(){gform.domLoaded=!0}),gform={domLoaded:!1,scriptsLoaded:!1,initializeOnLoaded:function(o){gform.domLoaded&&gform.scriptsLoaded?o():!gform.domLoaded&&gform.scriptsLoaded?window.addEventListener(\"DOMContentLoaded\",o):document.addEventListener(\"gform_main_scripts_loaded\",o)},hooks:{action:{},filter:{}},addAction:function(o,n,r,t){gform.addHook(\"action\",o,n,r,t)},addFilter:function(o,n,r,t){gform.addHook(\"filter\",o,n,r,t)},doAction:function(o){gform.doHook(\"action\",o,arguments)},applyFilters:function(o){return gform.doHook(\"filter\",o,arguments)},removeAction:function(o,n){gform.removeHook(\"action\",o,n)},removeFilter:function(o,n,r){gform.removeHook(\"filter\",o,n,r)},addHook:function(o,n,r,t,i){null==gform.hooks[o][n]&&(gform.hooks[o][n]=[]);var e=gform.hooks[o][n];null==i&&(i=n+\"_\"+e.length),gform.hooks[o][n].push({tag:i,callable:r,priority:t=null==t?10:t})},doHook:function(n,o,r){var t;if(r=Array.prototype.slice.call(r,1),null!=gform.hooks[n][o]&&((o=gform.hooks[n][o]).sort(function(o,n){return o.priority-n.priority}),o.forEach(function(o){\"function\"!=typeof(t=o.callable)&&(t=window[t]),\"action\"==n?t.apply(null,r):r[0]=t.apply(null,r)})),\"filter\"==n)return r[0]},removeHook:function(o,n,t,i){var r;null!=gform.hooks[o][n]&&(r=(r=gform.hooks[o][n]).filter(function(o,n,r){return!!(null!=i&&i!=o.tag||null!=t&&t!=o.priority)}),gform.hooks[o][n]=r)}});<\/script>\n                <div class='gf_browser_gecko gform_wrapper gform_legacy_markup_wrapper gform-theme--no-framework' data-form-theme='legacy' data-form-index='0' id='gform_wrapper_40' ><div id='gf_40' class='gform_anchor' tabindex='-1'><\/div><form method='post' enctype='multipart\/form-data' target='gform_ajax_frame_40' id='gform_40'  action='\/refonte-eurostand-lorraine\/wp-json\/wp\/v2\/pages\/17923#gf_40' data-formid='40' novalidate>\n                        <div class='gform-body gform_body'><ul id='gform_fields_40' class='gform_fields top_label form_sublabel_below description_above'><li id=\"field_40_2\"  class=\"gfield gfield--type-email gfield_contains_required field_sublabel_below gfield--no-description field_description_above gfield_visibility_visible\"  data-js-reload=\"field_40_2\"><label class='gfield_label gform-field-label' for='input_40_2' >E-mail<span class=\"gfield_required\"><span class=\"gfield_required gfield_required_text\">(N\u00e9cessaire)<\/span><\/span><\/label><div class='ginput_container ginput_container_email'>\n                            <input name='input_2' id='input_40_2' type='email' value='' class='medium'    aria-required=\"true\" aria-invalid=\"false\"  \/>\n                        <\/div><\/li><li id=\"field_40_3\"  class=\"gfield gfield--type-name gfield_contains_required field_sublabel_below gfield--no-description field_description_above gfield_visibility_visible\"  data-js-reload=\"field_40_3\"><label class='gfield_label gform-field-label gfield_label_before_complex'  >Nom<span class=\"gfield_required\"><span class=\"gfield_required gfield_required_text\">(N\u00e9cessaire)<\/span><\/span><\/label><div class='ginput_complex ginput_container ginput_container--name no_prefix has_first_name no_middle_name has_last_name no_suffix gf_name_has_2 ginput_container_name gform-grid-row' id='input_40_3'>\n                            \n                            <span id='input_40_3_3_container' class='name_first gform-grid-col gform-grid-col--size-auto' >\n                                                    <input type='text' name='input_3.3' id='input_40_3_3' value=''   aria-required='true'     \/>\n                                                    <label for='input_40_3_3' class='gform-field-label gform-field-label--type-sub '>Pr\u00e9nom<\/label>\n                                                <\/span>\n                            \n                            <span id='input_40_3_6_container' class='name_last gform-grid-col gform-grid-col--size-auto' >\n                                                    <input type='text' name='input_3.6' id='input_40_3_6' value=''   aria-required='true'     \/>\n                                                    <label for='input_40_3_6' class='gform-field-label gform-field-label--type-sub '>Nom<\/label>\n                                                <\/span>\n                            \n                        <\/div><\/li><li id=\"field_40_27\"  class=\"gfield gfield--type-checkbox gfield--type-choice gfield--width-full gfield_contains_required field_sublabel_below gfield--no-description field_description_above gfield_visibility_visible\"  data-js-reload=\"field_40_27\"><label class='gfield_label gform-field-label gfield_label_before_complex'  >Pr\u00e9sence repas<span class=\"gfield_required\"><span class=\"gfield_required gfield_required_text\">(N\u00e9cessaire)<\/span><\/span><\/label><div class='ginput_container ginput_container_checkbox'><ul class='gfield_checkbox' id='input_40_27'><li class='gchoice gchoice_40_27_1'>\n\t\t\t\t\t\t\t\t<input class='gfield-choice-input' name='input_27.1' type='checkbox'  value='0 - Je ne viens pas'  id='choice_40_27_1'   \/>\n\t\t\t\t\t\t\t\t<label for='choice_40_27_1' id='label_40_27_1' class='gform-field-label gform-field-label--type-inline'>0 &#8211; Je ne viens pas<\/label>\n\t\t\t\t\t\t\t<\/li><li class='gchoice gchoice_40_27_2'>\n\t\t\t\t\t\t\t\t<input class='gfield-choice-input' name='input_27.2' type='checkbox'  value='1 - Repas'  id='choice_40_27_2'   \/>\n\t\t\t\t\t\t\t\t<label for='choice_40_27_2' id='label_40_27_2' class='gform-field-label gform-field-label--type-inline'>1 &#8211; Repas<\/label>\n\t\t\t\t\t\t\t<\/li><li class='gchoice gchoice_40_27_3'>\n\t\t\t\t\t\t\t\t<input class='gfield-choice-input' name='input_27.3' type='checkbox'  value='2 - Repas'  id='choice_40_27_3'   \/>\n\t\t\t\t\t\t\t\t<label for='choice_40_27_3' id='label_40_27_3' class='gform-field-label gform-field-label--type-inline'>2 &#8211; Repas<\/label>\n\t\t\t\t\t\t\t<\/li><\/ul><\/div><\/li><\/ul><\/div>\n        <div class='gform_footer top_label'> <input type='submit' id='gform_submit_button_40' class='gform_button button' value='Envoyer'  onclick='if(window[\"gf_submitting_40\"]){return false;}  if( !jQuery(\"#gform_40\")[0].checkValidity || jQuery(\"#gform_40\")[0].checkValidity()){window[\"gf_submitting_40\"]=true;}  ' onkeypress='if( event.keyCode == 13 ){ if(window[\"gf_submitting_40\"]){return false;} if( !jQuery(\"#gform_40\")[0].checkValidity || jQuery(\"#gform_40\")[0].checkValidity()){window[\"gf_submitting_40\"]=true;}  jQuery(\"#gform_40\").trigger(\"submit\",[true]); }' \/> <input type='hidden' name='gform_ajax' value='form_id=40&amp;title=&amp;description=&amp;tabindex=0&amp;theme=data-form-theme=&#039;legacy&#039;' \/>\n            <input type='hidden' class='gform_hidden' name='is_submit_40' value='1' \/>\n            <input type='hidden' class='gform_hidden' name='gform_submit' value='40' \/>\n            \n            <input type='hidden' class='gform_hidden' name='gform_unique_id' value='' \/>\n            <input type='hidden' class='gform_hidden' name='state_40' value='WyJ7XCIyNy4xXCI6XCI2MmQyMjlhZjgzODQwNjRlNTVjMWZjOTNkYTg0ZDQzY1wiLFwiMjcuMlwiOlwiZGU1ZjQ2YzNmZDJhZjhmMzI5ZTdmNDM2MzUxOTQ2NzJcIixcIjI3LjNcIjpcImY4MDQwZTAzYzdkMWE0ZDJkMDM3YzZhMjI1NjE0MDQ0XCJ9IiwiMzZkNTMyYjA3OTliODUyMGVlODg2NTNmMTZhMGM0ZDAiXQ==' \/>\n            <input type='hidden' class='gform_hidden' name='gform_target_page_number_40' id='gform_target_page_number_40' value='0' \/>\n            <input type='hidden' class='gform_hidden' name='gform_source_page_number_40' id='gform_source_page_number_40' value='1' \/>\n            <input type='hidden' name='gform_field_values' value='' \/>\n            \n        <\/div>\n                        <p style=\"display: none !important;\" class=\"akismet-fields-container\" data-prefix=\"ak_\"><label>&#916;<textarea name=\"ak_hp_textarea\" cols=\"45\" rows=\"8\" maxlength=\"100\"><\/textarea><\/label><input type=\"hidden\" id=\"ak_js_1\" name=\"ak_js\" value=\"15\"\/><script>document.getElementById( \"ak_js_1\" ).setAttribute( \"value\", ( new Date() ).getTime() );<\/script><\/p><\/form>\n                        <\/div>\n\t\t                <iframe style='display:none;width:0px;height:0px;' src='about:blank' name='gform_ajax_frame_40' id='gform_ajax_frame_40' title='Cette iframe contient la logique n\u00e9cessaire pour manipuler Gravity Forms avec Ajax.'><\/iframe>\n\t\t                <script>\ngform.initializeOnLoaded( function() {gformInitSpinner( 40, 'https:\/\/sport.cloud4.sbg.meosis.fr\/refonte-eurostand-lorraine\/wp-content\/plugins\/gravityforms\/images\/spinner.svg', true );jQuery('#gform_ajax_frame_40').on('load',function(){var contents = jQuery(this).contents().find('*').html();var is_postback = contents.indexOf('GF_AJAX_POSTBACK') >= 0;if(!is_postback){return;}var form_content = jQuery(this).contents().find('#gform_wrapper_40');var is_confirmation = jQuery(this).contents().find('#gform_confirmation_wrapper_40').length > 0;var is_redirect = contents.indexOf('gformRedirect(){') >= 0;var is_form = form_content.length > 0 && ! is_redirect && ! is_confirmation;var mt = parseInt(jQuery('html').css('margin-top'), 10) + parseInt(jQuery('body').css('margin-top'), 10) + 100;if(is_form){jQuery('#gform_wrapper_40').html(form_content.html());if(form_content.hasClass('gform_validation_error')){jQuery('#gform_wrapper_40').addClass('gform_validation_error');} else {jQuery('#gform_wrapper_40').removeClass('gform_validation_error');}setTimeout( function() { \/* delay the scroll by 50 milliseconds to fix a bug in chrome *\/ jQuery(document).scrollTop(jQuery('#gform_wrapper_40').offset().top - mt); }, 50 );if(window['gformInitDatepicker']) {gformInitDatepicker();}if(window['gformInitPriceFields']) {gformInitPriceFields();}var current_page = jQuery('#gform_source_page_number_40').val();gformInitSpinner( 40, 'https:\/\/sport.cloud4.sbg.meosis.fr\/refonte-eurostand-lorraine\/wp-content\/plugins\/gravityforms\/images\/spinner.svg', true );jQuery(document).trigger('gform_page_loaded', [40, current_page]);window['gf_submitting_40'] = false;}else if(!is_redirect){var confirmation_content = jQuery(this).contents().find('.GF_AJAX_POSTBACK').html();if(!confirmation_content){confirmation_content = contents;}setTimeout(function(){jQuery('#gform_wrapper_40').replaceWith(confirmation_content);jQuery(document).scrollTop(jQuery('#gf_40').offset().top - mt);jQuery(document).trigger('gform_confirmation_loaded', [40]);window['gf_submitting_40'] = false;wp.a11y.speak(jQuery('#gform_confirmation_message_40').text());}, 50);}else{jQuery('#gform_40').append(contents);if(window['gformRedirect']) {gformRedirect();}}jQuery(document).trigger('gform_post_render', [40, current_page]);gform.utils.trigger({ event: 'gform\/postRender', native: false, data: { formId: 40, currentPage: current_page } });} );} );\n<\/script>\n\t\t\t\t\t\t\t\t<\/div>\n\t\t\t\t<\/div>\n\t\t\t\t\t<\/div>\n\t\t<\/div>\n\t\t\t\t\t<\/div>\n\t\t<\/section>\n\t\t\t\t<\/div>\n\t\t","protected":false},"excerpt":{"rendered":"<p>La Ligue R\u00e9gionale de Tir de Lorraine et la Soci\u00e9t\u00e9 de Tir de l&rsquo;EUROSTAND Lorraine organise le 15 septembre 2024 \u00e0 12h00 un repas pour remercier les b\u00e9n\u00e9voles qui nous ont aid\u00e9s au cours de cette saison 2023-2024 &nbsp; Vous y \u00eates invit\u00e9s ainsi que votre conjoint ou conjointe Si vous \u00eates int\u00e9ress\u00e9s, remplissez le [&hellip;]<\/p>\n","protected":false},"author":6,"featured_media":0,"parent":158,"menu_order":0,"comment_status":"closed","ping_status":"closed","template":"","meta":{"_acf_changed":false,"_yoast_wpseo_title":"","_yoast_wpseo_metadesc":"","footnotes":""},"class_list":["post-17923","page","type-page","status-publish","hentry"],"acf":[],"yoast_head":"<!-- This site is optimized with the Yoast SEO plugin v27.3 - https:\/\/yoast.com\/product\/yoast-seo-wordpress\/ -->\n<title>-Repas des b\u00e9n\u00e9voles du 15 septembre 2024 \u203a Club de Tir Eurostand<\/title>\n<meta name=\"description\" content=\"La Ligue R\u00e9gionale de Tir de Lorraine et la Soci\u00e9t\u00e9 de Tir de l&#039;EUROSTAND Lorraine organise le 15 septembre 2024 \u00e0 12h00 un repas pour remercier les\" \/>\n<meta name=\"robots\" content=\"index, follow, max-snippet:-1, max-image-preview:large, max-video-preview:-1\" \/>\n<link rel=\"canonical\" href=\"https:\/\/sport.cloud4.sbg.meosis.fr\/refonte-eurostand-lorraine\/club\/repas-des-benevoles-du-16-octobre-2022.html\" \/>\n<meta property=\"og:locale\" content=\"fr_FR\" \/>\n<meta property=\"og:type\" content=\"article\" \/>\n<meta property=\"og:title\" content=\"-Repas des b\u00e9n\u00e9voles du 15 septembre 2024 \u203a Club de Tir Eurostand\" \/>\n<meta property=\"og:description\" content=\"La Ligue R\u00e9gionale de Tir de Lorraine et la Soci\u00e9t\u00e9 de Tir de l&#039;EUROSTAND Lorraine organise le 15 septembre 2024 \u00e0 12h00 un repas pour remercier les\" \/>\n<meta property=\"og:url\" content=\"https:\/\/sport.cloud4.sbg.meosis.fr\/refonte-eurostand-lorraine\/club\/repas-des-benevoles-du-16-octobre-2022.html\" \/>\n<meta property=\"og:site_name\" content=\"Club de tir Eurostand\" \/>\n<meta property=\"article:modified_time\" content=\"2024-08-31T12:56:52+00:00\" \/>\n<meta name=\"twitter:card\" content=\"summary_large_image\" \/>\n<meta name=\"twitter:label1\" content=\"Dur\u00e9e de lecture estim\u00e9e\" \/>\n\t<meta name=\"twitter:data1\" content=\"1 minute\" \/>\n<script type=\"application\/ld+json\" class=\"yoast-schema-graph\">{\"@context\":\"https:\\\/\\\/schema.org\",\"@graph\":[{\"@type\":\"WebPage\",\"@id\":\"https:\\\/\\\/sport.cloud4.sbg.meosis.fr\\\/refonte-eurostand-lorraine\\\/club\\\/repas-des-benevoles-du-16-octobre-2022.html\",\"url\":\"https:\\\/\\\/sport.cloud4.sbg.meosis.fr\\\/refonte-eurostand-lorraine\\\/club\\\/repas-des-benevoles-du-16-octobre-2022.html\",\"name\":\"-Repas des b\u00e9n\u00e9voles du 15 septembre 2024 \u203a Club de Tir Eurostand\",\"isPartOf\":{\"@id\":\"https:\\\/\\\/sport.cloud4.sbg.meosis.fr\\\/refonte-eurostand-lorraine\\\/#website\"},\"datePublished\":\"2022-09-26T14:02:00+00:00\",\"dateModified\":\"2024-08-31T12:56:52+00:00\",\"description\":\"La Ligue R\u00e9gionale de Tir de Lorraine et la Soci\u00e9t\u00e9 de Tir de l'EUROSTAND Lorraine organise le 15 septembre 2024 \u00e0 12h00 un repas pour remercier les\",\"breadcrumb\":{\"@id\":\"https:\\\/\\\/sport.cloud4.sbg.meosis.fr\\\/refonte-eurostand-lorraine\\\/club\\\/repas-des-benevoles-du-16-octobre-2022.html#breadcrumb\"},\"inLanguage\":\"fr-FR\",\"potentialAction\":[{\"@type\":\"ReadAction\",\"target\":[\"https:\\\/\\\/sport.cloud4.sbg.meosis.fr\\\/refonte-eurostand-lorraine\\\/club\\\/repas-des-benevoles-du-16-octobre-2022.html\"]}]},{\"@type\":\"BreadcrumbList\",\"@id\":\"https:\\\/\\\/sport.cloud4.sbg.meosis.fr\\\/refonte-eurostand-lorraine\\\/club\\\/repas-des-benevoles-du-16-octobre-2022.html#breadcrumb\",\"itemListElement\":[{\"@type\":\"ListItem\",\"position\":1,\"name\":\"Club de Tir Eurostand\",\"item\":\"https:\\\/\\\/sport.cloud4.sbg.meosis.fr\\\/refonte-eurostand-lorraine\\\/\"},{\"@type\":\"ListItem\",\"position\":2,\"name\":\"Club\",\"item\":\"https:\\\/\\\/sport.cloud4.sbg.meosis.fr\\\/refonte-eurostand-lorraine\\\/club.html\"},{\"@type\":\"ListItem\",\"position\":3,\"name\":\"-Repas des b\u00e9n\u00e9voles du 15 septembre 2024\"}]},{\"@type\":\"WebSite\",\"@id\":\"https:\\\/\\\/sport.cloud4.sbg.meosis.fr\\\/refonte-eurostand-lorraine\\\/#website\",\"url\":\"https:\\\/\\\/sport.cloud4.sbg.meosis.fr\\\/refonte-eurostand-lorraine\\\/\",\"name\":\"Club de tir Eurostand\",\"description\":\"Club de tir Eurostand : club de tir en Moselle\",\"publisher\":{\"@id\":\"https:\\\/\\\/sport.cloud4.sbg.meosis.fr\\\/refonte-eurostand-lorraine\\\/#organization\"},\"potentialAction\":[{\"@type\":\"SearchAction\",\"target\":{\"@type\":\"EntryPoint\",\"urlTemplate\":\"https:\\\/\\\/sport.cloud4.sbg.meosis.fr\\\/refonte-eurostand-lorraine\\\/?s={search_term_string}\"},\"query-input\":{\"@type\":\"PropertyValueSpecification\",\"valueRequired\":true,\"valueName\":\"search_term_string\"}}],\"inLanguage\":\"fr-FR\"},{\"@type\":\"Organization\",\"@id\":\"https:\\\/\\\/sport.cloud4.sbg.meosis.fr\\\/refonte-eurostand-lorraine\\\/#organization\",\"name\":\"Club de tir Eurostand\",\"url\":\"https:\\\/\\\/sport.cloud4.sbg.meosis.fr\\\/refonte-eurostand-lorraine\\\/\",\"logo\":{\"@type\":\"ImageObject\",\"inLanguage\":\"fr-FR\",\"@id\":\"https:\\\/\\\/sport.cloud4.sbg.meosis.fr\\\/refonte-eurostand-lorraine\\\/#\\\/schema\\\/logo\\\/image\\\/\",\"url\":\"https:\\\/\\\/sport.cloud4.sbg.meosis.fr\\\/refonte-eurostand-lorraine\\\/wp-content\\\/uploads\\\/sites\\\/7\\\/2022\\\/12\\\/Logo.png\",\"contentUrl\":\"https:\\\/\\\/sport.cloud4.sbg.meosis.fr\\\/refonte-eurostand-lorraine\\\/wp-content\\\/uploads\\\/sites\\\/7\\\/2022\\\/12\\\/Logo.png\",\"width\":347,\"height\":58,\"caption\":\"Club de tir Eurostand\"},\"image\":{\"@id\":\"https:\\\/\\\/sport.cloud4.sbg.meosis.fr\\\/refonte-eurostand-lorraine\\\/#\\\/schema\\\/logo\\\/image\\\/\"}}]}<\/script>\n<!-- \/ Yoast SEO plugin. -->","yoast_head_json":{"title":"-Repas des b\u00e9n\u00e9voles du 15 septembre 2024 \u203a Club de Tir Eurostand","description":"La Ligue R\u00e9gionale de Tir de Lorraine et la Soci\u00e9t\u00e9 de Tir de l'EUROSTAND Lorraine organise le 15 septembre 2024 \u00e0 12h00 un repas pour remercier les","robots":{"index":"index","follow":"follow","max-snippet":"max-snippet:-1","max-image-preview":"max-image-preview:large","max-video-preview":"max-video-preview:-1"},"canonical":"https:\/\/sport.cloud4.sbg.meosis.fr\/refonte-eurostand-lorraine\/club\/repas-des-benevoles-du-16-octobre-2022.html","og_locale":"fr_FR","og_type":"article","og_title":"-Repas des b\u00e9n\u00e9voles du 15 septembre 2024 \u203a Club de Tir Eurostand","og_description":"La Ligue R\u00e9gionale de Tir de Lorraine et la Soci\u00e9t\u00e9 de Tir de l'EUROSTAND Lorraine organise le 15 septembre 2024 \u00e0 12h00 un repas pour remercier les","og_url":"https:\/\/sport.cloud4.sbg.meosis.fr\/refonte-eurostand-lorraine\/club\/repas-des-benevoles-du-16-octobre-2022.html","og_site_name":"Club de tir Eurostand","article_modified_time":"2024-08-31T12:56:52+00:00","twitter_card":"summary_large_image","twitter_misc":{"Dur\u00e9e de lecture estim\u00e9e":"1 minute"},"schema":{"@context":"https:\/\/schema.org","@graph":[{"@type":"WebPage","@id":"https:\/\/sport.cloud4.sbg.meosis.fr\/refonte-eurostand-lorraine\/club\/repas-des-benevoles-du-16-octobre-2022.html","url":"https:\/\/sport.cloud4.sbg.meosis.fr\/refonte-eurostand-lorraine\/club\/repas-des-benevoles-du-16-octobre-2022.html","name":"-Repas des b\u00e9n\u00e9voles du 15 septembre 2024 \u203a Club de Tir Eurostand","isPartOf":{"@id":"https:\/\/sport.cloud4.sbg.meosis.fr\/refonte-eurostand-lorraine\/#website"},"datePublished":"2022-09-26T14:02:00+00:00","dateModified":"2024-08-31T12:56:52+00:00","description":"La Ligue R\u00e9gionale de Tir de Lorraine et la Soci\u00e9t\u00e9 de Tir de l'EUROSTAND Lorraine organise le 15 septembre 2024 \u00e0 12h00 un repas pour remercier les","breadcrumb":{"@id":"https:\/\/sport.cloud4.sbg.meosis.fr\/refonte-eurostand-lorraine\/club\/repas-des-benevoles-du-16-octobre-2022.html#breadcrumb"},"inLanguage":"fr-FR","potentialAction":[{"@type":"ReadAction","target":["https:\/\/sport.cloud4.sbg.meosis.fr\/refonte-eurostand-lorraine\/club\/repas-des-benevoles-du-16-octobre-2022.html"]}]},{"@type":"BreadcrumbList","@id":"https:\/\/sport.cloud4.sbg.meosis.fr\/refonte-eurostand-lorraine\/club\/repas-des-benevoles-du-16-octobre-2022.html#breadcrumb","itemListElement":[{"@type":"ListItem","position":1,"name":"Club de Tir Eurostand","item":"https:\/\/sport.cloud4.sbg.meosis.fr\/refonte-eurostand-lorraine\/"},{"@type":"ListItem","position":2,"name":"Club","item":"https:\/\/sport.cloud4.sbg.meosis.fr\/refonte-eurostand-lorraine\/club.html"},{"@type":"ListItem","position":3,"name":"-Repas des b\u00e9n\u00e9voles du 15 septembre 2024"}]},{"@type":"WebSite","@id":"https:\/\/sport.cloud4.sbg.meosis.fr\/refonte-eurostand-lorraine\/#website","url":"https:\/\/sport.cloud4.sbg.meosis.fr\/refonte-eurostand-lorraine\/","name":"Club de tir Eurostand","description":"Club de tir Eurostand : club de tir en Moselle","publisher":{"@id":"https:\/\/sport.cloud4.sbg.meosis.fr\/refonte-eurostand-lorraine\/#organization"},"potentialAction":[{"@type":"SearchAction","target":{"@type":"EntryPoint","urlTemplate":"https:\/\/sport.cloud4.sbg.meosis.fr\/refonte-eurostand-lorraine\/?s={search_term_string}"},"query-input":{"@type":"PropertyValueSpecification","valueRequired":true,"valueName":"search_term_string"}}],"inLanguage":"fr-FR"},{"@type":"Organization","@id":"https:\/\/sport.cloud4.sbg.meosis.fr\/refonte-eurostand-lorraine\/#organization","name":"Club de tir Eurostand","url":"https:\/\/sport.cloud4.sbg.meosis.fr\/refonte-eurostand-lorraine\/","logo":{"@type":"ImageObject","inLanguage":"fr-FR","@id":"https:\/\/sport.cloud4.sbg.meosis.fr\/refonte-eurostand-lorraine\/#\/schema\/logo\/image\/","url":"https:\/\/sport.cloud4.sbg.meosis.fr\/refonte-eurostand-lorraine\/wp-content\/uploads\/sites\/7\/2022\/12\/Logo.png","contentUrl":"https:\/\/sport.cloud4.sbg.meosis.fr\/refonte-eurostand-lorraine\/wp-content\/uploads\/sites\/7\/2022\/12\/Logo.png","width":347,"height":58,"caption":"Club de tir Eurostand"},"image":{"@id":"https:\/\/sport.cloud4.sbg.meosis.fr\/refonte-eurostand-lorraine\/#\/schema\/logo\/image\/"}}]}},"_links":{"self":[{"href":"https:\/\/sport.cloud4.sbg.meosis.fr\/refonte-eurostand-lorraine\/wp-json\/wp\/v2\/pages\/17923","targetHints":{"allow":["GET"]}}],"collection":[{"href":"https:\/\/sport.cloud4.sbg.meosis.fr\/refonte-eurostand-lorraine\/wp-json\/wp\/v2\/pages"}],"about":[{"href":"https:\/\/sport.cloud4.sbg.meosis.fr\/refonte-eurostand-lorraine\/wp-json\/wp\/v2\/types\/page"}],"author":[{"embeddable":true,"href":"https:\/\/sport.cloud4.sbg.meosis.fr\/refonte-eurostand-lorraine\/wp-json\/wp\/v2\/users\/6"}],"replies":[{"embeddable":true,"href":"https:\/\/sport.cloud4.sbg.meosis.fr\/refonte-eurostand-lorraine\/wp-json\/wp\/v2\/comments?post=17923"}],"version-history":[{"count":5,"href":"https:\/\/sport.cloud4.sbg.meosis.fr\/refonte-eurostand-lorraine\/wp-json\/wp\/v2\/pages\/17923\/revisions"}],"predecessor-version":[{"id":23471,"href":"https:\/\/sport.cloud4.sbg.meosis.fr\/refonte-eurostand-lorraine\/wp-json\/wp\/v2\/pages\/17923\/revisions\/23471"}],"up":[{"embeddable":true,"href":"https:\/\/sport.cloud4.sbg.meosis.fr\/refonte-eurostand-lorraine\/wp-json\/wp\/v2\/pages\/158"}],"wp:attachment":[{"href":"https:\/\/sport.cloud4.sbg.meosis.fr\/refonte-eurostand-lorraine\/wp-json\/wp\/v2\/media?parent=17923"}],"curies":[{"name":"wp","href":"https:\/\/api.w.org\/{rel}","templated":true}]}}