{"id":18687,"date":"2023-02-01T08:05:04","date_gmt":"2023-02-01T07:05:04","guid":{"rendered":"https:\/\/www.eurostand-lorraine.fr\/?page_id=18687"},"modified":"2024-08-24T09:37:53","modified_gmt":"2024-08-24T07:37:53","slug":"08-1-seance-dinitiation-au-tir-a-lair-comprime","status":"publish","type":"page","link":"https:\/\/sport.cloud4.sbg.meosis.fr\/refonte-eurostand-lorraine\/club\/08-1-seance-dinitiation-au-tir-a-lair-comprime.html","title":{"rendered":"08-1 S\u00e9ance d&rsquo;initiation au tir \u00e0 l&rsquo;air comprim\u00e9"},"content":{"rendered":"<p><strong>Le club organise des sessions d&rsquo;initiation au tir \u00e0 air comprim\u00e9 certains dimanche \u00e0 14h00 en fonction de\u00a0 la demande.<br \/>\n<\/strong><\/p>\n<p>Le d\u00e9cret\u00a0 du 01\/08\/2018 article <strong>R312-43-1<\/strong> modifi\u00e9 par le d\u00e9cret du 28\/04\/2020 modifie les r\u00e8gles pour les tirs d\u2019initiation au tir :<\/p>\n<p>Il faudra faire enregistrer les personnes en utilisant le formulaire d&rsquo;inscription indiquant Nom, Pr\u00e9nom, date de naissance, une semaine avant la s\u00e9ance organis\u00e9e par le club. Les initiations personnelles sont interdites !<\/p>\n<p>Apr\u00e8s validation de la demande par contr\u00f4le avec le fichier des interdits d\u2019armes, la personne sera pr\u00e9venue de l\u2019heure et du jour de la s\u00e9ance. Ces s\u00e9ances pourront se d\u00e9rouler<\/p>\n<p>sur le pas de tir 10 m \u00e0 l&rsquo;arme \u00e0 plomb (air comprim\u00e9)<\/p>\n<p>&nbsp;<\/p>\n<p>Les armes et plombs vous seront fournies, co\u00fbt de la s\u00e9ance : 10.00 \u20ac. Les s\u00e9ances se d\u00e9rouleront\u00a0 avec l&rsquo;assistance obligatoire d&rsquo;un moniteur du club.<\/p>\n<p>Vous pourrez faire 2 s\u00e9ances d&rsquo;initiation maximum sur une p\u00e9riode de 12 mois (air comprim\u00e9)<\/p>\n<p>Pour pouvoir y participer, remplissez le questionnaire ci-dessous afin de nous permettre d&rsquo;effectuer les proc\u00e9dures obligatoires :<\/p>\n<script type=\"text\/javascript\">var gform;gform||(document.addEventListener(\"gform_main_scripts_loaded\",function(){gform.scriptsLoaded=!0}),window.addEventListener(\"DOMContentLoaded\",function(){gform.domLoaded=!0}),gform={domLoaded:!1,scriptsLoaded:!1,initializeOnLoaded:function(o){gform.domLoaded&&gform.scriptsLoaded?o():!gform.domLoaded&&gform.scriptsLoaded?window.addEventListener(\"DOMContentLoaded\",o):document.addEventListener(\"gform_main_scripts_loaded\",o)},hooks:{action:{},filter:{}},addAction:function(o,n,r,t){gform.addHook(\"action\",o,n,r,t)},addFilter:function(o,n,r,t){gform.addHook(\"filter\",o,n,r,t)},doAction:function(o){gform.doHook(\"action\",o,arguments)},applyFilters:function(o){return gform.doHook(\"filter\",o,arguments)},removeAction:function(o,n){gform.removeHook(\"action\",o,n)},removeFilter:function(o,n,r){gform.removeHook(\"filter\",o,n,r)},addHook:function(o,n,r,t,i){null==gform.hooks[o][n]&&(gform.hooks[o][n]=[]);var e=gform.hooks[o][n];null==i&&(i=n+\"_\"+e.length),gform.hooks[o][n].push({tag:i,callable:r,priority:t=null==t?10:t})},doHook:function(n,o,r){var t;if(r=Array.prototype.slice.call(r,1),null!=gform.hooks[n][o]&&((o=gform.hooks[n][o]).sort(function(o,n){return o.priority-n.priority}),o.forEach(function(o){\"function\"!=typeof(t=o.callable)&&(t=window[t]),\"action\"==n?t.apply(null,r):r[0]=t.apply(null,r)})),\"filter\"==n)return r[0]},removeHook:function(o,n,t,i){var r;null!=gform.hooks[o][n]&&(r=(r=gform.hooks[o][n]).filter(function(o,n,r){return!!(null!=i&&i!=o.tag||null!=t&&t!=o.priority)}),gform.hooks[o][n]=r)}});<\/script>\n                <div class='gf_browser_gecko gform_wrapper gravity-theme gform-theme--no-framework' data-form-theme='gravity-theme' data-form-index='0' id='gform_wrapper_37' ><div id='gf_37' class='gform_anchor' tabindex='-1'><\/div><form method='post' enctype='multipart\/form-data' target='gform_ajax_frame_37' id='gform_37'  action='\/refonte-eurostand-lorraine\/wp-json\/wp\/v2\/pages\/18687#gf_37' data-formid='37' novalidate>\n                        <div class='gform-body gform_body'><div id='gform_fields_37' class='gform_fields top_label form_sublabel_below description_below'><fieldset id=\"field_37_1\"  class=\"gfield gfield--type-name gfield_contains_required field_sublabel_below gfield--has-description field_description_below gfield_visibility_visible\"  data-js-reload=\"field_37_1\"><legend class='gfield_label gform-field-label gfield_label_before_complex'  >Nom<span class=\"gfield_required\"><span class=\"gfield_required gfield_required_text\">(N\u00e9cessaire)<\/span><\/span><\/legend><div class='ginput_complex ginput_container ginput_container--name no_prefix has_first_name no_middle_name has_last_name no_suffix gf_name_has_2 ginput_container_name gform-grid-row' id='input_37_1'>\n                            \n                            <span id='input_37_1_3_container' class='name_first gform-grid-col gform-grid-col--size-auto' >\n                                                    <input type='text' name='input_1.3' id='input_37_1_3' value=''   aria-required='true'     \/>\n                                                    <label for='input_37_1_3' class='gform-field-label gform-field-label--type-sub '>Pr\u00e9nom<\/label>\n                                                <\/span>\n                            \n                            <span id='input_37_1_6_container' class='name_last gform-grid-col gform-grid-col--size-auto' >\n                                                    <input type='text' name='input_1.6' id='input_37_1_6' value=''   aria-required='true'     \/>\n                                                    <label for='input_37_1_6' class='gform-field-label gform-field-label--type-sub '>Nom<\/label>\n                                                <\/span>\n                            \n                        <\/div><div class='gfield_description' id='gfield_description_37_1'>indiquez votre Pr\u00e9nom et votre Nom<\/div><\/fieldset><div id=\"field_37_3\"  class=\"gfield gfield--type-email gfield--width-full gfield_contains_required field_sublabel_below gfield--no-description field_description_below gfield_visibility_visible\"  data-js-reload=\"field_37_3\"><label class='gfield_label gform-field-label' for='input_37_3' >E-mail<span class=\"gfield_required\"><span class=\"gfield_required gfield_required_text\">(N\u00e9cessaire)<\/span><\/span><\/label><div class='ginput_container ginput_container_email'>\n                            <input name='input_3' id='input_37_3' type='email' value='' class='large'    aria-required=\"true\" aria-invalid=\"false\"  \/>\n                        <\/div><\/div><div id=\"field_37_7\"  class=\"gfield gfield--type-date gfield--input-type-datepicker gfield--datepicker-default-icon gfield--width-full gfield_contains_required field_sublabel_below gfield--no-description field_description_below gfield_visibility_visible\"  data-js-reload=\"field_37_7\"><label class='gfield_label gform-field-label' for='input_37_7' >Date de naissance<span class=\"gfield_required\"><span class=\"gfield_required gfield_required_text\">(N\u00e9cessaire)<\/span><\/span><\/label><div class='ginput_container ginput_container_date'>\n                            <input name='input_7' id='input_37_7' type='text' value='' class='datepicker gform-datepicker dmy datepicker_with_icon gdatepicker_with_icon'   placeholder='jj\/mm\/aaaa' aria-describedby=\"input_37_7_date_format\" aria-invalid=\"false\" aria-required=\"true\"\/>\n                            <span id='input_37_7_date_format' class='screen-reader-text'>JJ slash MM slash AAAA<\/span>\n                        <\/div>\n                        <input type='hidden' id='gforms_calendar_icon_input_37_7' class='gform_hidden' value='https:\/\/sport.cloud4.sbg.meosis.fr\/refonte-eurostand-lorraine\/wp-content\/plugins\/gravityforms\/images\/datepicker\/datepicker.svg'\/><\/div><div id=\"field_37_12\"  class=\"gfield gfield--type-text gfield--width-full gfield_contains_required field_sublabel_below gfield--no-description field_description_below gfield_visibility_visible\"  data-js-reload=\"field_37_12\"><label class='gfield_label gform-field-label' for='input_37_12' >N\u00b0 de t\u00e9l\u00e9phone<span class=\"gfield_required\"><span class=\"gfield_required gfield_required_text\">(N\u00e9cessaire)<\/span><\/span><\/label><div class='ginput_container ginput_container_text'><input name='input_12' id='input_37_12' type='text' value='' class='large'     aria-required=\"true\" aria-invalid=\"false\"   \/> <\/div><\/div><fieldset id=\"field_37_14\"  class=\"gfield gfield--type-checkbox gfield--type-choice gfield--width-full gfield_contains_required field_sublabel_below gfield--no-description field_description_below gfield_visibility_visible\"  data-js-reload=\"field_37_14\"><legend class='gfield_label gform-field-label gfield_label_before_complex'  >Proposition de date<span class=\"gfield_required\"><span class=\"gfield_required gfield_required_text\">(N\u00e9cessaire)<\/span><\/span><\/legend><div class='ginput_container ginput_container_checkbox'><div class='gfield_checkbox' id='input_37_14'><div class='gchoice gchoice_37_14_1'>\n\t\t\t\t\t\t\t\t<input class='gfield-choice-input' name='input_14.1' type='checkbox'  value='15\/06\/2025  \u00e0 14h00'  id='choice_37_14_1'   \/>\n\t\t\t\t\t\t\t\t<label for='choice_37_14_1' id='label_37_14_1' class='gform-field-label gform-field-label--type-inline'>15\/06\/2025  \u00e0 14h00<\/label>\n\t\t\t\t\t\t\t<\/div><\/div><\/div><\/fieldset><div id=\"field_37_10\"  class=\"gfield gfield--type-text gfield--width-full field_sublabel_below gfield--no-description field_description_below gfield_visibility_visible\"  data-js-reload=\"field_37_10\"><label class='gfield_label gform-field-label' for='input_37_10' >Commentaires<\/label><div class='ginput_container ginput_container_text'><input name='input_10' id='input_37_10' type='text' value='' class='large'      aria-invalid=\"false\"   \/> <\/div><\/div><\/div><\/div>\n        <div class='gform_footer top_label'> <input type='submit' id='gform_submit_button_37' class='gform_button button' value='Envoyer'  onclick='if(window[\"gf_submitting_37\"]){return false;}  if( !jQuery(\"#gform_37\")[0].checkValidity || jQuery(\"#gform_37\")[0].checkValidity()){window[\"gf_submitting_37\"]=true;}  ' onkeypress='if( event.keyCode == 13 ){ if(window[\"gf_submitting_37\"]){return false;} if( !jQuery(\"#gform_37\")[0].checkValidity || jQuery(\"#gform_37\")[0].checkValidity()){window[\"gf_submitting_37\"]=true;}  jQuery(\"#gform_37\").trigger(\"submit\",[true]); }' \/> <input type='hidden' name='gform_ajax' value='form_id=37&amp;title=&amp;description=&amp;tabindex=0&amp;theme=data-form-theme=&#039;gravity-theme&#039;' \/>\n            <input type='hidden' class='gform_hidden' name='is_submit_37' value='1' \/>\n            <input type='hidden' class='gform_hidden' name='gform_submit' value='37' \/>\n            \n            <input type='hidden' class='gform_hidden' name='gform_unique_id' value='' \/>\n            <input type='hidden' class='gform_hidden' name='state_37' value='WyJ7XCIxNC4xXCI6XCI1NDA5MzM1MDY5ZmQ0MGVjZDg3OTA3NTU5NjAzNDBlZlwifSIsIjExMmY0MmNkZDQ4YWYwOTI4YmQzZTM4MTk3N2M2MjRhIl0=' \/>\n            <input type='hidden' class='gform_hidden' name='gform_target_page_number_37' id='gform_target_page_number_37' value='0' \/>\n            <input type='hidden' class='gform_hidden' name='gform_source_page_number_37' id='gform_source_page_number_37' value='1' \/>\n            <input type='hidden' name='gform_field_values' value='' \/>\n            \n        <\/div>\n                        <p style=\"display: none !important;\" class=\"akismet-fields-container\" data-prefix=\"ak_\"><label>&#916;<textarea name=\"ak_hp_textarea\" cols=\"45\" rows=\"8\" maxlength=\"100\"><\/textarea><\/label><input type=\"hidden\" id=\"ak_js_1\" name=\"ak_js\" value=\"91\"\/><script>document.getElementById( \"ak_js_1\" ).setAttribute( \"value\", ( new Date() ).getTime() );<\/script><\/p><\/form>\n                        <\/div>\n\t\t                <iframe style='display:none;width:0px;height:0px;' src='about:blank' name='gform_ajax_frame_37' id='gform_ajax_frame_37' title='Cette iframe contient la logique n\u00e9cessaire pour manipuler Gravity Forms avec Ajax.'><\/iframe>\n\t\t                <script>\ngform.initializeOnLoaded( function() {gformInitSpinner( 37, 'https:\/\/sport.cloud4.sbg.meosis.fr\/refonte-eurostand-lorraine\/wp-content\/plugins\/gravityforms\/images\/spinner.svg', true );jQuery('#gform_ajax_frame_37').on('load',function(){var contents = jQuery(this).contents().find('*').html();var is_postback = contents.indexOf('GF_AJAX_POSTBACK') >= 0;if(!is_postback){return;}var form_content = jQuery(this).contents().find('#gform_wrapper_37');var is_confirmation = jQuery(this).contents().find('#gform_confirmation_wrapper_37').length > 0;var is_redirect = contents.indexOf('gformRedirect(){') >= 0;var is_form = form_content.length > 0 && ! is_redirect && ! is_confirmation;var mt = parseInt(jQuery('html').css('margin-top'), 10) + parseInt(jQuery('body').css('margin-top'), 10) + 100;if(is_form){jQuery('#gform_wrapper_37').html(form_content.html());if(form_content.hasClass('gform_validation_error')){jQuery('#gform_wrapper_37').addClass('gform_validation_error');} else {jQuery('#gform_wrapper_37').removeClass('gform_validation_error');}setTimeout( function() { \/* delay the scroll by 50 milliseconds to fix a bug in chrome *\/ jQuery(document).scrollTop(jQuery('#gform_wrapper_37').offset().top - mt); }, 50 );if(window['gformInitDatepicker']) {gformInitDatepicker();}if(window['gformInitPriceFields']) {gformInitPriceFields();}var current_page = jQuery('#gform_source_page_number_37').val();gformInitSpinner( 37, 'https:\/\/sport.cloud4.sbg.meosis.fr\/refonte-eurostand-lorraine\/wp-content\/plugins\/gravityforms\/images\/spinner.svg', true );jQuery(document).trigger('gform_page_loaded', [37, current_page]);window['gf_submitting_37'] = false;}else if(!is_redirect){var confirmation_content = jQuery(this).contents().find('.GF_AJAX_POSTBACK').html();if(!confirmation_content){confirmation_content = contents;}setTimeout(function(){jQuery('#gform_wrapper_37').replaceWith(confirmation_content);jQuery(document).scrollTop(jQuery('#gf_37').offset().top - mt);jQuery(document).trigger('gform_confirmation_loaded', [37]);window['gf_submitting_37'] = false;wp.a11y.speak(jQuery('#gform_confirmation_message_37').text());}, 50);}else{jQuery('#gform_37').append(contents);if(window['gformRedirect']) {gformRedirect();}}jQuery(document).trigger('gform_post_render', [37, current_page]);gform.utils.trigger({ event: 'gform\/postRender', native: false, data: { formId: 37, currentPage: current_page } });} );} );\n<\/script>\n\n","protected":false},"excerpt":{"rendered":"<p>Le club organise des sessions d&rsquo;initiation au tir \u00e0 air comprim\u00e9 certains dimanche \u00e0 14h00 en fonction de\u00a0 la demande. Le d\u00e9cret\u00a0 du 01\/08\/2018 article R312-43-1 modifi\u00e9 par le d\u00e9cret du 28\/04\/2020 modifie les r\u00e8gles pour les tirs d\u2019initiation au tir : Il faudra faire enregistrer les personnes en utilisant le formulaire d&rsquo;inscription indiquant Nom, [&hellip;]<\/p>\n","protected":false},"author":7,"featured_media":0,"parent":158,"menu_order":0,"comment_status":"closed","ping_status":"closed","template":"","meta":{"_acf_changed":false,"_yoast_wpseo_title":"","_yoast_wpseo_metadesc":"","footnotes":""},"class_list":["post-18687","page","type-page","status-publish","hentry"],"acf":[],"yoast_head":"<!-- This site is optimized with the Yoast SEO plugin v27.3 - https:\/\/yoast.com\/product\/yoast-seo-wordpress\/ -->\n<title>08-1 S\u00e9ance d&#039;initiation au tir \u00e0 l&#039;air comprim\u00e9 \u203a Club de Tir Eurostand<\/title>\n<meta name=\"description\" content=\"Le club organise des sessions d&#039;initiation au tir \u00e0 air comprim\u00e9 certains dimanche \u00e0 14h00 en fonction de\u00a0 la demande. Le d\u00e9cret\u00a0 du 01\/08\/2018 article\" \/>\n<meta name=\"robots\" content=\"index, follow, max-snippet:-1, max-image-preview:large, max-video-preview:-1\" \/>\n<link rel=\"canonical\" href=\"https:\/\/sport.cloud4.sbg.meosis.fr\/refonte-eurostand-lorraine\/club\/08-1-seance-dinitiation-au-tir-a-lair-comprime.html\" \/>\n<meta property=\"og:locale\" content=\"fr_FR\" \/>\n<meta property=\"og:type\" content=\"article\" \/>\n<meta property=\"og:title\" content=\"08-1 S\u00e9ance d&#039;initiation au tir \u00e0 l&#039;air comprim\u00e9 \u203a Club de Tir Eurostand\" \/>\n<meta property=\"og:description\" content=\"Le club organise des sessions d&#039;initiation au tir \u00e0 air comprim\u00e9 certains dimanche \u00e0 14h00 en fonction de\u00a0 la demande. Le d\u00e9cret\u00a0 du 01\/08\/2018 article\" \/>\n<meta property=\"og:url\" content=\"https:\/\/sport.cloud4.sbg.meosis.fr\/refonte-eurostand-lorraine\/club\/08-1-seance-dinitiation-au-tir-a-lair-comprime.html\" \/>\n<meta property=\"og:site_name\" content=\"Club de tir Eurostand\" \/>\n<meta property=\"article:modified_time\" content=\"2024-08-24T07:37:53+00:00\" \/>\n<meta name=\"twitter:card\" content=\"summary_large_image\" \/>\n<meta name=\"twitter:label1\" content=\"Dur\u00e9e de lecture estim\u00e9e\" \/>\n\t<meta name=\"twitter:data1\" content=\"1 minute\" \/>\n<script type=\"application\/ld+json\" class=\"yoast-schema-graph\">{\"@context\":\"https:\\\/\\\/schema.org\",\"@graph\":[{\"@type\":\"WebPage\",\"@id\":\"https:\\\/\\\/sport.cloud4.sbg.meosis.fr\\\/refonte-eurostand-lorraine\\\/club\\\/08-1-seance-dinitiation-au-tir-a-lair-comprime.html\",\"url\":\"https:\\\/\\\/sport.cloud4.sbg.meosis.fr\\\/refonte-eurostand-lorraine\\\/club\\\/08-1-seance-dinitiation-au-tir-a-lair-comprime.html\",\"name\":\"08-1 S\u00e9ance d'initiation au tir \u00e0 l'air comprim\u00e9 \u203a Club de Tir Eurostand\",\"isPartOf\":{\"@id\":\"https:\\\/\\\/sport.cloud4.sbg.meosis.fr\\\/refonte-eurostand-lorraine\\\/#website\"},\"datePublished\":\"2023-02-01T07:05:04+00:00\",\"dateModified\":\"2024-08-24T07:37:53+00:00\",\"description\":\"Le club organise des sessions d'initiation au tir \u00e0 air comprim\u00e9 certains dimanche \u00e0 14h00 en fonction de\u00a0 la demande. Le d\u00e9cret\u00a0 du 01\\\/08\\\/2018 article\",\"breadcrumb\":{\"@id\":\"https:\\\/\\\/sport.cloud4.sbg.meosis.fr\\\/refonte-eurostand-lorraine\\\/club\\\/08-1-seance-dinitiation-au-tir-a-lair-comprime.html#breadcrumb\"},\"inLanguage\":\"fr-FR\",\"potentialAction\":[{\"@type\":\"ReadAction\",\"target\":[\"https:\\\/\\\/sport.cloud4.sbg.meosis.fr\\\/refonte-eurostand-lorraine\\\/club\\\/08-1-seance-dinitiation-au-tir-a-lair-comprime.html\"]}]},{\"@type\":\"BreadcrumbList\",\"@id\":\"https:\\\/\\\/sport.cloud4.sbg.meosis.fr\\\/refonte-eurostand-lorraine\\\/club\\\/08-1-seance-dinitiation-au-tir-a-lair-comprime.html#breadcrumb\",\"itemListElement\":[{\"@type\":\"ListItem\",\"position\":1,\"name\":\"Club de Tir Eurostand\",\"item\":\"https:\\\/\\\/sport.cloud4.sbg.meosis.fr\\\/refonte-eurostand-lorraine\\\/\"},{\"@type\":\"ListItem\",\"position\":2,\"name\":\"Club\",\"item\":\"https:\\\/\\\/sport.cloud4.sbg.meosis.fr\\\/refonte-eurostand-lorraine\\\/club.html\"},{\"@type\":\"ListItem\",\"position\":3,\"name\":\"08-1 S\u00e9ance d&rsquo;initiation au tir \u00e0 l&rsquo;air comprim\u00e9\"}]},{\"@type\":\"WebSite\",\"@id\":\"https:\\\/\\\/sport.cloud4.sbg.meosis.fr\\\/refonte-eurostand-lorraine\\\/#website\",\"url\":\"https:\\\/\\\/sport.cloud4.sbg.meosis.fr\\\/refonte-eurostand-lorraine\\\/\",\"name\":\"Club de tir Eurostand\",\"description\":\"Club de tir Eurostand : club de tir en Moselle\",\"publisher\":{\"@id\":\"https:\\\/\\\/sport.cloud4.sbg.meosis.fr\\\/refonte-eurostand-lorraine\\\/#organization\"},\"potentialAction\":[{\"@type\":\"SearchAction\",\"target\":{\"@type\":\"EntryPoint\",\"urlTemplate\":\"https:\\\/\\\/sport.cloud4.sbg.meosis.fr\\\/refonte-eurostand-lorraine\\\/?s={search_term_string}\"},\"query-input\":{\"@type\":\"PropertyValueSpecification\",\"valueRequired\":true,\"valueName\":\"search_term_string\"}}],\"inLanguage\":\"fr-FR\"},{\"@type\":\"Organization\",\"@id\":\"https:\\\/\\\/sport.cloud4.sbg.meosis.fr\\\/refonte-eurostand-lorraine\\\/#organization\",\"name\":\"Club de tir Eurostand\",\"url\":\"https:\\\/\\\/sport.cloud4.sbg.meosis.fr\\\/refonte-eurostand-lorraine\\\/\",\"logo\":{\"@type\":\"ImageObject\",\"inLanguage\":\"fr-FR\",\"@id\":\"https:\\\/\\\/sport.cloud4.sbg.meosis.fr\\\/refonte-eurostand-lorraine\\\/#\\\/schema\\\/logo\\\/image\\\/\",\"url\":\"https:\\\/\\\/sport.cloud4.sbg.meosis.fr\\\/refonte-eurostand-lorraine\\\/wp-content\\\/uploads\\\/sites\\\/7\\\/2022\\\/12\\\/Logo.png\",\"contentUrl\":\"https:\\\/\\\/sport.cloud4.sbg.meosis.fr\\\/refonte-eurostand-lorraine\\\/wp-content\\\/uploads\\\/sites\\\/7\\\/2022\\\/12\\\/Logo.png\",\"width\":347,\"height\":58,\"caption\":\"Club de tir Eurostand\"},\"image\":{\"@id\":\"https:\\\/\\\/sport.cloud4.sbg.meosis.fr\\\/refonte-eurostand-lorraine\\\/#\\\/schema\\\/logo\\\/image\\\/\"}}]}<\/script>\n<!-- \/ Yoast SEO plugin. -->","yoast_head_json":{"title":"08-1 S\u00e9ance d'initiation au tir \u00e0 l'air comprim\u00e9 \u203a Club de Tir Eurostand","description":"Le club organise des sessions d'initiation au tir \u00e0 air comprim\u00e9 certains dimanche \u00e0 14h00 en fonction de\u00a0 la demande. Le d\u00e9cret\u00a0 du 01\/08\/2018 article","robots":{"index":"index","follow":"follow","max-snippet":"max-snippet:-1","max-image-preview":"max-image-preview:large","max-video-preview":"max-video-preview:-1"},"canonical":"https:\/\/sport.cloud4.sbg.meosis.fr\/refonte-eurostand-lorraine\/club\/08-1-seance-dinitiation-au-tir-a-lair-comprime.html","og_locale":"fr_FR","og_type":"article","og_title":"08-1 S\u00e9ance d'initiation au tir \u00e0 l'air comprim\u00e9 \u203a Club de Tir Eurostand","og_description":"Le club organise des sessions d'initiation au tir \u00e0 air comprim\u00e9 certains dimanche \u00e0 14h00 en fonction de\u00a0 la demande. Le d\u00e9cret\u00a0 du 01\/08\/2018 article","og_url":"https:\/\/sport.cloud4.sbg.meosis.fr\/refonte-eurostand-lorraine\/club\/08-1-seance-dinitiation-au-tir-a-lair-comprime.html","og_site_name":"Club de tir Eurostand","article_modified_time":"2024-08-24T07:37:53+00:00","twitter_card":"summary_large_image","twitter_misc":{"Dur\u00e9e de lecture estim\u00e9e":"1 minute"},"schema":{"@context":"https:\/\/schema.org","@graph":[{"@type":"WebPage","@id":"https:\/\/sport.cloud4.sbg.meosis.fr\/refonte-eurostand-lorraine\/club\/08-1-seance-dinitiation-au-tir-a-lair-comprime.html","url":"https:\/\/sport.cloud4.sbg.meosis.fr\/refonte-eurostand-lorraine\/club\/08-1-seance-dinitiation-au-tir-a-lair-comprime.html","name":"08-1 S\u00e9ance d'initiation au tir \u00e0 l'air comprim\u00e9 \u203a Club de Tir Eurostand","isPartOf":{"@id":"https:\/\/sport.cloud4.sbg.meosis.fr\/refonte-eurostand-lorraine\/#website"},"datePublished":"2023-02-01T07:05:04+00:00","dateModified":"2024-08-24T07:37:53+00:00","description":"Le club organise des sessions d'initiation au tir \u00e0 air comprim\u00e9 certains dimanche \u00e0 14h00 en fonction de\u00a0 la demande. Le d\u00e9cret\u00a0 du 01\/08\/2018 article","breadcrumb":{"@id":"https:\/\/sport.cloud4.sbg.meosis.fr\/refonte-eurostand-lorraine\/club\/08-1-seance-dinitiation-au-tir-a-lair-comprime.html#breadcrumb"},"inLanguage":"fr-FR","potentialAction":[{"@type":"ReadAction","target":["https:\/\/sport.cloud4.sbg.meosis.fr\/refonte-eurostand-lorraine\/club\/08-1-seance-dinitiation-au-tir-a-lair-comprime.html"]}]},{"@type":"BreadcrumbList","@id":"https:\/\/sport.cloud4.sbg.meosis.fr\/refonte-eurostand-lorraine\/club\/08-1-seance-dinitiation-au-tir-a-lair-comprime.html#breadcrumb","itemListElement":[{"@type":"ListItem","position":1,"name":"Club de Tir Eurostand","item":"https:\/\/sport.cloud4.sbg.meosis.fr\/refonte-eurostand-lorraine\/"},{"@type":"ListItem","position":2,"name":"Club","item":"https:\/\/sport.cloud4.sbg.meosis.fr\/refonte-eurostand-lorraine\/club.html"},{"@type":"ListItem","position":3,"name":"08-1 S\u00e9ance d&rsquo;initiation au tir \u00e0 l&rsquo;air comprim\u00e9"}]},{"@type":"WebSite","@id":"https:\/\/sport.cloud4.sbg.meosis.fr\/refonte-eurostand-lorraine\/#website","url":"https:\/\/sport.cloud4.sbg.meosis.fr\/refonte-eurostand-lorraine\/","name":"Club de tir Eurostand","description":"Club de tir Eurostand : club de tir en Moselle","publisher":{"@id":"https:\/\/sport.cloud4.sbg.meosis.fr\/refonte-eurostand-lorraine\/#organization"},"potentialAction":[{"@type":"SearchAction","target":{"@type":"EntryPoint","urlTemplate":"https:\/\/sport.cloud4.sbg.meosis.fr\/refonte-eurostand-lorraine\/?s={search_term_string}"},"query-input":{"@type":"PropertyValueSpecification","valueRequired":true,"valueName":"search_term_string"}}],"inLanguage":"fr-FR"},{"@type":"Organization","@id":"https:\/\/sport.cloud4.sbg.meosis.fr\/refonte-eurostand-lorraine\/#organization","name":"Club de tir Eurostand","url":"https:\/\/sport.cloud4.sbg.meosis.fr\/refonte-eurostand-lorraine\/","logo":{"@type":"ImageObject","inLanguage":"fr-FR","@id":"https:\/\/sport.cloud4.sbg.meosis.fr\/refonte-eurostand-lorraine\/#\/schema\/logo\/image\/","url":"https:\/\/sport.cloud4.sbg.meosis.fr\/refonte-eurostand-lorraine\/wp-content\/uploads\/sites\/7\/2022\/12\/Logo.png","contentUrl":"https:\/\/sport.cloud4.sbg.meosis.fr\/refonte-eurostand-lorraine\/wp-content\/uploads\/sites\/7\/2022\/12\/Logo.png","width":347,"height":58,"caption":"Club de tir Eurostand"},"image":{"@id":"https:\/\/sport.cloud4.sbg.meosis.fr\/refonte-eurostand-lorraine\/#\/schema\/logo\/image\/"}}]}},"_links":{"self":[{"href":"https:\/\/sport.cloud4.sbg.meosis.fr\/refonte-eurostand-lorraine\/wp-json\/wp\/v2\/pages\/18687","targetHints":{"allow":["GET"]}}],"collection":[{"href":"https:\/\/sport.cloud4.sbg.meosis.fr\/refonte-eurostand-lorraine\/wp-json\/wp\/v2\/pages"}],"about":[{"href":"https:\/\/sport.cloud4.sbg.meosis.fr\/refonte-eurostand-lorraine\/wp-json\/wp\/v2\/types\/page"}],"author":[{"embeddable":true,"href":"https:\/\/sport.cloud4.sbg.meosis.fr\/refonte-eurostand-lorraine\/wp-json\/wp\/v2\/users\/7"}],"replies":[{"embeddable":true,"href":"https:\/\/sport.cloud4.sbg.meosis.fr\/refonte-eurostand-lorraine\/wp-json\/wp\/v2\/comments?post=18687"}],"version-history":[{"count":8,"href":"https:\/\/sport.cloud4.sbg.meosis.fr\/refonte-eurostand-lorraine\/wp-json\/wp\/v2\/pages\/18687\/revisions"}],"predecessor-version":[{"id":23438,"href":"https:\/\/sport.cloud4.sbg.meosis.fr\/refonte-eurostand-lorraine\/wp-json\/wp\/v2\/pages\/18687\/revisions\/23438"}],"up":[{"embeddable":true,"href":"https:\/\/sport.cloud4.sbg.meosis.fr\/refonte-eurostand-lorraine\/wp-json\/wp\/v2\/pages\/158"}],"wp:attachment":[{"href":"https:\/\/sport.cloud4.sbg.meosis.fr\/refonte-eurostand-lorraine\/wp-json\/wp\/v2\/media?parent=18687"}],"curies":[{"name":"wp","href":"https:\/\/api.w.org\/{rel}","templated":true}]}}