{"id":18796,"date":"2025-08-20T10:00:49","date_gmt":"2025-08-20T08:00:49","guid":{"rendered":"https:\/\/www.eurostand-lorraine.fr\/?page_id=18796"},"modified":"2025-08-21T14:34:12","modified_gmt":"2025-08-21T12:34:12","slug":"20230423-tir-de-controle-2-et-3-du-23-avril-2023","status":"publish","type":"page","link":"https:\/\/sport.cloud4.sbg.meosis.fr\/refonte-eurostand-lorraine\/club\/tirs-controles-nouveaux-tireurs\/20230423-tir-de-controle-2-et-3-du-23-avril-2023.html","title":{"rendered":"20251026- TIR DE CONTROLE NIVEAU 2 ET 3  du 26\/10\/2025"},"content":{"rendered":"\t\t<div data-elementor-type=\"wp-page\" data-elementor-id=\"18796\" class=\"elementor elementor-18796\" data-elementor-post-type=\"page\">\n\t\t\t\t\t\t<section class=\"elementor-section elementor-top-section elementor-element elementor-element-47dc106c elementor-section-boxed elementor-section-height-default elementor-section-height-default\" data-id=\"47dc106c\" data-element_type=\"section\" data-e-type=\"section\">\n\t\t\t\t\t\t<div class=\"elementor-container elementor-column-gap-default\">\n\t\t\t\t\t<div class=\"elementor-column elementor-col-100 elementor-top-column elementor-element elementor-element-6d862e7f\" data-id=\"6d862e7f\" data-element_type=\"column\" data-e-type=\"column\">\n\t\t\t<div class=\"elementor-widget-wrap elementor-element-populated\">\n\t\t\t\t\t\t<div class=\"elementor-element elementor-element-13534496 elementor-widget elementor-widget-text-editor\" data-id=\"13534496\" data-element_type=\"widget\" data-e-type=\"widget\" data-widget_type=\"text-editor.default\">\n\t\t\t\t<div class=\"elementor-widget-container\">\n\t\t\t\t\t\t\t\t\t<p><strong>Tirs de contr\u00f4le niveau 2\u00a0 10H ET 11H<br \/><\/strong><\/p><p><strong>Tirs de contr\u00f4le niveau 3\u00a0 14H, 14H30 ET 15H<\/strong><\/p><p><strong>Pendant ces tirs, les armes vous seront pr\u00eat\u00e9es gracieusement, munitions \u00e0 votre charge.<\/strong><\/p><p><strong>Attention :<\/strong> il faut vous assurer que vous \u00eates bien dans le deuxi\u00e8me mois apr\u00e8s votre tir pr\u00e9c\u00e9dent (contr\u00f4le 2 et 3) !<\/p><p>Tarif des tirs :\u00a0\u00a0 <br \/>&#8211; Niveau 2\u00a0\u00a0 20 \u20ac\/9mm 50 Cartouches<br \/>&#8211; Niveau 3\u00a0\u00a0 10 \u20ac\/9mm &#8211; .357 et .45 ACP\u00a0 15 \u20ac\u00a0\u00a0 25 cartouches.<\/p><p>Pri\u00e8re de vous munir de la monnaie correspondante,merci !<\/p><p><strong>Tir de contr\u00f4le 2 et 3<\/strong><\/p><p>\u00a0<\/p><script type=\"text\/javascript\">var gform;gform||(document.addEventListener(\"gform_main_scripts_loaded\",function(){gform.scriptsLoaded=!0}),window.addEventListener(\"DOMContentLoaded\",function(){gform.domLoaded=!0}),gform={domLoaded:!1,scriptsLoaded:!1,initializeOnLoaded:function(o){gform.domLoaded&&gform.scriptsLoaded?o():!gform.domLoaded&&gform.scriptsLoaded?window.addEventListener(\"DOMContentLoaded\",o):document.addEventListener(\"gform_main_scripts_loaded\",o)},hooks:{action:{},filter:{}},addAction:function(o,n,r,t){gform.addHook(\"action\",o,n,r,t)},addFilter:function(o,n,r,t){gform.addHook(\"filter\",o,n,r,t)},doAction:function(o){gform.doHook(\"action\",o,arguments)},applyFilters:function(o){return gform.doHook(\"filter\",o,arguments)},removeAction:function(o,n){gform.removeHook(\"action\",o,n)},removeFilter:function(o,n,r){gform.removeHook(\"filter\",o,n,r)},addHook:function(o,n,r,t,i){null==gform.hooks[o][n]&&(gform.hooks[o][n]=[]);var e=gform.hooks[o][n];null==i&&(i=n+\"_\"+e.length),gform.hooks[o][n].push({tag:i,callable:r,priority:t=null==t?10:t})},doHook:function(n,o,r){var t;if(r=Array.prototype.slice.call(r,1),null!=gform.hooks[n][o]&&((o=gform.hooks[n][o]).sort(function(o,n){return o.priority-n.priority}),o.forEach(function(o){\"function\"!=typeof(t=o.callable)&&(t=window[t]),\"action\"==n?t.apply(null,r):r[0]=t.apply(null,r)})),\"filter\"==n)return r[0]},removeHook:function(o,n,t,i){var r;null!=gform.hooks[o][n]&&(r=(r=gform.hooks[o][n]).filter(function(o,n,r){return!!(null!=i&&i!=o.tag||null!=t&&t!=o.priority)}),gform.hooks[o][n]=r)}});<\/script>\n                <div class='gf_browser_gecko gform_wrapper gform_legacy_markup_wrapper gform-theme--no-framework' data-form-theme='legacy' data-form-index='0' id='gform_wrapper_29' ><div id='gf_29' class='gform_anchor' tabindex='-1'><\/div><form method='post' enctype='multipart\/form-data' target='gform_ajax_frame_29' id='gform_29'  action='\/refonte-eurostand-lorraine\/wp-json\/wp\/v2\/pages\/18796#gf_29' data-formid='29' novalidate>\n                        <div class='gform-body gform_body'><ul id='gform_fields_29' class='gform_fields top_label form_sublabel_below description_below'><li id=\"field_29_2\"  class=\"gfield gfield--type-name gfield_contains_required field_sublabel_below gfield--no-description field_description_below gfield_visibility_visible\"  data-js-reload=\"field_29_2\"><label class='gfield_label gform-field-label gfield_label_before_complex'  >Nom<span class=\"gfield_required\"><span class=\"gfield_required gfield_required_asterisk\">*<\/span><\/span><\/label><div class='ginput_complex ginput_container ginput_container--name no_prefix has_first_name no_middle_name has_last_name no_suffix gf_name_has_2 ginput_container_name gform-grid-row' id='input_29_2'>\n                            \n                            <span id='input_29_2_3_container' class='name_first gform-grid-col gform-grid-col--size-auto' >\n                                                    <input type='text' name='input_2.3' id='input_29_2_3' value=''   aria-required='true'     \/>\n                                                    <label for='input_29_2_3' class='gform-field-label gform-field-label--type-sub '>Pr\u00e9nom<\/label>\n                                                <\/span>\n                            \n                            <span id='input_29_2_6_container' class='name_last gform-grid-col gform-grid-col--size-auto' >\n                                                    <input type='text' name='input_2.6' id='input_29_2_6' value=''   aria-required='true'     \/>\n                                                    <label for='input_29_2_6' class='gform-field-label gform-field-label--type-sub '>Nom<\/label>\n                                                <\/span>\n                            \n                        <\/div><\/li><li id=\"field_29_10\"  class=\"gfield gfield--type-text gfield_contains_required field_sublabel_below gfield--no-description field_description_below gfield_visibility_visible\"  data-js-reload=\"field_29_10\"><label class='gfield_label gform-field-label' for='input_29_10' >N\u00b0 Licence<span class=\"gfield_required\"><span class=\"gfield_required gfield_required_asterisk\">*<\/span><\/span><\/label><div class='ginput_container ginput_container_text'><input name='input_10' id='input_29_10' type='text' value='' class='medium'     aria-required=\"true\" aria-invalid=\"false\"   \/> <\/div><\/li><li id=\"field_29_3\"  class=\"gfield gfield--type-email gfield_contains_required field_sublabel_below gfield--no-description field_description_below gfield_visibility_visible\"  data-js-reload=\"field_29_3\"><label class='gfield_label gform-field-label' for='input_29_3' >E-mail<span class=\"gfield_required\"><span class=\"gfield_required gfield_required_asterisk\">*<\/span><\/span><\/label><div class='ginput_container ginput_container_email'>\n                            <input name='input_3' id='input_29_3' type='email' value='' class='medium'    aria-required=\"true\" aria-invalid=\"false\"  \/>\n                        <\/div><\/li><li id=\"field_29_8\"  class=\"gfield gfield--type-checkbox gfield--type-choice gfield_contains_required field_sublabel_below gfield--has-description field_description_below gfield_visibility_visible\"  data-js-reload=\"field_29_8\"><label class='gfield_label gform-field-label gfield_label_before_complex'  >Type de contr\u00f4le<span class=\"gfield_required\"><span class=\"gfield_required gfield_required_asterisk\">*<\/span><\/span><\/label><div class='ginput_container ginput_container_checkbox'><ul class='gfield_checkbox' id='input_29_8'><li class='gchoice gchoice_29_8_1'>\n\t\t\t\t\t\t\t\t<input class='gfield-choice-input' name='input_8.1' type='checkbox'  value='2\u00e8me contr\u00f4le'  id='choice_29_8_1'   aria-describedby=\"gfield_description_29_8\"\/>\n\t\t\t\t\t\t\t\t<label for='choice_29_8_1' id='label_29_8_1' class='gform-field-label gform-field-label--type-inline'>2\u00e8me contr\u00f4le<\/label>\n\t\t\t\t\t\t\t<\/li><li class='gchoice gchoice_29_8_2'>\n\t\t\t\t\t\t\t\t<input class='gfield-choice-input' name='input_8.2' type='checkbox'  value='3\u00e8me contr\u00f4le'  id='choice_29_8_2'   \/>\n\t\t\t\t\t\t\t\t<label for='choice_29_8_2' id='label_29_8_2' class='gform-field-label gform-field-label--type-inline'>3\u00e8me contr\u00f4le<\/label>\n\t\t\t\t\t\t\t<\/li><\/ul><\/div><div class='gfield_description' id='gfield_description_29_8'>vous devez pr\u00e9ciser si c&rsquo;est le deuxi\u00e8me ou troisi\u00e8me contr\u00f4le<\/div><\/li><li id=\"field_29_11\"  class=\"gfield gfield--type-text field_sublabel_below gfield--no-description field_description_below gfield_visibility_visible\"  data-js-reload=\"field_29_11\"><label class='gfield_label gform-field-label' for='input_29_11' >Commentaires<\/label><div class='ginput_container ginput_container_text'><input name='input_11' id='input_29_11' type='text' value='' class='medium'      aria-invalid=\"false\"   \/> <\/div><\/li><\/ul><\/div>\n        <div class='gform_footer top_label'> <input type='submit' id='gform_submit_button_29' class='gform_button button' value='Envoyer'  onclick='if(window[\"gf_submitting_29\"]){return false;}  if( !jQuery(\"#gform_29\")[0].checkValidity || jQuery(\"#gform_29\")[0].checkValidity()){window[\"gf_submitting_29\"]=true;}  ' onkeypress='if( event.keyCode == 13 ){ if(window[\"gf_submitting_29\"]){return false;} if( !jQuery(\"#gform_29\")[0].checkValidity || jQuery(\"#gform_29\")[0].checkValidity()){window[\"gf_submitting_29\"]=true;}  jQuery(\"#gform_29\").trigger(\"submit\",[true]); }' \/> <input type='hidden' name='gform_ajax' value='form_id=29&amp;title=&amp;description=&amp;tabindex=0&amp;theme=data-form-theme=&#039;legacy&#039;' \/>\n            <input type='hidden' class='gform_hidden' name='is_submit_29' value='1' \/>\n            <input type='hidden' class='gform_hidden' name='gform_submit' value='29' \/>\n            \n            <input type='hidden' class='gform_hidden' name='gform_unique_id' value='' \/>\n            <input type='hidden' class='gform_hidden' name='state_29' value='WyJbXSIsImE4ZmRkY2QxOTdlZjM1YTY2OTBlOTIyYjAzZTZjNTE2Il0=' \/>\n            <input type='hidden' class='gform_hidden' name='gform_target_page_number_29' id='gform_target_page_number_29' value='0' \/>\n            <input type='hidden' class='gform_hidden' name='gform_source_page_number_29' id='gform_source_page_number_29' value='1' \/>\n            <input type='hidden' name='gform_field_values' value='' \/>\n            \n        <\/div>\n                        <p style=\"display: none !important;\" class=\"akismet-fields-container\" data-prefix=\"ak_\"><label>&#916;<textarea name=\"ak_hp_textarea\" cols=\"45\" rows=\"8\" maxlength=\"100\"><\/textarea><\/label><input type=\"hidden\" id=\"ak_js_1\" name=\"ak_js\" value=\"129\"\/><script>document.getElementById( \"ak_js_1\" ).setAttribute( \"value\", ( new Date() ).getTime() );<\/script><\/p><\/form>\n                        <\/div>\n\t\t                <iframe style='display:none;width:0px;height:0px;' src='about:blank' name='gform_ajax_frame_29' id='gform_ajax_frame_29' title='Cette iframe contient la logique n\u00e9cessaire pour manipuler Gravity Forms avec Ajax.'><\/iframe>\n\t\t                <script>\ngform.initializeOnLoaded( function() {gformInitSpinner( 29, 'https:\/\/sport.cloud4.sbg.meosis.fr\/refonte-eurostand-lorraine\/wp-content\/plugins\/gravityforms\/images\/spinner.svg', true );jQuery('#gform_ajax_frame_29').on('load',function(){var contents = jQuery(this).contents().find('*').html();var is_postback = contents.indexOf('GF_AJAX_POSTBACK') >= 0;if(!is_postback){return;}var form_content = jQuery(this).contents().find('#gform_wrapper_29');var is_confirmation = jQuery(this).contents().find('#gform_confirmation_wrapper_29').length > 0;var is_redirect = contents.indexOf('gformRedirect(){') >= 0;var is_form = form_content.length > 0 && ! is_redirect && ! is_confirmation;var mt = parseInt(jQuery('html').css('margin-top'), 10) + parseInt(jQuery('body').css('margin-top'), 10) + 100;if(is_form){jQuery('#gform_wrapper_29').html(form_content.html());if(form_content.hasClass('gform_validation_error')){jQuery('#gform_wrapper_29').addClass('gform_validation_error');} else {jQuery('#gform_wrapper_29').removeClass('gform_validation_error');}setTimeout( function() { \/* delay the scroll by 50 milliseconds to fix a bug in chrome *\/ jQuery(document).scrollTop(jQuery('#gform_wrapper_29').offset().top - mt); }, 50 );if(window['gformInitDatepicker']) {gformInitDatepicker();}if(window['gformInitPriceFields']) {gformInitPriceFields();}var current_page = jQuery('#gform_source_page_number_29').val();gformInitSpinner( 29, 'https:\/\/sport.cloud4.sbg.meosis.fr\/refonte-eurostand-lorraine\/wp-content\/plugins\/gravityforms\/images\/spinner.svg', true );jQuery(document).trigger('gform_page_loaded', [29, current_page]);window['gf_submitting_29'] = false;}else if(!is_redirect){var confirmation_content = jQuery(this).contents().find('.GF_AJAX_POSTBACK').html();if(!confirmation_content){confirmation_content = contents;}setTimeout(function(){jQuery('#gform_wrapper_29').replaceWith(confirmation_content);jQuery(document).scrollTop(jQuery('#gf_29').offset().top - mt);jQuery(document).trigger('gform_confirmation_loaded', [29]);window['gf_submitting_29'] = false;wp.a11y.speak(jQuery('#gform_confirmation_message_29').text());}, 50);}else{jQuery('#gform_29').append(contents);if(window['gformRedirect']) {gformRedirect();}}jQuery(document).trigger('gform_post_render', [29, current_page]);gform.utils.trigger({ event: 'gform\/postRender', native: false, data: { formId: 29, currentPage: current_page } });} );} );\n<\/script>\n<p>\u00a0<\/p>\t\t\t\t\t\t\t\t<\/div>\n\t\t\t\t<\/div>\n\t\t\t\t\t<\/div>\n\t\t<\/div>\n\t\t\t\t\t<\/div>\n\t\t<\/section>\n\t\t\t\t<\/div>\n\t\t","protected":false},"excerpt":{"rendered":"<p>Tirs de contr\u00f4le niveau 2\u00a0 10H ET 11H Tirs de contr\u00f4le niveau 3\u00a0 14H, 14H30 ET 15H Pendant ces tirs, les armes vous seront pr\u00eat\u00e9es gracieusement, munitions \u00e0 votre charge. Attention : il faut vous assurer que vous \u00eates bien dans le deuxi\u00e8me mois apr\u00e8s votre tir pr\u00e9c\u00e9dent (contr\u00f4le 2 et 3) ! Tarif des [&hellip;]<\/p>\n","protected":false},"author":7,"featured_media":0,"parent":846,"menu_order":0,"comment_status":"closed","ping_status":"closed","template":"","meta":{"_acf_changed":false,"_yoast_wpseo_title":"","_yoast_wpseo_metadesc":"","footnotes":""},"class_list":["post-18796","page","type-page","status-publish","hentry"],"acf":[],"yoast_head":"<!-- This site is optimized with the Yoast SEO plugin v27.3 - https:\/\/yoast.com\/product\/yoast-seo-wordpress\/ -->\n<title>20251026- TIR DE CONTROLE NIVEAU 2 ET 3 du 26\/10\/2025 \u203a Club de Tir Eurostand<\/title>\n<meta name=\"description\" content=\"Tirs de contr\u00f4le niveau 2\u00a0 10H ET 11H Tirs de contr\u00f4le niveau 3\u00a0 14H, 14H30 ET 15H Pendant ces tirs, les armes vous seront pr\u00eat\u00e9es gracieusement,\" \/>\n<meta name=\"robots\" content=\"index, follow, max-snippet:-1, max-image-preview:large, max-video-preview:-1\" \/>\n<link rel=\"canonical\" href=\"https:\/\/sport.cloud4.sbg.meosis.fr\/refonte-eurostand-lorraine\/club\/tirs-controles-nouveaux-tireurs\/20230423-tir-de-controle-2-et-3-du-23-avril-2023.html\" \/>\n<meta property=\"og:locale\" content=\"fr_FR\" \/>\n<meta property=\"og:type\" content=\"article\" \/>\n<meta property=\"og:title\" content=\"20251026- TIR DE CONTROLE NIVEAU 2 ET 3 du 26\/10\/2025 \u203a Club de Tir Eurostand\" \/>\n<meta property=\"og:description\" content=\"Tirs de contr\u00f4le niveau 2\u00a0 10H ET 11H Tirs de contr\u00f4le niveau 3\u00a0 14H, 14H30 ET 15H Pendant ces tirs, les armes vous seront pr\u00eat\u00e9es gracieusement,\" \/>\n<meta property=\"og:url\" content=\"https:\/\/sport.cloud4.sbg.meosis.fr\/refonte-eurostand-lorraine\/club\/tirs-controles-nouveaux-tireurs\/20230423-tir-de-controle-2-et-3-du-23-avril-2023.html\" \/>\n<meta property=\"og:site_name\" content=\"Club de tir Eurostand\" \/>\n<meta property=\"article:modified_time\" content=\"2025-08-21T12:34:12+00:00\" \/>\n<meta name=\"twitter:card\" content=\"summary_large_image\" \/>\n<meta name=\"twitter:label1\" content=\"Dur\u00e9e de lecture estim\u00e9e\" \/>\n\t<meta name=\"twitter:data1\" content=\"1 minute\" \/>\n<script type=\"application\/ld+json\" class=\"yoast-schema-graph\">{\"@context\":\"https:\\\/\\\/schema.org\",\"@graph\":[{\"@type\":\"WebPage\",\"@id\":\"https:\\\/\\\/sport.cloud4.sbg.meosis.fr\\\/refonte-eurostand-lorraine\\\/club\\\/tirs-controles-nouveaux-tireurs\\\/20230423-tir-de-controle-2-et-3-du-23-avril-2023.html\",\"url\":\"https:\\\/\\\/sport.cloud4.sbg.meosis.fr\\\/refonte-eurostand-lorraine\\\/club\\\/tirs-controles-nouveaux-tireurs\\\/20230423-tir-de-controle-2-et-3-du-23-avril-2023.html\",\"name\":\"20251026- TIR DE CONTROLE NIVEAU 2 ET 3 du 26\\\/10\\\/2025 \u203a Club de Tir Eurostand\",\"isPartOf\":{\"@id\":\"https:\\\/\\\/sport.cloud4.sbg.meosis.fr\\\/refonte-eurostand-lorraine\\\/#website\"},\"datePublished\":\"2025-08-20T08:00:49+00:00\",\"dateModified\":\"2025-08-21T12:34:12+00:00\",\"description\":\"Tirs de contr\u00f4le niveau 2\u00a0 10H ET 11H Tirs de contr\u00f4le niveau 3\u00a0 14H, 14H30 ET 15H Pendant ces tirs, les armes vous seront pr\u00eat\u00e9es gracieusement,\",\"breadcrumb\":{\"@id\":\"https:\\\/\\\/sport.cloud4.sbg.meosis.fr\\\/refonte-eurostand-lorraine\\\/club\\\/tirs-controles-nouveaux-tireurs\\\/20230423-tir-de-controle-2-et-3-du-23-avril-2023.html#breadcrumb\"},\"inLanguage\":\"fr-FR\",\"potentialAction\":[{\"@type\":\"ReadAction\",\"target\":[\"https:\\\/\\\/sport.cloud4.sbg.meosis.fr\\\/refonte-eurostand-lorraine\\\/club\\\/tirs-controles-nouveaux-tireurs\\\/20230423-tir-de-controle-2-et-3-du-23-avril-2023.html\"]}]},{\"@type\":\"BreadcrumbList\",\"@id\":\"https:\\\/\\\/sport.cloud4.sbg.meosis.fr\\\/refonte-eurostand-lorraine\\\/club\\\/tirs-controles-nouveaux-tireurs\\\/20230423-tir-de-controle-2-et-3-du-23-avril-2023.html#breadcrumb\",\"itemListElement\":[{\"@type\":\"ListItem\",\"position\":1,\"name\":\"Club de Tir Eurostand\",\"item\":\"https:\\\/\\\/sport.cloud4.sbg.meosis.fr\\\/refonte-eurostand-lorraine\\\/\"},{\"@type\":\"ListItem\",\"position\":2,\"name\":\"Club\",\"item\":\"https:\\\/\\\/sport.cloud4.sbg.meosis.fr\\\/refonte-eurostand-lorraine\\\/club.html\"},{\"@type\":\"ListItem\",\"position\":3,\"name\":\"10 &#8211; Tirs contr\u00f4l\u00e9s pour nouveaux tireurs\",\"item\":\"https:\\\/\\\/sport.cloud4.sbg.meosis.fr\\\/refonte-eurostand-lorraine\\\/club\\\/tirs-controles-nouveaux-tireurs.html\"},{\"@type\":\"ListItem\",\"position\":4,\"name\":\"20251026- TIR DE CONTROLE NIVEAU 2 ET 3 du 26\\\/10\\\/2025\"}]},{\"@type\":\"WebSite\",\"@id\":\"https:\\\/\\\/sport.cloud4.sbg.meosis.fr\\\/refonte-eurostand-lorraine\\\/#website\",\"url\":\"https:\\\/\\\/sport.cloud4.sbg.meosis.fr\\\/refonte-eurostand-lorraine\\\/\",\"name\":\"Club de tir Eurostand\",\"description\":\"Club de tir Eurostand : club de tir en Moselle\",\"publisher\":{\"@id\":\"https:\\\/\\\/sport.cloud4.sbg.meosis.fr\\\/refonte-eurostand-lorraine\\\/#organization\"},\"potentialAction\":[{\"@type\":\"SearchAction\",\"target\":{\"@type\":\"EntryPoint\",\"urlTemplate\":\"https:\\\/\\\/sport.cloud4.sbg.meosis.fr\\\/refonte-eurostand-lorraine\\\/?s={search_term_string}\"},\"query-input\":{\"@type\":\"PropertyValueSpecification\",\"valueRequired\":true,\"valueName\":\"search_term_string\"}}],\"inLanguage\":\"fr-FR\"},{\"@type\":\"Organization\",\"@id\":\"https:\\\/\\\/sport.cloud4.sbg.meosis.fr\\\/refonte-eurostand-lorraine\\\/#organization\",\"name\":\"Club de tir Eurostand\",\"url\":\"https:\\\/\\\/sport.cloud4.sbg.meosis.fr\\\/refonte-eurostand-lorraine\\\/\",\"logo\":{\"@type\":\"ImageObject\",\"inLanguage\":\"fr-FR\",\"@id\":\"https:\\\/\\\/sport.cloud4.sbg.meosis.fr\\\/refonte-eurostand-lorraine\\\/#\\\/schema\\\/logo\\\/image\\\/\",\"url\":\"https:\\\/\\\/sport.cloud4.sbg.meosis.fr\\\/refonte-eurostand-lorraine\\\/wp-content\\\/uploads\\\/sites\\\/7\\\/2022\\\/12\\\/Logo.png\",\"contentUrl\":\"https:\\\/\\\/sport.cloud4.sbg.meosis.fr\\\/refonte-eurostand-lorraine\\\/wp-content\\\/uploads\\\/sites\\\/7\\\/2022\\\/12\\\/Logo.png\",\"width\":347,\"height\":58,\"caption\":\"Club de tir Eurostand\"},\"image\":{\"@id\":\"https:\\\/\\\/sport.cloud4.sbg.meosis.fr\\\/refonte-eurostand-lorraine\\\/#\\\/schema\\\/logo\\\/image\\\/\"}}]}<\/script>\n<!-- \/ Yoast SEO plugin. -->","yoast_head_json":{"title":"20251026- TIR DE CONTROLE NIVEAU 2 ET 3 du 26\/10\/2025 \u203a Club de Tir Eurostand","description":"Tirs de contr\u00f4le niveau 2\u00a0 10H ET 11H Tirs de contr\u00f4le niveau 3\u00a0 14H, 14H30 ET 15H Pendant ces tirs, les armes vous seront pr\u00eat\u00e9es gracieusement,","robots":{"index":"index","follow":"follow","max-snippet":"max-snippet:-1","max-image-preview":"max-image-preview:large","max-video-preview":"max-video-preview:-1"},"canonical":"https:\/\/sport.cloud4.sbg.meosis.fr\/refonte-eurostand-lorraine\/club\/tirs-controles-nouveaux-tireurs\/20230423-tir-de-controle-2-et-3-du-23-avril-2023.html","og_locale":"fr_FR","og_type":"article","og_title":"20251026- TIR DE CONTROLE NIVEAU 2 ET 3 du 26\/10\/2025 \u203a Club de Tir Eurostand","og_description":"Tirs de contr\u00f4le niveau 2\u00a0 10H ET 11H Tirs de contr\u00f4le niveau 3\u00a0 14H, 14H30 ET 15H Pendant ces tirs, les armes vous seront pr\u00eat\u00e9es gracieusement,","og_url":"https:\/\/sport.cloud4.sbg.meosis.fr\/refonte-eurostand-lorraine\/club\/tirs-controles-nouveaux-tireurs\/20230423-tir-de-controle-2-et-3-du-23-avril-2023.html","og_site_name":"Club de tir Eurostand","article_modified_time":"2025-08-21T12:34:12+00:00","twitter_card":"summary_large_image","twitter_misc":{"Dur\u00e9e de lecture estim\u00e9e":"1 minute"},"schema":{"@context":"https:\/\/schema.org","@graph":[{"@type":"WebPage","@id":"https:\/\/sport.cloud4.sbg.meosis.fr\/refonte-eurostand-lorraine\/club\/tirs-controles-nouveaux-tireurs\/20230423-tir-de-controle-2-et-3-du-23-avril-2023.html","url":"https:\/\/sport.cloud4.sbg.meosis.fr\/refonte-eurostand-lorraine\/club\/tirs-controles-nouveaux-tireurs\/20230423-tir-de-controle-2-et-3-du-23-avril-2023.html","name":"20251026- TIR DE CONTROLE NIVEAU 2 ET 3 du 26\/10\/2025 \u203a Club de Tir Eurostand","isPartOf":{"@id":"https:\/\/sport.cloud4.sbg.meosis.fr\/refonte-eurostand-lorraine\/#website"},"datePublished":"2025-08-20T08:00:49+00:00","dateModified":"2025-08-21T12:34:12+00:00","description":"Tirs de contr\u00f4le niveau 2\u00a0 10H ET 11H Tirs de contr\u00f4le niveau 3\u00a0 14H, 14H30 ET 15H Pendant ces tirs, les armes vous seront pr\u00eat\u00e9es gracieusement,","breadcrumb":{"@id":"https:\/\/sport.cloud4.sbg.meosis.fr\/refonte-eurostand-lorraine\/club\/tirs-controles-nouveaux-tireurs\/20230423-tir-de-controle-2-et-3-du-23-avril-2023.html#breadcrumb"},"inLanguage":"fr-FR","potentialAction":[{"@type":"ReadAction","target":["https:\/\/sport.cloud4.sbg.meosis.fr\/refonte-eurostand-lorraine\/club\/tirs-controles-nouveaux-tireurs\/20230423-tir-de-controle-2-et-3-du-23-avril-2023.html"]}]},{"@type":"BreadcrumbList","@id":"https:\/\/sport.cloud4.sbg.meosis.fr\/refonte-eurostand-lorraine\/club\/tirs-controles-nouveaux-tireurs\/20230423-tir-de-controle-2-et-3-du-23-avril-2023.html#breadcrumb","itemListElement":[{"@type":"ListItem","position":1,"name":"Club de Tir Eurostand","item":"https:\/\/sport.cloud4.sbg.meosis.fr\/refonte-eurostand-lorraine\/"},{"@type":"ListItem","position":2,"name":"Club","item":"https:\/\/sport.cloud4.sbg.meosis.fr\/refonte-eurostand-lorraine\/club.html"},{"@type":"ListItem","position":3,"name":"10 &#8211; Tirs contr\u00f4l\u00e9s pour nouveaux tireurs","item":"https:\/\/sport.cloud4.sbg.meosis.fr\/refonte-eurostand-lorraine\/club\/tirs-controles-nouveaux-tireurs.html"},{"@type":"ListItem","position":4,"name":"20251026- TIR DE CONTROLE NIVEAU 2 ET 3 du 26\/10\/2025"}]},{"@type":"WebSite","@id":"https:\/\/sport.cloud4.sbg.meosis.fr\/refonte-eurostand-lorraine\/#website","url":"https:\/\/sport.cloud4.sbg.meosis.fr\/refonte-eurostand-lorraine\/","name":"Club de tir Eurostand","description":"Club de tir Eurostand : club de tir en Moselle","publisher":{"@id":"https:\/\/sport.cloud4.sbg.meosis.fr\/refonte-eurostand-lorraine\/#organization"},"potentialAction":[{"@type":"SearchAction","target":{"@type":"EntryPoint","urlTemplate":"https:\/\/sport.cloud4.sbg.meosis.fr\/refonte-eurostand-lorraine\/?s={search_term_string}"},"query-input":{"@type":"PropertyValueSpecification","valueRequired":true,"valueName":"search_term_string"}}],"inLanguage":"fr-FR"},{"@type":"Organization","@id":"https:\/\/sport.cloud4.sbg.meosis.fr\/refonte-eurostand-lorraine\/#organization","name":"Club de tir Eurostand","url":"https:\/\/sport.cloud4.sbg.meosis.fr\/refonte-eurostand-lorraine\/","logo":{"@type":"ImageObject","inLanguage":"fr-FR","@id":"https:\/\/sport.cloud4.sbg.meosis.fr\/refonte-eurostand-lorraine\/#\/schema\/logo\/image\/","url":"https:\/\/sport.cloud4.sbg.meosis.fr\/refonte-eurostand-lorraine\/wp-content\/uploads\/sites\/7\/2022\/12\/Logo.png","contentUrl":"https:\/\/sport.cloud4.sbg.meosis.fr\/refonte-eurostand-lorraine\/wp-content\/uploads\/sites\/7\/2022\/12\/Logo.png","width":347,"height":58,"caption":"Club de tir Eurostand"},"image":{"@id":"https:\/\/sport.cloud4.sbg.meosis.fr\/refonte-eurostand-lorraine\/#\/schema\/logo\/image\/"}}]}},"_links":{"self":[{"href":"https:\/\/sport.cloud4.sbg.meosis.fr\/refonte-eurostand-lorraine\/wp-json\/wp\/v2\/pages\/18796","targetHints":{"allow":["GET"]}}],"collection":[{"href":"https:\/\/sport.cloud4.sbg.meosis.fr\/refonte-eurostand-lorraine\/wp-json\/wp\/v2\/pages"}],"about":[{"href":"https:\/\/sport.cloud4.sbg.meosis.fr\/refonte-eurostand-lorraine\/wp-json\/wp\/v2\/types\/page"}],"author":[{"embeddable":true,"href":"https:\/\/sport.cloud4.sbg.meosis.fr\/refonte-eurostand-lorraine\/wp-json\/wp\/v2\/users\/7"}],"replies":[{"embeddable":true,"href":"https:\/\/sport.cloud4.sbg.meosis.fr\/refonte-eurostand-lorraine\/wp-json\/wp\/v2\/comments?post=18796"}],"version-history":[{"count":353,"href":"https:\/\/sport.cloud4.sbg.meosis.fr\/refonte-eurostand-lorraine\/wp-json\/wp\/v2\/pages\/18796\/revisions"}],"predecessor-version":[{"id":24896,"href":"https:\/\/sport.cloud4.sbg.meosis.fr\/refonte-eurostand-lorraine\/wp-json\/wp\/v2\/pages\/18796\/revisions\/24896"}],"up":[{"embeddable":true,"href":"https:\/\/sport.cloud4.sbg.meosis.fr\/refonte-eurostand-lorraine\/wp-json\/wp\/v2\/pages\/846"}],"wp:attachment":[{"href":"https:\/\/sport.cloud4.sbg.meosis.fr\/refonte-eurostand-lorraine\/wp-json\/wp\/v2\/media?parent=18796"}],"curies":[{"name":"wp","href":"https:\/\/api.w.org\/{rel}","templated":true}]}}