{"id":25,"date":"2017-10-18T14:02:39","date_gmt":"2017-10-18T12:02:39","guid":{"rendered":"https:\/\/sport.cloud4.sbg.meosis.fr\/eurostand-lorraine\/?page_id=25"},"modified":"2017-10-18T14:20:25","modified_gmt":"2017-10-18T12:20:25","slug":"sitemap","status":"publish","type":"page","link":"https:\/\/sport.cloud4.sbg.meosis.fr\/refonte-eurostand-lorraine\/sitemap.html","title":{"rendered":"Plan du site"},"content":{"rendered":"<div class=\"wsp-container\"><h2 class=\"wsp-pages-title\">Pages<\/h2>\n<ul class=\"wsp-pages-list\">\n<li class=\"page_item page-item-2\"><a href=\"https:\/\/sport.cloud4.sbg.meosis.fr\/refonte-eurostand-lorraine\/\">01 &#8211; Accueil de notre stand de tir en Moselle<\/a><\/li>\n<li class=\"page_item page-item-158 page_item_has_children\"><a href=\"https:\/\/sport.cloud4.sbg.meosis.fr\/refonte-eurostand-lorraine\/club.html\">Club<\/a>\n<ul class='children'>\n\t<li class=\"page_item page-item-17913\"><a href=\"https:\/\/sport.cloud4.sbg.meosis.fr\/refonte-eurostand-lorraine\/club\/assemblee-generale-ordinaire.html\">&#8211; ASSEMBLEE GENERALE ELECTIVE du 27\/10\/2024<\/a><\/li>\n\t<li class=\"page_item page-item-23556\"><a href=\"https:\/\/sport.cloud4.sbg.meosis.fr\/refonte-eurostand-lorraine\/club\/assemblee-generale-elective-du-27-10-2024-membres-fondateurs.html\">&#8212; Assembl\u00e9e G\u00e9n\u00e9rale Elective du 27\/10\/2024  Membres Fondateurs<\/a><\/li>\n\t<li class=\"page_item page-item-17923\"><a href=\"https:\/\/sport.cloud4.sbg.meosis.fr\/refonte-eurostand-lorraine\/club\/repas-des-benevoles-du-16-octobre-2022.html\">-Repas des b\u00e9n\u00e9voles du 15 septembre 2024<\/a><\/li>\n\t<li class=\"page_item page-item-1357\"><a href=\"https:\/\/sport.cloud4.sbg.meosis.fr\/refonte-eurostand-lorraine\/club\/00-nouvelle-reglementation-des-armes-du-28-04-2020.html\">00 &#8211; Mise en place S.I.A. et D\u00e9cret du 28\/04\/2020 concernant les carnets de tir et les tirs de d\u00e9couverte<\/a><\/li>\n\t<li class=\"page_item page-item-678\"><a href=\"https:\/\/sport.cloud4.sbg.meosis.fr\/refonte-eurostand-lorraine\/club\/calendrier-2021-2022.html\">02 &#8211; Calendrier 2024-2025<\/a><\/li>\n\t<li class=\"page_item page-item-106\"><a href=\"https:\/\/sport.cloud4.sbg.meosis.fr\/refonte-eurostand-lorraine\/club\/inscription.html\">03 &#8211; Inscription au club<\/a><\/li>\n\t<li class=\"page_item page-item-633\"><a href=\"https:\/\/sport.cloud4.sbg.meosis.fr\/refonte-eurostand-lorraine\/club\/tarifs-2019-2020.html\">04 &#8211; Tarifs 2025-2026<\/a><\/li>\n\t<li class=\"page_item page-item-398\"><a href=\"https:\/\/sport.cloud4.sbg.meosis.fr\/refonte-eurostand-lorraine\/club\/horaires-du-bureau.html\">05\/1 &#8211; Horaires du Bureau<\/a><\/li>\n\t<li class=\"page_item page-item-1379\"><a href=\"https:\/\/sport.cloud4.sbg.meosis.fr\/refonte-eurostand-lorraine\/club\/04-2-horaires-de-tir.html\">05\/2 &#8211; HORAIRES DE TIR<\/a><\/li>\n\t<li class=\"page_item page-item-415\"><a href=\"https:\/\/sport.cloud4.sbg.meosis.fr\/refonte-eurostand-lorraine\/club\/documents-utiles.html\">06 &#8211; Documents utiles<\/a><\/li>\n\t<li class=\"page_item page-item-244\"><a href=\"https:\/\/sport.cloud4.sbg.meosis.fr\/refonte-eurostand-lorraine\/club\/demande-dautorisation-de-renouvellement-de-detention.html\">07 &#8211; Demande d&rsquo;autorisation ou de renouvellement de d\u00e9tention<\/a><\/li>\n\t<li class=\"page_item page-item-18687\"><a href=\"https:\/\/sport.cloud4.sbg.meosis.fr\/refonte-eurostand-lorraine\/club\/08-1-seance-dinitiation-au-tir-a-lair-comprime.html\">08-1 S\u00e9ance d&rsquo;initiation au tir \u00e0 l&rsquo;air comprim\u00e9<\/a><\/li>\n\t<li class=\"page_item page-item-806\"><a href=\"https:\/\/sport.cloud4.sbg.meosis.fr\/refonte-eurostand-lorraine\/club\/08-information-aux-nouveaux-tireurs.html\">09 &#8211; Information aux nouveaux tireurs<\/a><\/li>\n\t<li class=\"page_item page-item-1619\"><a href=\"https:\/\/sport.cloud4.sbg.meosis.fr\/refonte-eurostand-lorraine\/club\/091-complement-formation-10-m-et-50-m.html\">091 &#8211; Tir de formation 10 M<\/a><\/li>\n\t<li class=\"page_item page-item-846 page_item_has_children\"><a href=\"https:\/\/sport.cloud4.sbg.meosis.fr\/refonte-eurostand-lorraine\/club\/tirs-controles-nouveaux-tireurs.html\">10 &#8211; Tirs contr\u00f4l\u00e9s pour nouveaux tireurs<\/a>\n\t<ul class='children'>\n\t\t<li class=\"page_item page-item-19297\"><a href=\"https:\/\/sport.cloud4.sbg.meosis.fr\/refonte-eurostand-lorraine\/club\/tirs-controles-nouveaux-tireurs\/20230422-tirs-controles-niveau-2-et-3-du-22-04-2023.html\">20250914 &#8211; TIRS CONTROLES  NIVEAU 1 DU 14\/09\/2025<\/a><\/li>\n\t\t<li class=\"page_item page-item-13807\"><a href=\"https:\/\/sport.cloud4.sbg.meosis.fr\/refonte-eurostand-lorraine\/club\/tirs-controles-nouveaux-tireurs\/20220612-tirs-de-controle-niveau-1.html\">20250928 &#8211; TIRS DE CONTR\u00d4LE NIVEAU 2 + 3 du 28\/09\/2025<\/a><\/li>\n\t\t<li class=\"page_item page-item-18796\"><a href=\"https:\/\/sport.cloud4.sbg.meosis.fr\/refonte-eurostand-lorraine\/club\/tirs-controles-nouveaux-tireurs\/20230423-tir-de-controle-2-et-3-du-23-avril-2023.html\">20251026- TIR DE CONTROLE NIVEAU 2 ET 3  du 26\/10\/2025<\/a><\/li>\n\t<\/ul>\n<\/li>\n\t<li class=\"page_item page-item-356\"><a href=\"https:\/\/sport.cloud4.sbg.meosis.fr\/refonte-eurostand-lorraine\/club\/inscriptions-moselle-lorraine.html\">11 &#8211; Inscriptions Moselle et Lorraine (uniquement pour les licenci\u00e9s STEL)<\/a><\/li>\n\t<li class=\"page_item page-item-867\"><a href=\"https:\/\/sport.cloud4.sbg.meosis.fr\/refonte-eurostand-lorraine\/club\/12-p-v-ago-25082019.html\">13 &#8211; P.V. AGE 27\/10\/2024<\/a><\/li>\n\t<li class=\"page_item page-item-5250\"><a href=\"https:\/\/sport.cloud4.sbg.meosis.fr\/refonte-eurostand-lorraine\/club\/14-comite-s-t-e-l-au-04-10-2020.html\">14 &#8211; Comit\u00e9 S.T.E.L. au 04\/10\/2020<\/a><\/li>\n\t<li class=\"page_item page-item-14489\"><a href=\"https:\/\/sport.cloud4.sbg.meosis.fr\/refonte-eurostand-lorraine\/club\/plan-pour-fabrication-de-porte-cible.html\">15 &#8211; Plan pour fabrication de porte-cible<\/a><\/li>\n<\/ul>\n<\/li>\n<li class=\"page_item page-item-2635\"><a href=\"https:\/\/sport.cloud4.sbg.meosis.fr\/refonte-eurostand-lorraine\/confirmation-denvoi.html\">Confirmation d&rsquo;envoi<\/a><\/li>\n<li class=\"page_item page-item-12260\"><a href=\"https:\/\/sport.cloud4.sbg.meosis.fr\/refonte-eurostand-lorraine\/confirmation-enregistrement-tir-de-controle-niveau-1.html\">Confirmation enregistrement Tir de contr\u00f4le niveau 1<\/a><\/li>\n<li class=\"page_item page-item-17\"><a href=\"https:\/\/sport.cloud4.sbg.meosis.fr\/refonte-eurostand-lorraine\/contact.html\">Contact<\/a><\/li>\n<li class=\"page_item page-item-19\"><a href=\"https:\/\/sport.cloud4.sbg.meosis.fr\/refonte-eurostand-lorraine\/hebergement.html\">H\u00e9bergement<\/a><\/li>\n<li class=\"page_item page-item-21\"><a href=\"https:\/\/sport.cloud4.sbg.meosis.fr\/refonte-eurostand-lorraine\/liens.html\">Liens<\/a><\/li>\n<li class=\"page_item page-item-942 page_item_has_children\"><a href=\"https:\/\/sport.cloud4.sbg.meosis.fr\/refonte-eurostand-lorraine\/manifestation.html\">Manifestation<\/a>\n<ul class='children'>\n\t<li class=\"page_item page-item-743\"><a href=\"https:\/\/sport.cloud4.sbg.meosis.fr\/refonte-eurostand-lorraine\/manifestation\/fusil-a-pompe-20220417.html\">12 &#8211; TIR  Fusil \u00e0 pompe le 27\/07\/2025<\/a><\/li>\n\t<li class=\"page_item page-item-16973\"><a href=\"https:\/\/sport.cloud4.sbg.meosis.fr\/refonte-eurostand-lorraine\/manifestation\/5-eurostand-cup-automne-2022.html\">5 &#8211; EUROSTAND-CUP BENCH-REST 05-06-07 septembre 2025<\/a><\/li>\n\t<li class=\"page_item page-item-24646\"><a href=\"https:\/\/sport.cloud4.sbg.meosis.fr\/refonte-eurostand-lorraine\/manifestation\/repas-pour-cdf-bench-hunter.html\">RESERVATION DE REPAS<\/a><\/li>\n<\/ul>\n<\/li>\n<li class=\"page_item page-item-9\"><a href=\"https:\/\/sport.cloud4.sbg.meosis.fr\/refonte-eurostand-lorraine\/presentation.html\">Pr\u00e9sentation de notre club de tir en Lorraine<\/a><\/li>\n<li class=\"page_item page-item-24684\"><a href=\"https:\/\/sport.cloud4.sbg.meosis.fr\/refonte-eurostand-lorraine\/repas.html\">REPAS<\/a><\/li>\n<li class=\"page_item page-item-13 page_item_has_children\"><a href=\"https:\/\/sport.cloud4.sbg.meosis.fr\/refonte-eurostand-lorraine\/resultat.html\">R\u00e9sultats<\/a>\n<ul class='children'>\n\t<li class=\"page_item page-item-19517\"><a href=\"https:\/\/sport.cloud4.sbg.meosis.fr\/refonte-eurostand-lorraine\/resultat\/diaporama-coupe-lorraine-tar-2023.html\">&#8211; DIAPORAMA COUPE LORRAINE TAR 2023<\/a><\/li>\n\t<li class=\"page_item page-item-20734\"><a href=\"https:\/\/sport.cloud4.sbg.meosis.fr\/refonte-eurostand-lorraine\/resultat\/diaporama-eurostand-cup-01-02-03-09-2023.html\">DIAPORAMA EUROSTAND-CUP 01-02-03\/09\/2023<\/a><\/li>\n\t<li class=\"page_item page-item-19392\"><a href=\"https:\/\/sport.cloud4.sbg.meosis.fr\/refonte-eurostand-lorraine\/resultat\/diaporama.html\">DIAPORAMA EUROSTAND-CUP des 25-26\/03\/2023<\/a><\/li>\n<\/ul>\n<\/li>\n<li class=\"page_item page-item-18894\"><a href=\"https:\/\/sport.cloud4.sbg.meosis.fr\/refonte-eurostand-lorraine\/test.html\">test<\/a><\/li>\n<\/ul>\n<h2 class=\"wsp-meosiss-title\">Articles connexes<\/h2>\n<ul class=\"wsp-meosiss-list\">\n<li><a href=\"https:\/\/sport.cloud4.sbg.meosis.fr\/refonte-eurostand-lorraine\/articles\/decouvrez-le-tir-dans-un-lieu-securise\">D\u00e9couvrez le tir dans un lieu s\u00e9curis\u00e9<\/a><\/li>\n<\/ul>\n<\/div>\n","protected":false},"excerpt":{"rendered":"","protected":false},"author":1,"featured_media":0,"parent":0,"menu_order":0,"comment_status":"closed","ping_status":"closed","template":"","meta":{"_acf_changed":false,"_yoast_wpseo_title":"","_yoast_wpseo_metadesc":"","footnotes":""},"class_list":["post-25","page","type-page","status-publish","hentry"],"acf":[],"yoast_head":"<!-- This site is optimized with the Yoast SEO plugin v27.3 - https:\/\/yoast.com\/product\/yoast-seo-wordpress\/ -->\n<title>Plan du site \u203a Club de Tir Eurostand<\/title>\n<meta name=\"robots\" content=\"index, follow, max-snippet:-1, max-image-preview:large, max-video-preview:-1\" \/>\n<link rel=\"canonical\" href=\"https:\/\/sport.cloud4.sbg.meosis.fr\/refonte-eurostand-lorraine\/sitemap.html\" \/>\n<meta property=\"og:locale\" content=\"fr_FR\" \/>\n<meta property=\"og:type\" content=\"article\" \/>\n<meta property=\"og:title\" content=\"Plan du site \u203a Club de Tir Eurostand\" \/>\n<meta property=\"og:url\" content=\"https:\/\/sport.cloud4.sbg.meosis.fr\/refonte-eurostand-lorraine\/sitemap.html\" \/>\n<meta property=\"og:site_name\" content=\"Club de tir Eurostand\" \/>\n<meta property=\"article:modified_time\" content=\"2017-10-18T12:20:25+00:00\" \/>\n<meta name=\"twitter:card\" content=\"summary_large_image\" \/>\n<script type=\"application\/ld+json\" class=\"yoast-schema-graph\">{\"@context\":\"https:\\\/\\\/schema.org\",\"@graph\":[{\"@type\":\"WebPage\",\"@id\":\"https:\\\/\\\/sport.cloud4.sbg.meosis.fr\\\/refonte-eurostand-lorraine\\\/sitemap.html\",\"url\":\"https:\\\/\\\/sport.cloud4.sbg.meosis.fr\\\/refonte-eurostand-lorraine\\\/sitemap.html\",\"name\":\"Plan du site \u203a Club de Tir Eurostand\",\"isPartOf\":{\"@id\":\"https:\\\/\\\/sport.cloud4.sbg.meosis.fr\\\/refonte-eurostand-lorraine\\\/#website\"},\"datePublished\":\"2017-10-18T12:02:39+00:00\",\"dateModified\":\"2017-10-18T12:20:25+00:00\",\"breadcrumb\":{\"@id\":\"https:\\\/\\\/sport.cloud4.sbg.meosis.fr\\\/refonte-eurostand-lorraine\\\/sitemap.html#breadcrumb\"},\"inLanguage\":\"fr-FR\",\"potentialAction\":[{\"@type\":\"ReadAction\",\"target\":[\"https:\\\/\\\/sport.cloud4.sbg.meosis.fr\\\/refonte-eurostand-lorraine\\\/sitemap.html\"]}]},{\"@type\":\"BreadcrumbList\",\"@id\":\"https:\\\/\\\/sport.cloud4.sbg.meosis.fr\\\/refonte-eurostand-lorraine\\\/sitemap.html#breadcrumb\",\"itemListElement\":[{\"@type\":\"ListItem\",\"position\":1,\"name\":\"Club de Tir Eurostand\",\"item\":\"https:\\\/\\\/sport.cloud4.sbg.meosis.fr\\\/refonte-eurostand-lorraine\\\/\"},{\"@type\":\"ListItem\",\"position\":2,\"name\":\"Plan du site\"}]},{\"@type\":\"WebSite\",\"@id\":\"https:\\\/\\\/sport.cloud4.sbg.meosis.fr\\\/refonte-eurostand-lorraine\\\/#website\",\"url\":\"https:\\\/\\\/sport.cloud4.sbg.meosis.fr\\\/refonte-eurostand-lorraine\\\/\",\"name\":\"Club de tir Eurostand\",\"description\":\"Club de tir Eurostand : club de tir en Moselle\",\"publisher\":{\"@id\":\"https:\\\/\\\/sport.cloud4.sbg.meosis.fr\\\/refonte-eurostand-lorraine\\\/#organization\"},\"potentialAction\":[{\"@type\":\"SearchAction\",\"target\":{\"@type\":\"EntryPoint\",\"urlTemplate\":\"https:\\\/\\\/sport.cloud4.sbg.meosis.fr\\\/refonte-eurostand-lorraine\\\/?s={search_term_string}\"},\"query-input\":{\"@type\":\"PropertyValueSpecification\",\"valueRequired\":true,\"valueName\":\"search_term_string\"}}],\"inLanguage\":\"fr-FR\"},{\"@type\":\"Organization\",\"@id\":\"https:\\\/\\\/sport.cloud4.sbg.meosis.fr\\\/refonte-eurostand-lorraine\\\/#organization\",\"name\":\"Club de tir Eurostand\",\"url\":\"https:\\\/\\\/sport.cloud4.sbg.meosis.fr\\\/refonte-eurostand-lorraine\\\/\",\"logo\":{\"@type\":\"ImageObject\",\"inLanguage\":\"fr-FR\",\"@id\":\"https:\\\/\\\/sport.cloud4.sbg.meosis.fr\\\/refonte-eurostand-lorraine\\\/#\\\/schema\\\/logo\\\/image\\\/\",\"url\":\"https:\\\/\\\/sport.cloud4.sbg.meosis.fr\\\/refonte-eurostand-lorraine\\\/wp-content\\\/uploads\\\/sites\\\/7\\\/2022\\\/12\\\/Logo.png\",\"contentUrl\":\"https:\\\/\\\/sport.cloud4.sbg.meosis.fr\\\/refonte-eurostand-lorraine\\\/wp-content\\\/uploads\\\/sites\\\/7\\\/2022\\\/12\\\/Logo.png\",\"width\":347,\"height\":58,\"caption\":\"Club de tir Eurostand\"},\"image\":{\"@id\":\"https:\\\/\\\/sport.cloud4.sbg.meosis.fr\\\/refonte-eurostand-lorraine\\\/#\\\/schema\\\/logo\\\/image\\\/\"}}]}<\/script>\n<!-- \/ Yoast SEO plugin. -->","yoast_head_json":{"title":"Plan du site \u203a Club de Tir Eurostand","robots":{"index":"index","follow":"follow","max-snippet":"max-snippet:-1","max-image-preview":"max-image-preview:large","max-video-preview":"max-video-preview:-1"},"canonical":"https:\/\/sport.cloud4.sbg.meosis.fr\/refonte-eurostand-lorraine\/sitemap.html","og_locale":"fr_FR","og_type":"article","og_title":"Plan du site \u203a Club de Tir Eurostand","og_url":"https:\/\/sport.cloud4.sbg.meosis.fr\/refonte-eurostand-lorraine\/sitemap.html","og_site_name":"Club de tir Eurostand","article_modified_time":"2017-10-18T12:20:25+00:00","twitter_card":"summary_large_image","schema":{"@context":"https:\/\/schema.org","@graph":[{"@type":"WebPage","@id":"https:\/\/sport.cloud4.sbg.meosis.fr\/refonte-eurostand-lorraine\/sitemap.html","url":"https:\/\/sport.cloud4.sbg.meosis.fr\/refonte-eurostand-lorraine\/sitemap.html","name":"Plan du site \u203a Club de Tir Eurostand","isPartOf":{"@id":"https:\/\/sport.cloud4.sbg.meosis.fr\/refonte-eurostand-lorraine\/#website"},"datePublished":"2017-10-18T12:02:39+00:00","dateModified":"2017-10-18T12:20:25+00:00","breadcrumb":{"@id":"https:\/\/sport.cloud4.sbg.meosis.fr\/refonte-eurostand-lorraine\/sitemap.html#breadcrumb"},"inLanguage":"fr-FR","potentialAction":[{"@type":"ReadAction","target":["https:\/\/sport.cloud4.sbg.meosis.fr\/refonte-eurostand-lorraine\/sitemap.html"]}]},{"@type":"BreadcrumbList","@id":"https:\/\/sport.cloud4.sbg.meosis.fr\/refonte-eurostand-lorraine\/sitemap.html#breadcrumb","itemListElement":[{"@type":"ListItem","position":1,"name":"Club de Tir Eurostand","item":"https:\/\/sport.cloud4.sbg.meosis.fr\/refonte-eurostand-lorraine\/"},{"@type":"ListItem","position":2,"name":"Plan du site"}]},{"@type":"WebSite","@id":"https:\/\/sport.cloud4.sbg.meosis.fr\/refonte-eurostand-lorraine\/#website","url":"https:\/\/sport.cloud4.sbg.meosis.fr\/refonte-eurostand-lorraine\/","name":"Club de tir Eurostand","description":"Club de tir Eurostand : club de tir en Moselle","publisher":{"@id":"https:\/\/sport.cloud4.sbg.meosis.fr\/refonte-eurostand-lorraine\/#organization"},"potentialAction":[{"@type":"SearchAction","target":{"@type":"EntryPoint","urlTemplate":"https:\/\/sport.cloud4.sbg.meosis.fr\/refonte-eurostand-lorraine\/?s={search_term_string}"},"query-input":{"@type":"PropertyValueSpecification","valueRequired":true,"valueName":"search_term_string"}}],"inLanguage":"fr-FR"},{"@type":"Organization","@id":"https:\/\/sport.cloud4.sbg.meosis.fr\/refonte-eurostand-lorraine\/#organization","name":"Club de tir Eurostand","url":"https:\/\/sport.cloud4.sbg.meosis.fr\/refonte-eurostand-lorraine\/","logo":{"@type":"ImageObject","inLanguage":"fr-FR","@id":"https:\/\/sport.cloud4.sbg.meosis.fr\/refonte-eurostand-lorraine\/#\/schema\/logo\/image\/","url":"https:\/\/sport.cloud4.sbg.meosis.fr\/refonte-eurostand-lorraine\/wp-content\/uploads\/sites\/7\/2022\/12\/Logo.png","contentUrl":"https:\/\/sport.cloud4.sbg.meosis.fr\/refonte-eurostand-lorraine\/wp-content\/uploads\/sites\/7\/2022\/12\/Logo.png","width":347,"height":58,"caption":"Club de tir Eurostand"},"image":{"@id":"https:\/\/sport.cloud4.sbg.meosis.fr\/refonte-eurostand-lorraine\/#\/schema\/logo\/image\/"}}]}},"_links":{"self":[{"href":"https:\/\/sport.cloud4.sbg.meosis.fr\/refonte-eurostand-lorraine\/wp-json\/wp\/v2\/pages\/25","targetHints":{"allow":["GET"]}}],"collection":[{"href":"https:\/\/sport.cloud4.sbg.meosis.fr\/refonte-eurostand-lorraine\/wp-json\/wp\/v2\/pages"}],"about":[{"href":"https:\/\/sport.cloud4.sbg.meosis.fr\/refonte-eurostand-lorraine\/wp-json\/wp\/v2\/types\/page"}],"author":[{"embeddable":true,"href":"https:\/\/sport.cloud4.sbg.meosis.fr\/refonte-eurostand-lorraine\/wp-json\/wp\/v2\/users\/1"}],"replies":[{"embeddable":true,"href":"https:\/\/sport.cloud4.sbg.meosis.fr\/refonte-eurostand-lorraine\/wp-json\/wp\/v2\/comments?post=25"}],"version-history":[{"count":0,"href":"https:\/\/sport.cloud4.sbg.meosis.fr\/refonte-eurostand-lorraine\/wp-json\/wp\/v2\/pages\/25\/revisions"}],"wp:attachment":[{"href":"https:\/\/sport.cloud4.sbg.meosis.fr\/refonte-eurostand-lorraine\/wp-json\/wp\/v2\/media?parent=25"}],"curies":[{"name":"wp","href":"https:\/\/api.w.org\/{rel}","templated":true}]}}