{"id":398,"date":"2023-02-01T07:00:32","date_gmt":"2023-02-01T06:00:32","guid":{"rendered":"https:\/\/sport.cloud4.sbg.meosis.fr\/eurostand-lorraine\/?page_id=398"},"modified":"2025-01-23T11:47:05","modified_gmt":"2025-01-23T10:47:05","slug":"horaires-du-bureau","status":"publish","type":"page","link":"https:\/\/sport.cloud4.sbg.meosis.fr\/refonte-eurostand-lorraine\/club\/horaires-du-bureau.html","title":{"rendered":"05\/1 &#8211; Horaires du Bureau"},"content":{"rendered":"<p><strong><span style=\"font-size: 14pt\">Ouverture du bureau pour carnet de tir, achat de cibles et autre..<\/span><\/strong><\/p>\n<p>Ces horaires sont indicatifs, car li\u00e9s \u00e0 la disponibilit\u00e9 des b\u00e9n\u00e9voles qui assurent ces permanences.<\/p>\n<p><span style=\"font-size: 18pt\"><strong>\u00a0<\/strong><\/span><\/p>\n<table style=\"height: 458px;width: 50.8603%\">\n<tbody>\n<tr>\n<td style=\"width: 33.7869%\"><strong><span style=\"font-size: 18pt\">JOUR<\/span><\/strong><span style=\"font-size: 14pt\"><strong><br \/>\n<\/strong><\/span><\/td>\n<td style=\"width: 23.6073%\"><span style=\"font-size: 14pt;color: #000000\"><strong>Matin<br \/>\n<\/strong><\/span><\/td>\n<td style=\"width: 25.032%\">\n<p style=\"text-align: center\"><span style=\"font-size: 14pt;color: #000000\"><strong>Apr\u00e8s-midi<br \/>\n<\/strong><\/span><\/p>\n<p style=\"text-align: center\">Horaire d&rsquo;hiver<\/p>\n<\/td>\n<td style=\"width: 47.5672%\">\n<p style=\"text-align: center\"><strong><span style=\"font-size: 14pt\">Apr\u00e8s-midi<\/span><br \/>\n<\/strong><\/p>\n<p style=\"text-align: center\">Horaire d&rsquo;\u00e9t\u00e9<\/p>\n<p><span style=\"font-size: 14pt;color: #000000\"><strong>\u00a0<\/strong><\/span><\/td>\n<td style=\"width: 146.691%\"><\/td>\n<\/tr>\n<tr>\n<td style=\"width: 33.7869%\"><span style=\"font-size: 14pt\"><strong>Lundi<\/strong><\/span><\/td>\n<td style=\"width: 23.6073%\"><span style=\"font-size: 14pt;color: #ff0000\"><strong>Ferm\u00e9<\/strong><\/span><\/td>\n<td style=\"width: 25.032%\"><span style=\"font-size: 14pt;color: #ff0000\"><strong>Ferm\u00e9<\/strong><\/span><\/td>\n<td style=\"width: 47.5672%\"><strong>Ferm\u00e9<\/strong><\/td>\n<td style=\"width: 146.691%\"><\/td>\n<\/tr>\n<tr>\n<td style=\"width: 33.7869%\"><span style=\"font-size: 14pt\"><strong>Mardi<\/strong><\/span><\/td>\n<td style=\"width: 23.6073%\"><span style=\"font-size: 14pt;color: #ff0000\"><strong>Ferm\u00e9<\/strong><\/span><\/td>\n<td style=\"width: 25.032%\"><span style=\"color: #ff0000;font-size: 14pt\"><strong>Ferm\u00e9<\/strong><\/span><\/td>\n<td style=\"width: 47.5672%\"><strong>Ferm\u00e9<\/strong><\/td>\n<td style=\"width: 146.691%\"><\/td>\n<\/tr>\n<tr>\n<td style=\"width: 33.7869%\"><span style=\"font-size: 14pt\"><strong>Mercredi<\/strong><\/span><\/td>\n<td style=\"width: 23.6073%\"><span style=\"font-size: 14pt;color: #ff0000\"><strong>Ferm\u00e9<\/strong><\/span><\/td>\n<td style=\"width: 25.032%\"><span style=\"font-size: 14pt\"><strong>14h-16h45<\/strong><\/span><\/td>\n<td style=\"width: 47.5672%\"><strong>14h-17h30<\/strong><\/td>\n<td style=\"width: 146.691%\"><\/td>\n<\/tr>\n<tr>\n<td style=\"width: 33.7869%\"><span style=\"font-size: 14pt\"><strong>jeudi<\/strong><\/span><\/td>\n<td style=\"width: 23.6073%\"><span style=\"font-size: 14pt;color: #ff0000\"><strong>Ferm\u00e9<\/strong><\/span><\/td>\n<td style=\"width: 25.032%\"><span style=\"font-size: 14pt\"><strong>14h-16h45<\/strong><\/span><\/td>\n<td style=\"width: 47.5672%\"><strong>14h-17h30<\/strong><\/td>\n<td style=\"width: 146.691%\"><\/td>\n<\/tr>\n<tr>\n<td style=\"width: 33.7869%\"><span style=\"font-size: 14pt\"><strong>Vendredi<\/strong><\/span><\/td>\n<td style=\"width: 23.6073%\"><span style=\"font-size: 14pt;color: #ff0000\"><strong>Ferm\u00e9<\/strong><\/span><\/td>\n<td style=\"width: 25.032%\"><span style=\"font-size: 14pt\"><strong>14h-16h45<\/strong><\/span><\/td>\n<td style=\"width: 47.5672%\"><strong>14h-17h30<\/strong><\/td>\n<td style=\"width: 146.691%\"><\/td>\n<\/tr>\n<tr>\n<td style=\"width: 33.7869%\"><span style=\"font-size: 14pt\"><strong>Samedi<\/strong><\/span><\/td>\n<td style=\"width: 23.6073%\"><strong><span style=\"font-size: 14pt\">10-12h<\/span><\/strong><\/td>\n<td style=\"width: 25.032%\"><span style=\"font-size: 14pt\"><strong>14h-16h45<\/strong><\/span><\/td>\n<td style=\"width: 47.5672%\"><strong>14h-17h30<\/strong><\/td>\n<td style=\"width: 146.691%\"><\/td>\n<\/tr>\n<tr>\n<td style=\"width: 33.7869%\"><span style=\"font-size: 14pt\"><strong>Dimanche<\/strong><\/span><\/td>\n<td style=\"width: 23.6073%\"><span style=\"font-size: 14pt;color: #000000\"><strong>10-12h<\/strong><\/span><\/td>\n<td style=\"width: 25.032%\"><span style=\"font-size: 14pt\"><strong>14h-16h45<\/strong><\/span><\/td>\n<td style=\"width: 47.5672%\"><strong>14h-17h30<\/strong><\/td>\n<td style=\"width: 146.691%\"><\/td>\n<\/tr>\n<\/tbody>\n<\/table>\n<p>&nbsp;<\/p>\n","protected":false},"excerpt":{"rendered":"<p>Ouverture du bureau pour carnet de tir, achat de cibles et autre.. Ces horaires sont indicatifs, car li\u00e9s \u00e0 la disponibilit\u00e9 des b\u00e9n\u00e9voles qui assurent ces permanences. \u00a0 JOUR Matin Apr\u00e8s-midi Horaire d&rsquo;hiver Apr\u00e8s-midi Horaire d&rsquo;\u00e9t\u00e9 \u00a0 Lundi Ferm\u00e9 Ferm\u00e9 Ferm\u00e9 Mardi Ferm\u00e9 Ferm\u00e9 Ferm\u00e9 Mercredi Ferm\u00e9 14h-16h45 14h-17h30 jeudi Ferm\u00e9 14h-16h45 14h-17h30 Vendredi Ferm\u00e9 [&hellip;]<\/p>\n","protected":false},"author":6,"featured_media":0,"parent":158,"menu_order":0,"comment_status":"closed","ping_status":"closed","template":"","meta":{"_acf_changed":false,"_yoast_wpseo_title":"","_yoast_wpseo_metadesc":"","footnotes":""},"class_list":["post-398","page","type-page","status-publish","hentry"],"acf":[],"yoast_head":"<!-- This site is optimized with the Yoast SEO plugin v27.3 - https:\/\/yoast.com\/product\/yoast-seo-wordpress\/ -->\n<title>05\/1 - Horaires du Bureau \u203a Club de Tir Eurostand<\/title>\n<meta name=\"description\" content=\"Ouverture du bureau pour carnet de tir, achat de cibles et autre.. Ces horaires sont indicatifs, car li\u00e9s \u00e0 la disponibilit\u00e9 des b\u00e9n\u00e9voles qui assurent\" \/>\n<meta name=\"robots\" content=\"index, follow, max-snippet:-1, max-image-preview:large, max-video-preview:-1\" \/>\n<link rel=\"canonical\" href=\"https:\/\/sport.cloud4.sbg.meosis.fr\/refonte-eurostand-lorraine\/club\/horaires-du-bureau.html\" \/>\n<meta property=\"og:locale\" content=\"fr_FR\" \/>\n<meta property=\"og:type\" content=\"article\" \/>\n<meta property=\"og:title\" content=\"05\/1 - Horaires du Bureau \u203a Club de Tir Eurostand\" \/>\n<meta property=\"og:description\" content=\"Ouverture du bureau pour carnet de tir, achat de cibles et autre.. Ces horaires sont indicatifs, car li\u00e9s \u00e0 la disponibilit\u00e9 des b\u00e9n\u00e9voles qui assurent\" \/>\n<meta property=\"og:url\" content=\"https:\/\/sport.cloud4.sbg.meosis.fr\/refonte-eurostand-lorraine\/club\/horaires-du-bureau.html\" \/>\n<meta property=\"og:site_name\" content=\"Club de tir Eurostand\" \/>\n<meta property=\"article:modified_time\" content=\"2025-01-23T10:47:05+00:00\" \/>\n<meta name=\"twitter:card\" content=\"summary_large_image\" \/>\n<script type=\"application\/ld+json\" class=\"yoast-schema-graph\">{\"@context\":\"https:\\\/\\\/schema.org\",\"@graph\":[{\"@type\":\"WebPage\",\"@id\":\"https:\\\/\\\/sport.cloud4.sbg.meosis.fr\\\/refonte-eurostand-lorraine\\\/club\\\/horaires-du-bureau.html\",\"url\":\"https:\\\/\\\/sport.cloud4.sbg.meosis.fr\\\/refonte-eurostand-lorraine\\\/club\\\/horaires-du-bureau.html\",\"name\":\"05\\\/1 - Horaires du Bureau \u203a Club de Tir Eurostand\",\"isPartOf\":{\"@id\":\"https:\\\/\\\/sport.cloud4.sbg.meosis.fr\\\/refonte-eurostand-lorraine\\\/#website\"},\"datePublished\":\"2023-02-01T06:00:32+00:00\",\"dateModified\":\"2025-01-23T10:47:05+00:00\",\"description\":\"Ouverture du bureau pour carnet de tir, achat de cibles et autre.. Ces horaires sont indicatifs, car li\u00e9s \u00e0 la disponibilit\u00e9 des b\u00e9n\u00e9voles qui assurent\",\"breadcrumb\":{\"@id\":\"https:\\\/\\\/sport.cloud4.sbg.meosis.fr\\\/refonte-eurostand-lorraine\\\/club\\\/horaires-du-bureau.html#breadcrumb\"},\"inLanguage\":\"fr-FR\",\"potentialAction\":[{\"@type\":\"ReadAction\",\"target\":[\"https:\\\/\\\/sport.cloud4.sbg.meosis.fr\\\/refonte-eurostand-lorraine\\\/club\\\/horaires-du-bureau.html\"]}]},{\"@type\":\"BreadcrumbList\",\"@id\":\"https:\\\/\\\/sport.cloud4.sbg.meosis.fr\\\/refonte-eurostand-lorraine\\\/club\\\/horaires-du-bureau.html#breadcrumb\",\"itemListElement\":[{\"@type\":\"ListItem\",\"position\":1,\"name\":\"Club de Tir Eurostand\",\"item\":\"https:\\\/\\\/sport.cloud4.sbg.meosis.fr\\\/refonte-eurostand-lorraine\\\/\"},{\"@type\":\"ListItem\",\"position\":2,\"name\":\"Club\",\"item\":\"https:\\\/\\\/sport.cloud4.sbg.meosis.fr\\\/refonte-eurostand-lorraine\\\/club.html\"},{\"@type\":\"ListItem\",\"position\":3,\"name\":\"05\\\/1 &#8211; Horaires du Bureau\"}]},{\"@type\":\"WebSite\",\"@id\":\"https:\\\/\\\/sport.cloud4.sbg.meosis.fr\\\/refonte-eurostand-lorraine\\\/#website\",\"url\":\"https:\\\/\\\/sport.cloud4.sbg.meosis.fr\\\/refonte-eurostand-lorraine\\\/\",\"name\":\"Club de tir Eurostand\",\"description\":\"Club de tir Eurostand : club de tir en Moselle\",\"publisher\":{\"@id\":\"https:\\\/\\\/sport.cloud4.sbg.meosis.fr\\\/refonte-eurostand-lorraine\\\/#organization\"},\"potentialAction\":[{\"@type\":\"SearchAction\",\"target\":{\"@type\":\"EntryPoint\",\"urlTemplate\":\"https:\\\/\\\/sport.cloud4.sbg.meosis.fr\\\/refonte-eurostand-lorraine\\\/?s={search_term_string}\"},\"query-input\":{\"@type\":\"PropertyValueSpecification\",\"valueRequired\":true,\"valueName\":\"search_term_string\"}}],\"inLanguage\":\"fr-FR\"},{\"@type\":\"Organization\",\"@id\":\"https:\\\/\\\/sport.cloud4.sbg.meosis.fr\\\/refonte-eurostand-lorraine\\\/#organization\",\"name\":\"Club de tir Eurostand\",\"url\":\"https:\\\/\\\/sport.cloud4.sbg.meosis.fr\\\/refonte-eurostand-lorraine\\\/\",\"logo\":{\"@type\":\"ImageObject\",\"inLanguage\":\"fr-FR\",\"@id\":\"https:\\\/\\\/sport.cloud4.sbg.meosis.fr\\\/refonte-eurostand-lorraine\\\/#\\\/schema\\\/logo\\\/image\\\/\",\"url\":\"https:\\\/\\\/sport.cloud4.sbg.meosis.fr\\\/refonte-eurostand-lorraine\\\/wp-content\\\/uploads\\\/sites\\\/7\\\/2022\\\/12\\\/Logo.png\",\"contentUrl\":\"https:\\\/\\\/sport.cloud4.sbg.meosis.fr\\\/refonte-eurostand-lorraine\\\/wp-content\\\/uploads\\\/sites\\\/7\\\/2022\\\/12\\\/Logo.png\",\"width\":347,\"height\":58,\"caption\":\"Club de tir Eurostand\"},\"image\":{\"@id\":\"https:\\\/\\\/sport.cloud4.sbg.meosis.fr\\\/refonte-eurostand-lorraine\\\/#\\\/schema\\\/logo\\\/image\\\/\"}}]}<\/script>\n<!-- \/ Yoast SEO plugin. -->","yoast_head_json":{"title":"05\/1 - Horaires du Bureau \u203a Club de Tir Eurostand","description":"Ouverture du bureau pour carnet de tir, achat de cibles et autre.. Ces horaires sont indicatifs, car li\u00e9s \u00e0 la disponibilit\u00e9 des b\u00e9n\u00e9voles qui assurent","robots":{"index":"index","follow":"follow","max-snippet":"max-snippet:-1","max-image-preview":"max-image-preview:large","max-video-preview":"max-video-preview:-1"},"canonical":"https:\/\/sport.cloud4.sbg.meosis.fr\/refonte-eurostand-lorraine\/club\/horaires-du-bureau.html","og_locale":"fr_FR","og_type":"article","og_title":"05\/1 - Horaires du Bureau \u203a Club de Tir Eurostand","og_description":"Ouverture du bureau pour carnet de tir, achat de cibles et autre.. Ces horaires sont indicatifs, car li\u00e9s \u00e0 la disponibilit\u00e9 des b\u00e9n\u00e9voles qui assurent","og_url":"https:\/\/sport.cloud4.sbg.meosis.fr\/refonte-eurostand-lorraine\/club\/horaires-du-bureau.html","og_site_name":"Club de tir Eurostand","article_modified_time":"2025-01-23T10:47:05+00:00","twitter_card":"summary_large_image","schema":{"@context":"https:\/\/schema.org","@graph":[{"@type":"WebPage","@id":"https:\/\/sport.cloud4.sbg.meosis.fr\/refonte-eurostand-lorraine\/club\/horaires-du-bureau.html","url":"https:\/\/sport.cloud4.sbg.meosis.fr\/refonte-eurostand-lorraine\/club\/horaires-du-bureau.html","name":"05\/1 - Horaires du Bureau \u203a Club de Tir Eurostand","isPartOf":{"@id":"https:\/\/sport.cloud4.sbg.meosis.fr\/refonte-eurostand-lorraine\/#website"},"datePublished":"2023-02-01T06:00:32+00:00","dateModified":"2025-01-23T10:47:05+00:00","description":"Ouverture du bureau pour carnet de tir, achat de cibles et autre.. Ces horaires sont indicatifs, car li\u00e9s \u00e0 la disponibilit\u00e9 des b\u00e9n\u00e9voles qui assurent","breadcrumb":{"@id":"https:\/\/sport.cloud4.sbg.meosis.fr\/refonte-eurostand-lorraine\/club\/horaires-du-bureau.html#breadcrumb"},"inLanguage":"fr-FR","potentialAction":[{"@type":"ReadAction","target":["https:\/\/sport.cloud4.sbg.meosis.fr\/refonte-eurostand-lorraine\/club\/horaires-du-bureau.html"]}]},{"@type":"BreadcrumbList","@id":"https:\/\/sport.cloud4.sbg.meosis.fr\/refonte-eurostand-lorraine\/club\/horaires-du-bureau.html#breadcrumb","itemListElement":[{"@type":"ListItem","position":1,"name":"Club de Tir Eurostand","item":"https:\/\/sport.cloud4.sbg.meosis.fr\/refonte-eurostand-lorraine\/"},{"@type":"ListItem","position":2,"name":"Club","item":"https:\/\/sport.cloud4.sbg.meosis.fr\/refonte-eurostand-lorraine\/club.html"},{"@type":"ListItem","position":3,"name":"05\/1 &#8211; Horaires du Bureau"}]},{"@type":"WebSite","@id":"https:\/\/sport.cloud4.sbg.meosis.fr\/refonte-eurostand-lorraine\/#website","url":"https:\/\/sport.cloud4.sbg.meosis.fr\/refonte-eurostand-lorraine\/","name":"Club de tir Eurostand","description":"Club de tir Eurostand : club de tir en Moselle","publisher":{"@id":"https:\/\/sport.cloud4.sbg.meosis.fr\/refonte-eurostand-lorraine\/#organization"},"potentialAction":[{"@type":"SearchAction","target":{"@type":"EntryPoint","urlTemplate":"https:\/\/sport.cloud4.sbg.meosis.fr\/refonte-eurostand-lorraine\/?s={search_term_string}"},"query-input":{"@type":"PropertyValueSpecification","valueRequired":true,"valueName":"search_term_string"}}],"inLanguage":"fr-FR"},{"@type":"Organization","@id":"https:\/\/sport.cloud4.sbg.meosis.fr\/refonte-eurostand-lorraine\/#organization","name":"Club de tir Eurostand","url":"https:\/\/sport.cloud4.sbg.meosis.fr\/refonte-eurostand-lorraine\/","logo":{"@type":"ImageObject","inLanguage":"fr-FR","@id":"https:\/\/sport.cloud4.sbg.meosis.fr\/refonte-eurostand-lorraine\/#\/schema\/logo\/image\/","url":"https:\/\/sport.cloud4.sbg.meosis.fr\/refonte-eurostand-lorraine\/wp-content\/uploads\/sites\/7\/2022\/12\/Logo.png","contentUrl":"https:\/\/sport.cloud4.sbg.meosis.fr\/refonte-eurostand-lorraine\/wp-content\/uploads\/sites\/7\/2022\/12\/Logo.png","width":347,"height":58,"caption":"Club de tir Eurostand"},"image":{"@id":"https:\/\/sport.cloud4.sbg.meosis.fr\/refonte-eurostand-lorraine\/#\/schema\/logo\/image\/"}}]}},"_links":{"self":[{"href":"https:\/\/sport.cloud4.sbg.meosis.fr\/refonte-eurostand-lorraine\/wp-json\/wp\/v2\/pages\/398","targetHints":{"allow":["GET"]}}],"collection":[{"href":"https:\/\/sport.cloud4.sbg.meosis.fr\/refonte-eurostand-lorraine\/wp-json\/wp\/v2\/pages"}],"about":[{"href":"https:\/\/sport.cloud4.sbg.meosis.fr\/refonte-eurostand-lorraine\/wp-json\/wp\/v2\/types\/page"}],"author":[{"embeddable":true,"href":"https:\/\/sport.cloud4.sbg.meosis.fr\/refonte-eurostand-lorraine\/wp-json\/wp\/v2\/users\/6"}],"replies":[{"embeddable":true,"href":"https:\/\/sport.cloud4.sbg.meosis.fr\/refonte-eurostand-lorraine\/wp-json\/wp\/v2\/comments?post=398"}],"version-history":[{"count":6,"href":"https:\/\/sport.cloud4.sbg.meosis.fr\/refonte-eurostand-lorraine\/wp-json\/wp\/v2\/pages\/398\/revisions"}],"predecessor-version":[{"id":24079,"href":"https:\/\/sport.cloud4.sbg.meosis.fr\/refonte-eurostand-lorraine\/wp-json\/wp\/v2\/pages\/398\/revisions\/24079"}],"up":[{"embeddable":true,"href":"https:\/\/sport.cloud4.sbg.meosis.fr\/refonte-eurostand-lorraine\/wp-json\/wp\/v2\/pages\/158"}],"wp:attachment":[{"href":"https:\/\/sport.cloud4.sbg.meosis.fr\/refonte-eurostand-lorraine\/wp-json\/wp\/v2\/media?parent=398"}],"curies":[{"name":"wp","href":"https:\/\/api.w.org\/{rel}","templated":true}]}}