{"id":5250,"date":"2023-02-01T13:00:54","date_gmt":"2023-02-01T12:00:54","guid":{"rendered":"https:\/\/sport.cloud4.sbg.meosis.fr\/refonte-eurostand-lorraine\/?page_id=5250"},"modified":"2023-10-29T17:44:08","modified_gmt":"2023-10-29T16:44:08","slug":"14-comite-s-t-e-l-au-04-10-2020","status":"publish","type":"page","link":"https:\/\/sport.cloud4.sbg.meosis.fr\/refonte-eurostand-lorraine\/club\/14-comite-s-t-e-l-au-04-10-2020.html","title":{"rendered":"14 &#8211; Comit\u00e9 S.T.E.L. au 04\/10\/2020"},"content":{"rendered":"<table style=\"width: 54.221%;height: 452px\" width=\"1040\">\n<tbody>\n<tr style=\"height: 92px\">\n<td style=\"width: 4.11211%;height: 92px\" width=\"38\">&nbsp;<\/p>\n<p>N\u00b0<\/td>\n<td style=\"width: 13.0519%;height: 92px\" width=\"94\">&nbsp;<\/p>\n<p>Fonction<\/td>\n<td style=\"width: 125.757%;height: 92px\" width=\"160\">&nbsp;<\/p>\n<p>Nom &amp; Pr\u00e9nom<\/td>\n<\/tr>\n<tr style=\"height: 24px\">\n<td style=\"width: 4.11211%;height: 24px\" width=\"38\">1<\/td>\n<td style=\"width: 13.0519%;height: 24px\" width=\"94\">Pr\u00e9sident<\/td>\n<td style=\"width: 125.757%;height: 24px\" width=\"160\">MENGIS Jacques<\/td>\n<\/tr>\n<tr style=\"height: 24px\">\n<td style=\"width: 4.11211%;height: 24px\" width=\"38\">2<\/td>\n<td style=\"width: 13.0519%;height: 24px\" width=\"94\">Secr\u00e9taire<\/td>\n<td style=\"width: 125.757%;height: 24px\" width=\"160\">SOPPELSA Adrien<\/td>\n<\/tr>\n<tr style=\"height: 24px\">\n<td style=\"width: 4.11211%;height: 24px\" width=\"38\">3<\/td>\n<td style=\"width: 13.0519%;height: 24px\" width=\"94\">Tr\u00e9sorier<\/td>\n<td style=\"width: 125.757%;height: 24px\" width=\"160\">LENDORMI Monique<\/td>\n<\/tr>\n<tr style=\"height: 48px\">\n<td style=\"width: 4.11211%;height: 48px\" width=\"38\">4<\/td>\n<td style=\"width: 13.0519%;height: 48px\" width=\"94\">Vice Pr\u00e9sident<\/td>\n<td style=\"width: 125.757%;height: 48px\" width=\"160\">GODEFROID G\u00e9rard<\/td>\n<\/tr>\n<tr style=\"height: 48px\">\n<td style=\"width: 4.11211%;height: 48px\" width=\"38\">5<\/td>\n<td style=\"width: 13.0519%;height: 48px\" width=\"94\">Vice Pr\u00e9sident<\/td>\n<td style=\"width: 125.757%;height: 48px\" width=\"160\">LUCIANI Fran\u00e7ois<\/td>\n<\/tr>\n<tr style=\"height: 24px\">\n<td style=\"width: 4.11211%;height: 24px\" width=\"38\">6<\/td>\n<td style=\"width: 13.0519%;height: 24px\" width=\"94\">Assesseur<\/td>\n<td style=\"width: 125.757%;height: 24px\" width=\"160\">BRUDER Andy<\/td>\n<\/tr>\n<tr style=\"height: 24px\">\n<td style=\"width: 4.11211%;height: 24px\" width=\"38\">7<\/td>\n<td style=\"width: 13.0519%;height: 24px\" width=\"94\">Assesseur<\/td>\n<td style=\"width: 125.757%;height: 24px\" width=\"160\">CODATO Jean-Marc<\/td>\n<\/tr>\n<tr style=\"height: 24px\">\n<td style=\"width: 4.11211%;height: 24px\" width=\"38\">8<\/td>\n<td style=\"width: 13.0519%;height: 24px\" width=\"94\">Assesseur<\/td>\n<td style=\"width: 125.757%;height: 24px\" width=\"160\">CORADI Dominique<\/td>\n<\/tr>\n<tr style=\"height: 24px\">\n<td style=\"width: 4.11211%;height: 24px\" width=\"38\">9<\/td>\n<td style=\"width: 13.0519%;height: 24px\" width=\"94\">Assesseur<\/td>\n<td style=\"width: 125.757%;height: 24px\" width=\"160\">DOSDA Serge<\/td>\n<\/tr>\n<tr style=\"height: 24px\">\n<td style=\"width: 4.11211%;height: 24px\" width=\"38\">10<\/td>\n<td style=\"width: 13.0519%;height: 24px\" width=\"94\">Assesseur<\/td>\n<td style=\"width: 125.757%;height: 24px\" width=\"160\">JESSE Andr\u00e9<\/td>\n<\/tr>\n<tr style=\"height: 24px\">\n<td style=\"width: 4.11211%;height: 24px\" width=\"38\">11<\/td>\n<td style=\"width: 13.0519%;height: 24px\" width=\"94\">Assesseur<\/td>\n<td style=\"width: 125.757%;height: 24px\" width=\"160\">MATT Benjamin<\/td>\n<\/tr>\n<tr style=\"height: 24px\">\n<td style=\"width: 4.11211%;height: 24px\" width=\"38\">12<\/td>\n<td style=\"width: 13.0519%;height: 24px\" width=\"94\">Assesseur<\/td>\n<td style=\"width: 125.757%;height: 24px\" width=\"160\">MENDES Marco<\/td>\n<\/tr>\n<tr style=\"height: 24px\">\n<td style=\"width: 4.11211%;height: 24px\" width=\"38\">13<\/td>\n<td style=\"width: 13.0519%;height: 24px\" width=\"94\">Assesseur<\/td>\n<td style=\"width: 125.757%;height: 24px\" width=\"160\">MULLER Philippe<\/td>\n<\/tr>\n<\/tbody>\n<\/table>\n","protected":false},"excerpt":{"rendered":"<p>&nbsp; N\u00b0 &nbsp; Fonction &nbsp; Nom &amp; Pr\u00e9nom 1 Pr\u00e9sident MENGIS Jacques 2 Secr\u00e9taire SOPPELSA Adrien 3 Tr\u00e9sorier LENDORMI Monique 4 Vice Pr\u00e9sident GODEFROID G\u00e9rard 5 Vice Pr\u00e9sident LUCIANI Fran\u00e7ois 6 Assesseur BRUDER Andy 7 Assesseur CODATO Jean-Marc 8 Assesseur CORADI Dominique 9 Assesseur DOSDA Serge 10 Assesseur JESSE Andr\u00e9 11 Assesseur MATT Benjamin 12 [&hellip;]<\/p>\n","protected":false},"author":6,"featured_media":0,"parent":158,"menu_order":0,"comment_status":"closed","ping_status":"closed","template":"","meta":{"_acf_changed":false,"_yoast_wpseo_title":"","_yoast_wpseo_metadesc":"","footnotes":""},"class_list":["post-5250","page","type-page","status-publish","hentry"],"acf":[],"yoast_head":"<!-- This site is optimized with the Yoast SEO plugin v27.3 - https:\/\/yoast.com\/product\/yoast-seo-wordpress\/ -->\n<title>14 - Comit\u00e9 S.T.E.L. au 04\/10\/2020 \u203a Club de Tir Eurostand<\/title>\n<meta name=\"description\" content=\"&nbsp; N\u00b0 &nbsp; Fonction &nbsp; Nom &amp; Pr\u00e9nom 1 Pr\u00e9sident MENGIS Jacques 2 Secr\u00e9taire SOPPELSA Adrien 3 Tr\u00e9sorier LENDORMI Monique 4 Vice Pr\u00e9sident\" \/>\n<meta name=\"robots\" content=\"index, follow, max-snippet:-1, max-image-preview:large, max-video-preview:-1\" \/>\n<link rel=\"canonical\" href=\"https:\/\/sport.cloud4.sbg.meosis.fr\/refonte-eurostand-lorraine\/club\/14-comite-s-t-e-l-au-04-10-2020.html\" \/>\n<meta property=\"og:locale\" content=\"fr_FR\" \/>\n<meta property=\"og:type\" content=\"article\" \/>\n<meta property=\"og:title\" content=\"14 - Comit\u00e9 S.T.E.L. au 04\/10\/2020 \u203a Club de Tir Eurostand\" \/>\n<meta property=\"og:description\" content=\"&nbsp; N\u00b0 &nbsp; Fonction &nbsp; Nom &amp; Pr\u00e9nom 1 Pr\u00e9sident MENGIS Jacques 2 Secr\u00e9taire SOPPELSA Adrien 3 Tr\u00e9sorier LENDORMI Monique 4 Vice Pr\u00e9sident\" \/>\n<meta property=\"og:url\" content=\"https:\/\/sport.cloud4.sbg.meosis.fr\/refonte-eurostand-lorraine\/club\/14-comite-s-t-e-l-au-04-10-2020.html\" \/>\n<meta property=\"og:site_name\" content=\"Club de tir Eurostand\" \/>\n<meta property=\"article:modified_time\" content=\"2023-10-29T16:44:08+00:00\" \/>\n<meta name=\"twitter:card\" content=\"summary_large_image\" \/>\n<script type=\"application\/ld+json\" class=\"yoast-schema-graph\">{\"@context\":\"https:\\\/\\\/schema.org\",\"@graph\":[{\"@type\":\"WebPage\",\"@id\":\"https:\\\/\\\/sport.cloud4.sbg.meosis.fr\\\/refonte-eurostand-lorraine\\\/club\\\/14-comite-s-t-e-l-au-04-10-2020.html\",\"url\":\"https:\\\/\\\/sport.cloud4.sbg.meosis.fr\\\/refonte-eurostand-lorraine\\\/club\\\/14-comite-s-t-e-l-au-04-10-2020.html\",\"name\":\"14 - Comit\u00e9 S.T.E.L. au 04\\\/10\\\/2020 \u203a Club de Tir Eurostand\",\"isPartOf\":{\"@id\":\"https:\\\/\\\/sport.cloud4.sbg.meosis.fr\\\/refonte-eurostand-lorraine\\\/#website\"},\"datePublished\":\"2023-02-01T12:00:54+00:00\",\"dateModified\":\"2023-10-29T16:44:08+00:00\",\"description\":\"&nbsp; N\u00b0 &nbsp; Fonction &nbsp; Nom &amp; Pr\u00e9nom 1 Pr\u00e9sident MENGIS Jacques 2 Secr\u00e9taire SOPPELSA Adrien 3 Tr\u00e9sorier LENDORMI Monique 4 Vice Pr\u00e9sident\",\"breadcrumb\":{\"@id\":\"https:\\\/\\\/sport.cloud4.sbg.meosis.fr\\\/refonte-eurostand-lorraine\\\/club\\\/14-comite-s-t-e-l-au-04-10-2020.html#breadcrumb\"},\"inLanguage\":\"fr-FR\",\"potentialAction\":[{\"@type\":\"ReadAction\",\"target\":[\"https:\\\/\\\/sport.cloud4.sbg.meosis.fr\\\/refonte-eurostand-lorraine\\\/club\\\/14-comite-s-t-e-l-au-04-10-2020.html\"]}]},{\"@type\":\"BreadcrumbList\",\"@id\":\"https:\\\/\\\/sport.cloud4.sbg.meosis.fr\\\/refonte-eurostand-lorraine\\\/club\\\/14-comite-s-t-e-l-au-04-10-2020.html#breadcrumb\",\"itemListElement\":[{\"@type\":\"ListItem\",\"position\":1,\"name\":\"Club de Tir Eurostand\",\"item\":\"https:\\\/\\\/sport.cloud4.sbg.meosis.fr\\\/refonte-eurostand-lorraine\\\/\"},{\"@type\":\"ListItem\",\"position\":2,\"name\":\"Club\",\"item\":\"https:\\\/\\\/sport.cloud4.sbg.meosis.fr\\\/refonte-eurostand-lorraine\\\/club.html\"},{\"@type\":\"ListItem\",\"position\":3,\"name\":\"14 &#8211; Comit\u00e9 S.T.E.L. au 04\\\/10\\\/2020\"}]},{\"@type\":\"WebSite\",\"@id\":\"https:\\\/\\\/sport.cloud4.sbg.meosis.fr\\\/refonte-eurostand-lorraine\\\/#website\",\"url\":\"https:\\\/\\\/sport.cloud4.sbg.meosis.fr\\\/refonte-eurostand-lorraine\\\/\",\"name\":\"Club de tir Eurostand\",\"description\":\"Club de tir Eurostand : club de tir en Moselle\",\"publisher\":{\"@id\":\"https:\\\/\\\/sport.cloud4.sbg.meosis.fr\\\/refonte-eurostand-lorraine\\\/#organization\"},\"potentialAction\":[{\"@type\":\"SearchAction\",\"target\":{\"@type\":\"EntryPoint\",\"urlTemplate\":\"https:\\\/\\\/sport.cloud4.sbg.meosis.fr\\\/refonte-eurostand-lorraine\\\/?s={search_term_string}\"},\"query-input\":{\"@type\":\"PropertyValueSpecification\",\"valueRequired\":true,\"valueName\":\"search_term_string\"}}],\"inLanguage\":\"fr-FR\"},{\"@type\":\"Organization\",\"@id\":\"https:\\\/\\\/sport.cloud4.sbg.meosis.fr\\\/refonte-eurostand-lorraine\\\/#organization\",\"name\":\"Club de tir Eurostand\",\"url\":\"https:\\\/\\\/sport.cloud4.sbg.meosis.fr\\\/refonte-eurostand-lorraine\\\/\",\"logo\":{\"@type\":\"ImageObject\",\"inLanguage\":\"fr-FR\",\"@id\":\"https:\\\/\\\/sport.cloud4.sbg.meosis.fr\\\/refonte-eurostand-lorraine\\\/#\\\/schema\\\/logo\\\/image\\\/\",\"url\":\"https:\\\/\\\/sport.cloud4.sbg.meosis.fr\\\/refonte-eurostand-lorraine\\\/wp-content\\\/uploads\\\/sites\\\/7\\\/2022\\\/12\\\/Logo.png\",\"contentUrl\":\"https:\\\/\\\/sport.cloud4.sbg.meosis.fr\\\/refonte-eurostand-lorraine\\\/wp-content\\\/uploads\\\/sites\\\/7\\\/2022\\\/12\\\/Logo.png\",\"width\":347,\"height\":58,\"caption\":\"Club de tir Eurostand\"},\"image\":{\"@id\":\"https:\\\/\\\/sport.cloud4.sbg.meosis.fr\\\/refonte-eurostand-lorraine\\\/#\\\/schema\\\/logo\\\/image\\\/\"}}]}<\/script>\n<!-- \/ Yoast SEO plugin. -->","yoast_head_json":{"title":"14 - Comit\u00e9 S.T.E.L. au 04\/10\/2020 \u203a Club de Tir Eurostand","description":"&nbsp; N\u00b0 &nbsp; Fonction &nbsp; Nom &amp; Pr\u00e9nom 1 Pr\u00e9sident MENGIS Jacques 2 Secr\u00e9taire SOPPELSA Adrien 3 Tr\u00e9sorier LENDORMI Monique 4 Vice Pr\u00e9sident","robots":{"index":"index","follow":"follow","max-snippet":"max-snippet:-1","max-image-preview":"max-image-preview:large","max-video-preview":"max-video-preview:-1"},"canonical":"https:\/\/sport.cloud4.sbg.meosis.fr\/refonte-eurostand-lorraine\/club\/14-comite-s-t-e-l-au-04-10-2020.html","og_locale":"fr_FR","og_type":"article","og_title":"14 - Comit\u00e9 S.T.E.L. au 04\/10\/2020 \u203a Club de Tir Eurostand","og_description":"&nbsp; N\u00b0 &nbsp; Fonction &nbsp; Nom &amp; Pr\u00e9nom 1 Pr\u00e9sident MENGIS Jacques 2 Secr\u00e9taire SOPPELSA Adrien 3 Tr\u00e9sorier LENDORMI Monique 4 Vice Pr\u00e9sident","og_url":"https:\/\/sport.cloud4.sbg.meosis.fr\/refonte-eurostand-lorraine\/club\/14-comite-s-t-e-l-au-04-10-2020.html","og_site_name":"Club de tir Eurostand","article_modified_time":"2023-10-29T16:44:08+00:00","twitter_card":"summary_large_image","schema":{"@context":"https:\/\/schema.org","@graph":[{"@type":"WebPage","@id":"https:\/\/sport.cloud4.sbg.meosis.fr\/refonte-eurostand-lorraine\/club\/14-comite-s-t-e-l-au-04-10-2020.html","url":"https:\/\/sport.cloud4.sbg.meosis.fr\/refonte-eurostand-lorraine\/club\/14-comite-s-t-e-l-au-04-10-2020.html","name":"14 - Comit\u00e9 S.T.E.L. au 04\/10\/2020 \u203a Club de Tir Eurostand","isPartOf":{"@id":"https:\/\/sport.cloud4.sbg.meosis.fr\/refonte-eurostand-lorraine\/#website"},"datePublished":"2023-02-01T12:00:54+00:00","dateModified":"2023-10-29T16:44:08+00:00","description":"&nbsp; N\u00b0 &nbsp; Fonction &nbsp; Nom &amp; Pr\u00e9nom 1 Pr\u00e9sident MENGIS Jacques 2 Secr\u00e9taire SOPPELSA Adrien 3 Tr\u00e9sorier LENDORMI Monique 4 Vice Pr\u00e9sident","breadcrumb":{"@id":"https:\/\/sport.cloud4.sbg.meosis.fr\/refonte-eurostand-lorraine\/club\/14-comite-s-t-e-l-au-04-10-2020.html#breadcrumb"},"inLanguage":"fr-FR","potentialAction":[{"@type":"ReadAction","target":["https:\/\/sport.cloud4.sbg.meosis.fr\/refonte-eurostand-lorraine\/club\/14-comite-s-t-e-l-au-04-10-2020.html"]}]},{"@type":"BreadcrumbList","@id":"https:\/\/sport.cloud4.sbg.meosis.fr\/refonte-eurostand-lorraine\/club\/14-comite-s-t-e-l-au-04-10-2020.html#breadcrumb","itemListElement":[{"@type":"ListItem","position":1,"name":"Club de Tir Eurostand","item":"https:\/\/sport.cloud4.sbg.meosis.fr\/refonte-eurostand-lorraine\/"},{"@type":"ListItem","position":2,"name":"Club","item":"https:\/\/sport.cloud4.sbg.meosis.fr\/refonte-eurostand-lorraine\/club.html"},{"@type":"ListItem","position":3,"name":"14 &#8211; Comit\u00e9 S.T.E.L. au 04\/10\/2020"}]},{"@type":"WebSite","@id":"https:\/\/sport.cloud4.sbg.meosis.fr\/refonte-eurostand-lorraine\/#website","url":"https:\/\/sport.cloud4.sbg.meosis.fr\/refonte-eurostand-lorraine\/","name":"Club de tir Eurostand","description":"Club de tir Eurostand : club de tir en Moselle","publisher":{"@id":"https:\/\/sport.cloud4.sbg.meosis.fr\/refonte-eurostand-lorraine\/#organization"},"potentialAction":[{"@type":"SearchAction","target":{"@type":"EntryPoint","urlTemplate":"https:\/\/sport.cloud4.sbg.meosis.fr\/refonte-eurostand-lorraine\/?s={search_term_string}"},"query-input":{"@type":"PropertyValueSpecification","valueRequired":true,"valueName":"search_term_string"}}],"inLanguage":"fr-FR"},{"@type":"Organization","@id":"https:\/\/sport.cloud4.sbg.meosis.fr\/refonte-eurostand-lorraine\/#organization","name":"Club de tir Eurostand","url":"https:\/\/sport.cloud4.sbg.meosis.fr\/refonte-eurostand-lorraine\/","logo":{"@type":"ImageObject","inLanguage":"fr-FR","@id":"https:\/\/sport.cloud4.sbg.meosis.fr\/refonte-eurostand-lorraine\/#\/schema\/logo\/image\/","url":"https:\/\/sport.cloud4.sbg.meosis.fr\/refonte-eurostand-lorraine\/wp-content\/uploads\/sites\/7\/2022\/12\/Logo.png","contentUrl":"https:\/\/sport.cloud4.sbg.meosis.fr\/refonte-eurostand-lorraine\/wp-content\/uploads\/sites\/7\/2022\/12\/Logo.png","width":347,"height":58,"caption":"Club de tir Eurostand"},"image":{"@id":"https:\/\/sport.cloud4.sbg.meosis.fr\/refonte-eurostand-lorraine\/#\/schema\/logo\/image\/"}}]}},"_links":{"self":[{"href":"https:\/\/sport.cloud4.sbg.meosis.fr\/refonte-eurostand-lorraine\/wp-json\/wp\/v2\/pages\/5250","targetHints":{"allow":["GET"]}}],"collection":[{"href":"https:\/\/sport.cloud4.sbg.meosis.fr\/refonte-eurostand-lorraine\/wp-json\/wp\/v2\/pages"}],"about":[{"href":"https:\/\/sport.cloud4.sbg.meosis.fr\/refonte-eurostand-lorraine\/wp-json\/wp\/v2\/types\/page"}],"author":[{"embeddable":true,"href":"https:\/\/sport.cloud4.sbg.meosis.fr\/refonte-eurostand-lorraine\/wp-json\/wp\/v2\/users\/6"}],"replies":[{"embeddable":true,"href":"https:\/\/sport.cloud4.sbg.meosis.fr\/refonte-eurostand-lorraine\/wp-json\/wp\/v2\/comments?post=5250"}],"version-history":[{"count":3,"href":"https:\/\/sport.cloud4.sbg.meosis.fr\/refonte-eurostand-lorraine\/wp-json\/wp\/v2\/pages\/5250\/revisions"}],"predecessor-version":[{"id":21052,"href":"https:\/\/sport.cloud4.sbg.meosis.fr\/refonte-eurostand-lorraine\/wp-json\/wp\/v2\/pages\/5250\/revisions\/21052"}],"up":[{"embeddable":true,"href":"https:\/\/sport.cloud4.sbg.meosis.fr\/refonte-eurostand-lorraine\/wp-json\/wp\/v2\/pages\/158"}],"wp:attachment":[{"href":"https:\/\/sport.cloud4.sbg.meosis.fr\/refonte-eurostand-lorraine\/wp-json\/wp\/v2\/media?parent=5250"}],"curies":[{"name":"wp","href":"https:\/\/api.w.org\/{rel}","templated":true}]}}