{"id":9,"date":"2017-10-18T13:58:34","date_gmt":"2017-10-18T11:58:34","guid":{"rendered":"https:\/\/sport.cloud4.sbg.meosis.fr\/eurostand-lorraine\/?page_id=9"},"modified":"2023-02-02T16:32:33","modified_gmt":"2023-02-02T15:32:33","slug":"presentation","status":"publish","type":"page","link":"https:\/\/sport.cloud4.sbg.meosis.fr\/refonte-eurostand-lorraine\/presentation.html","title":{"rendered":"Pr\u00e9sentation de notre club de tir en Lorraine"},"content":{"rendered":"<p>Avant de nous rejoindre, vous voulez en savoir un peu plus sur nous et sur notre historique ? Alors voici quelques informations qui pourront vous renseigner !<\/p>\n<h2>Un bref historique de notre club<\/h2>\n<p>C&rsquo;est \u00e0 partir de 1997 que l&rsquo;endroit ouvre ses portes afin d&rsquo;accueillir la pratique de ce sport en Lorraine, mais aussi dans toute la France et \u00e0 l&rsquo;\u00e9trangler. C&rsquo;est une participation de la Communaut\u00e9 de Communes de Cattenom et Environs (anciennement District de Cattenom), de la Ligue de Lorraine de Tir ainsi que du comit\u00e9 D\u00e9partemental de Tir de Moselle, de la F\u00e9d\u00e9ration Luxembourgeoise de Tir, de six clubs lorrains et 22 clubs luxembourgeois\u00a0 qui \u00e0 largement aid\u00e9 notre club \u00e0 voir le jour.\u00a0 Cet ensemble est d\u00e9di\u00e9 \u00e0 des pratiques tr\u00e8s vari\u00e9es dans le tir et dispose ainsi de nombreux pas et de distances diverses pour satisfaire le plus grand nombre. Ainsi, vous \u00eates certains de trouver un endroit agr\u00e9able et des personnes comp\u00e9tentes pour vous guider le long de cette pratique sportive. Des manifestations sont organis\u00e9es r\u00e9guli\u00e8rement afin de pouvoir mettre les tireurs en comp\u00e9tition et, surtout, d&rsquo;\u00e9prouver ses capacit\u00e9s personnelles.<\/p>\n<p>Pour en savoir plus sur ces manifestations, vous pouvez nous rendre visite <a href=\"https:\/\/www.eurostand-lorraine.fr\/manifestation.html\">personnellement \u00e0 notre club de tir \u00e0 Volmerange les Mines<\/a>\u00a0! Sinon, un coup d\u2019\u0153il dans nos actualit\u00e9s ou sur notre site internet vous permettra de ne rien manquer. C&rsquo;est le moment ou jamais de montrer aux autres ce dont vous \u00eates capables tout en profitant d&rsquo;une super ambiance.<\/p>\n","protected":false},"excerpt":{"rendered":"<p>Avant de nous rejoindre, vous voulez en savoir un peu plus sur nous et sur notre historique ? Alors voici quelques informations qui pourront vous renseigner ! Un bref historique de notre club C&rsquo;est \u00e0 partir de 1997 que l&rsquo;endroit ouvre ses portes afin d&rsquo;accueillir la pratique de ce sport en Lorraine, mais aussi dans [&hellip;]<\/p>\n","protected":false},"author":1,"featured_media":0,"parent":0,"menu_order":0,"comment_status":"closed","ping_status":"closed","template":"","meta":{"_acf_changed":false,"_yoast_wpseo_title":"Club de tir en Lorraine \u203a Apprenez en plus sur Eurostand","_yoast_wpseo_metadesc":"Eurostand se veut \u00eatre un acteur local majeur du tir avec son club de tir en Lorraine. D\u00e9couvrez la soci\u00e9t\u00e9 et ses prestations !","footnotes":""},"class_list":["post-9","page","type-page","status-publish","hentry"],"acf":[],"yoast_head":"<!-- This site is optimized with the Yoast SEO plugin v27.3 - https:\/\/yoast.com\/product\/yoast-seo-wordpress\/ -->\n<title>Club de tir en Lorraine \u203a Apprenez en plus sur Eurostand<\/title>\n<meta name=\"description\" content=\"Eurostand se veut \u00eatre un acteur local majeur du tir avec son club de tir en Lorraine. D\u00e9couvrez la soci\u00e9t\u00e9 et ses prestations !\" \/>\n<meta name=\"robots\" content=\"index, follow, max-snippet:-1, max-image-preview:large, max-video-preview:-1\" \/>\n<link rel=\"canonical\" href=\"https:\/\/sport.cloud4.sbg.meosis.fr\/refonte-eurostand-lorraine\/presentation.html\" \/>\n<meta property=\"og:locale\" content=\"fr_FR\" \/>\n<meta property=\"og:type\" content=\"article\" \/>\n<meta property=\"og:title\" content=\"Club de tir en Lorraine \u203a Apprenez en plus sur Eurostand\" \/>\n<meta property=\"og:description\" content=\"Eurostand se veut \u00eatre un acteur local majeur du tir avec son club de tir en Lorraine. D\u00e9couvrez la soci\u00e9t\u00e9 et ses prestations !\" \/>\n<meta property=\"og:url\" content=\"https:\/\/sport.cloud4.sbg.meosis.fr\/refonte-eurostand-lorraine\/presentation.html\" \/>\n<meta property=\"og:site_name\" content=\"Club de tir Eurostand\" \/>\n<meta property=\"article:modified_time\" content=\"2023-02-02T15:32:33+00:00\" \/>\n<meta name=\"twitter:card\" content=\"summary_large_image\" \/>\n<meta name=\"twitter:label1\" content=\"Dur\u00e9e de lecture estim\u00e9e\" \/>\n\t<meta name=\"twitter:data1\" content=\"2 minutes\" \/>\n<script type=\"application\/ld+json\" class=\"yoast-schema-graph\">{\"@context\":\"https:\\\/\\\/schema.org\",\"@graph\":[{\"@type\":\"WebPage\",\"@id\":\"https:\\\/\\\/sport.cloud4.sbg.meosis.fr\\\/refonte-eurostand-lorraine\\\/presentation.html\",\"url\":\"https:\\\/\\\/sport.cloud4.sbg.meosis.fr\\\/refonte-eurostand-lorraine\\\/presentation.html\",\"name\":\"Club de tir en Lorraine \u203a Apprenez en plus sur Eurostand\",\"isPartOf\":{\"@id\":\"https:\\\/\\\/sport.cloud4.sbg.meosis.fr\\\/refonte-eurostand-lorraine\\\/#website\"},\"datePublished\":\"2017-10-18T11:58:34+00:00\",\"dateModified\":\"2023-02-02T15:32:33+00:00\",\"description\":\"Eurostand se veut \u00eatre un acteur local majeur du tir avec son club de tir en Lorraine. D\u00e9couvrez la soci\u00e9t\u00e9 et ses prestations !\",\"breadcrumb\":{\"@id\":\"https:\\\/\\\/sport.cloud4.sbg.meosis.fr\\\/refonte-eurostand-lorraine\\\/presentation.html#breadcrumb\"},\"inLanguage\":\"fr-FR\",\"potentialAction\":[{\"@type\":\"ReadAction\",\"target\":[\"https:\\\/\\\/sport.cloud4.sbg.meosis.fr\\\/refonte-eurostand-lorraine\\\/presentation.html\"]}]},{\"@type\":\"BreadcrumbList\",\"@id\":\"https:\\\/\\\/sport.cloud4.sbg.meosis.fr\\\/refonte-eurostand-lorraine\\\/presentation.html#breadcrumb\",\"itemListElement\":[{\"@type\":\"ListItem\",\"position\":1,\"name\":\"Club de Tir Eurostand\",\"item\":\"https:\\\/\\\/sport.cloud4.sbg.meosis.fr\\\/refonte-eurostand-lorraine\\\/\"},{\"@type\":\"ListItem\",\"position\":2,\"name\":\"Pr\u00e9sentation de notre club de tir en Lorraine\"}]},{\"@type\":\"WebSite\",\"@id\":\"https:\\\/\\\/sport.cloud4.sbg.meosis.fr\\\/refonte-eurostand-lorraine\\\/#website\",\"url\":\"https:\\\/\\\/sport.cloud4.sbg.meosis.fr\\\/refonte-eurostand-lorraine\\\/\",\"name\":\"Club de tir Eurostand\",\"description\":\"Club de tir Eurostand : club de tir en Moselle\",\"publisher\":{\"@id\":\"https:\\\/\\\/sport.cloud4.sbg.meosis.fr\\\/refonte-eurostand-lorraine\\\/#organization\"},\"potentialAction\":[{\"@type\":\"SearchAction\",\"target\":{\"@type\":\"EntryPoint\",\"urlTemplate\":\"https:\\\/\\\/sport.cloud4.sbg.meosis.fr\\\/refonte-eurostand-lorraine\\\/?s={search_term_string}\"},\"query-input\":{\"@type\":\"PropertyValueSpecification\",\"valueRequired\":true,\"valueName\":\"search_term_string\"}}],\"inLanguage\":\"fr-FR\"},{\"@type\":\"Organization\",\"@id\":\"https:\\\/\\\/sport.cloud4.sbg.meosis.fr\\\/refonte-eurostand-lorraine\\\/#organization\",\"name\":\"Club de tir Eurostand\",\"url\":\"https:\\\/\\\/sport.cloud4.sbg.meosis.fr\\\/refonte-eurostand-lorraine\\\/\",\"logo\":{\"@type\":\"ImageObject\",\"inLanguage\":\"fr-FR\",\"@id\":\"https:\\\/\\\/sport.cloud4.sbg.meosis.fr\\\/refonte-eurostand-lorraine\\\/#\\\/schema\\\/logo\\\/image\\\/\",\"url\":\"https:\\\/\\\/sport.cloud4.sbg.meosis.fr\\\/refonte-eurostand-lorraine\\\/wp-content\\\/uploads\\\/sites\\\/7\\\/2022\\\/12\\\/Logo.png\",\"contentUrl\":\"https:\\\/\\\/sport.cloud4.sbg.meosis.fr\\\/refonte-eurostand-lorraine\\\/wp-content\\\/uploads\\\/sites\\\/7\\\/2022\\\/12\\\/Logo.png\",\"width\":347,\"height\":58,\"caption\":\"Club de tir Eurostand\"},\"image\":{\"@id\":\"https:\\\/\\\/sport.cloud4.sbg.meosis.fr\\\/refonte-eurostand-lorraine\\\/#\\\/schema\\\/logo\\\/image\\\/\"}}]}<\/script>\n<!-- \/ Yoast SEO plugin. -->","yoast_head_json":{"title":"Club de tir en Lorraine \u203a Apprenez en plus sur Eurostand","description":"Eurostand se veut \u00eatre un acteur local majeur du tir avec son club de tir en Lorraine. D\u00e9couvrez la soci\u00e9t\u00e9 et ses prestations !","robots":{"index":"index","follow":"follow","max-snippet":"max-snippet:-1","max-image-preview":"max-image-preview:large","max-video-preview":"max-video-preview:-1"},"canonical":"https:\/\/sport.cloud4.sbg.meosis.fr\/refonte-eurostand-lorraine\/presentation.html","og_locale":"fr_FR","og_type":"article","og_title":"Club de tir en Lorraine \u203a Apprenez en plus sur Eurostand","og_description":"Eurostand se veut \u00eatre un acteur local majeur du tir avec son club de tir en Lorraine. D\u00e9couvrez la soci\u00e9t\u00e9 et ses prestations !","og_url":"https:\/\/sport.cloud4.sbg.meosis.fr\/refonte-eurostand-lorraine\/presentation.html","og_site_name":"Club de tir Eurostand","article_modified_time":"2023-02-02T15:32:33+00:00","twitter_card":"summary_large_image","twitter_misc":{"Dur\u00e9e de lecture estim\u00e9e":"2 minutes"},"schema":{"@context":"https:\/\/schema.org","@graph":[{"@type":"WebPage","@id":"https:\/\/sport.cloud4.sbg.meosis.fr\/refonte-eurostand-lorraine\/presentation.html","url":"https:\/\/sport.cloud4.sbg.meosis.fr\/refonte-eurostand-lorraine\/presentation.html","name":"Club de tir en Lorraine \u203a Apprenez en plus sur Eurostand","isPartOf":{"@id":"https:\/\/sport.cloud4.sbg.meosis.fr\/refonte-eurostand-lorraine\/#website"},"datePublished":"2017-10-18T11:58:34+00:00","dateModified":"2023-02-02T15:32:33+00:00","description":"Eurostand se veut \u00eatre un acteur local majeur du tir avec son club de tir en Lorraine. D\u00e9couvrez la soci\u00e9t\u00e9 et ses prestations !","breadcrumb":{"@id":"https:\/\/sport.cloud4.sbg.meosis.fr\/refonte-eurostand-lorraine\/presentation.html#breadcrumb"},"inLanguage":"fr-FR","potentialAction":[{"@type":"ReadAction","target":["https:\/\/sport.cloud4.sbg.meosis.fr\/refonte-eurostand-lorraine\/presentation.html"]}]},{"@type":"BreadcrumbList","@id":"https:\/\/sport.cloud4.sbg.meosis.fr\/refonte-eurostand-lorraine\/presentation.html#breadcrumb","itemListElement":[{"@type":"ListItem","position":1,"name":"Club de Tir Eurostand","item":"https:\/\/sport.cloud4.sbg.meosis.fr\/refonte-eurostand-lorraine\/"},{"@type":"ListItem","position":2,"name":"Pr\u00e9sentation de notre club de tir en Lorraine"}]},{"@type":"WebSite","@id":"https:\/\/sport.cloud4.sbg.meosis.fr\/refonte-eurostand-lorraine\/#website","url":"https:\/\/sport.cloud4.sbg.meosis.fr\/refonte-eurostand-lorraine\/","name":"Club de tir Eurostand","description":"Club de tir Eurostand : club de tir en Moselle","publisher":{"@id":"https:\/\/sport.cloud4.sbg.meosis.fr\/refonte-eurostand-lorraine\/#organization"},"potentialAction":[{"@type":"SearchAction","target":{"@type":"EntryPoint","urlTemplate":"https:\/\/sport.cloud4.sbg.meosis.fr\/refonte-eurostand-lorraine\/?s={search_term_string}"},"query-input":{"@type":"PropertyValueSpecification","valueRequired":true,"valueName":"search_term_string"}}],"inLanguage":"fr-FR"},{"@type":"Organization","@id":"https:\/\/sport.cloud4.sbg.meosis.fr\/refonte-eurostand-lorraine\/#organization","name":"Club de tir Eurostand","url":"https:\/\/sport.cloud4.sbg.meosis.fr\/refonte-eurostand-lorraine\/","logo":{"@type":"ImageObject","inLanguage":"fr-FR","@id":"https:\/\/sport.cloud4.sbg.meosis.fr\/refonte-eurostand-lorraine\/#\/schema\/logo\/image\/","url":"https:\/\/sport.cloud4.sbg.meosis.fr\/refonte-eurostand-lorraine\/wp-content\/uploads\/sites\/7\/2022\/12\/Logo.png","contentUrl":"https:\/\/sport.cloud4.sbg.meosis.fr\/refonte-eurostand-lorraine\/wp-content\/uploads\/sites\/7\/2022\/12\/Logo.png","width":347,"height":58,"caption":"Club de tir Eurostand"},"image":{"@id":"https:\/\/sport.cloud4.sbg.meosis.fr\/refonte-eurostand-lorraine\/#\/schema\/logo\/image\/"}}]}},"_links":{"self":[{"href":"https:\/\/sport.cloud4.sbg.meosis.fr\/refonte-eurostand-lorraine\/wp-json\/wp\/v2\/pages\/9","targetHints":{"allow":["GET"]}}],"collection":[{"href":"https:\/\/sport.cloud4.sbg.meosis.fr\/refonte-eurostand-lorraine\/wp-json\/wp\/v2\/pages"}],"about":[{"href":"https:\/\/sport.cloud4.sbg.meosis.fr\/refonte-eurostand-lorraine\/wp-json\/wp\/v2\/types\/page"}],"author":[{"embeddable":true,"href":"https:\/\/sport.cloud4.sbg.meosis.fr\/refonte-eurostand-lorraine\/wp-json\/wp\/v2\/users\/1"}],"replies":[{"embeddable":true,"href":"https:\/\/sport.cloud4.sbg.meosis.fr\/refonte-eurostand-lorraine\/wp-json\/wp\/v2\/comments?post=9"}],"version-history":[{"count":3,"href":"https:\/\/sport.cloud4.sbg.meosis.fr\/refonte-eurostand-lorraine\/wp-json\/wp\/v2\/pages\/9\/revisions"}],"predecessor-version":[{"id":18625,"href":"https:\/\/sport.cloud4.sbg.meosis.fr\/refonte-eurostand-lorraine\/wp-json\/wp\/v2\/pages\/9\/revisions\/18625"}],"wp:attachment":[{"href":"https:\/\/sport.cloud4.sbg.meosis.fr\/refonte-eurostand-lorraine\/wp-json\/wp\/v2\/media?parent=9"}],"curies":[{"name":"wp","href":"https:\/\/api.w.org\/{rel}","templated":true}]}}